{"id":100,"date":"2016-02-03T17:18:28","date_gmt":"2016-02-03T16:18:28","guid":{"rendered":"http:\/\/blogsaverroes.juntadeandalucia.es\/ceipalandalus\/?page_id=100"},"modified":"2024-05-07T08:58:15","modified_gmt":"2024-05-07T07:58:15","slug":"escolarizacion","status":"publish","type":"page","link":"https:\/\/blogsaverroes.juntadeandalucia.es\/ceipalandalus\/escolarizacion\/","title":{"rendered":"Escolarizaci\u00f3n"},"content":{"rendered":"<p>Durante todo el mes de marzo permanecer\u00e1 abierto en Andaluc\u00eda el plazo para la presentaci\u00f3n de solicitudes de admisi\u00f3n correspondientes al curso escolar siguiente al actual&nbsp;en la red de centros sostenidos con fondos p\u00fablicos. Se inicia de este modo el proceso de escolarizaci\u00f3n en el que participan todos los ni\u00f1os y ni\u00f1as que se incorporan por primera vez al sistema educativo, tanto en centros p\u00fablicos como privados concertados, as\u00ed como el alumnado que cambie de centro escolar.<\/p>\n<p>Entre los d\u00edas 1 y 31 de marzo, ambos inclusive, deber\u00e1n presentar su solicitud los escolares de segundo ciclo de educaci\u00f3n infantil, educaci\u00f3n primaria, educaci\u00f3n especial, educaci\u00f3n secundaria obligatoria y bachillerato.<\/p>\n<p>Por su parte, el centro publica la relaci\u00f3n de puestos escolares vacantes as\u00ed como la informaci\u00f3n sobre las direcciones catastrales comprendidas en sus zonas de influencia y zonas lim\u00edtrofes. Cuando la oferta de plazas coincida o sea superior a la demanda, los solicitantes ser\u00e1n admitidos y solo en aquellos casos donde no se pueda atender toda la demanda, se proceder\u00e1 a la baremaci\u00f3n de las solicitudes.<\/p>\n<p>La Consejer\u00eda de Educaci\u00f3n tiene abierto un <a href=\"https:\/\/www.juntadeandalucia.es\/educacion\/portales\/web\/escolarizacion\" target=\"_blank\" rel=\"noopener\"><em>Portal de Escolarizaci\u00f3n y Matr\u00edcula<\/em><\/a> en el que se informa a las familias de todo el proceso y permite, a trav\u00e9s de la <em><a href=\"https:\/\/www.juntadeandalucia.es\/educacion\/secretariavirtual\/\" target=\"_blank\" rel=\"noopener\">Secretar\u00eda Virtual<\/a>&nbsp;<\/em>la presentaci\u00f3n telem\u00e1tica de las solicitudes de escolarizaci\u00f3n, al tiempo que publica los resultados del proceso de escolarizaci\u00f3n, permitiendo a las familias conocer el estado de las solicitudes presentadas.<\/p>\n<p>Adem\u00e1s, se ha puesto a disposici\u00f3n de todos los usuarios de smarthphones la&nbsp;aplicaci\u00f3n iEscolariza que permite a las familias el seguimiento de todo el proceso<\/p>\n<table>\n<tbody>\n<tr>\n<td>Descargue la app iEscolariza<\/td>\n<td>Consulte centros y \u00e1reas de influencia<\/td>\n<\/tr>\n<tr>\n<td><a href=\"https:\/\/apps.apple.com\/cr\/app\/iescolariza\/id606516551\" target=\"_blank\" rel=\"noopener\"><img decoding=\"async\" title=\"App Store Banner\" src=\"http:\/\/www.juntadeandalucia.es\/educacion\/portals\/ishare-servlet\/content\/9b0d9e97-8617-4bbf-a014-2cdfdf74383b\" alt=\"App Store Banner\"><\/a>&nbsp;<img loading=\"lazy\" decoding=\"async\" class=\"\" src=\"http:\/\/www.juntadeandalucia.es\/educacion\/portals\/ishare-servlet\/content\/23c0f2b9-0283-458a-91ab-91125f5e4080\" alt=\"\" width=\"89\" height=\"89\">&nbsp;<a href=\"https:\/\/play.google.com\/store\/apps\/details?id=es.juntadeandalucia.ced.escolarizacion\" target=\"_blank\" rel=\"noopener\"><img decoding=\"async\" title=\"Google Play Banner\" src=\"http:\/\/www.juntadeandalucia.es\/educacion\/portals\/ishare-servlet\/content\/5b54ea6f-31a2-47ed-aabf-3538155bfd86\" alt=\"Google Play Banner\"><\/a><\/td>\n<td><a href=\"https:\/\/www.juntadeandalucia.es\/educacion\/educasig\/escolarizacion\/\" target=\"_blank\" rel=\"noopener\"><img decoding=\"async\" title=\"Consultas_areas_puntos_centros (mapa_andalucia2.gif)\" src=\"http:\/\/www.juntadeandalucia.es\/educacion\/portals\/ishare-servlet\/content\/ff398848-4c12-429c-afbd-f71941df6f20\" alt=\"Consultas_areas_puntos_centros (mapa_andalucia2.gif)\"><\/a><\/td>\n<\/tr>\n<\/tbody>\n<\/table>\n<p>Los distintos formularios relacionados con el proceso de escolarizaci\u00f3n se muestran a continuaci\u00f3n<\/p>\n<table>\n<tbody>\n<tr style=\"height: 66px\">\n<td style=\"text-align: left;height: 66px\" colspan=\"2\">\n<h4>PROCESO DE ADMISI\u00d3N<\/h4>\n<\/td>\n<\/tr>\n<tr style=\"height: 44px\">\n<td style=\"text-align: left;height: 44px\"><a href=\"https:\/\/blogsaverroes.juntadeandalucia.es\/ceipalandalus\/files\/2016\/02\/pdf.png\" target=\"_blank\" rel=\"noopener\"><img loading=\"lazy\" decoding=\"async\" class=\"alignnone wp-image-51 \" src=\"https:\/\/blogsaverroes.juntadeandalucia.es\/ceipalandalus\/files\/2016\/02\/pdf-150x150.png\" alt=\"\" width=\"37\" height=\"37\" srcset=\"https:\/\/blogsaverroes.juntadeandalucia.es\/ceipalandalus\/files\/2016\/02\/pdf-150x150.png 150w, https:\/\/blogsaverroes.juntadeandalucia.es\/ceipalandalus\/files\/2016\/02\/pdf-100x100.png 100w, https:\/\/blogsaverroes.juntadeandalucia.es\/ceipalandalus\/files\/2016\/02\/pdf-160x160.png 160w, https:\/\/blogsaverroes.juntadeandalucia.es\/ceipalandalus\/files\/2016\/02\/pdf.png 256w\" sizes=\"(max-width: 37px) 100vw, 37px\" \/><\/a><\/td>\n<td style=\"text-align: left;height: 44px\"><em><a href=\"https:\/\/blogsaverroes.juntadeandalucia.es\/ceipalandalus\/files\/2024\/05\/Escolarizacion-ANEXO-III.pdf\" target=\"_blank\" rel=\"noopener\">ANEXO III. Solicitud de Admisi\u00f3n<\/a>.<\/em><\/td>\n<\/tr>\n<tr style=\"height: 44px\">\n<td style=\"text-align: left;height: 44px\"><a href=\"https:\/\/blogsaverroes.juntadeandalucia.es\/ceipalandalus\/files\/2016\/02\/pdf.png\" target=\"_blank\" rel=\"noopener\"><img loading=\"lazy\" decoding=\"async\" class=\"alignnone wp-image-51 \" src=\"https:\/\/blogsaverroes.juntadeandalucia.es\/ceipalandalus\/files\/2016\/02\/pdf-150x150.png\" alt=\"\" width=\"37\" height=\"37\" srcset=\"https:\/\/blogsaverroes.juntadeandalucia.es\/ceipalandalus\/files\/2016\/02\/pdf-150x150.png 150w, https:\/\/blogsaverroes.juntadeandalucia.es\/ceipalandalus\/files\/2016\/02\/pdf-100x100.png 100w, https:\/\/blogsaverroes.juntadeandalucia.es\/ceipalandalus\/files\/2016\/02\/pdf-160x160.png 160w, https:\/\/blogsaverroes.juntadeandalucia.es\/ceipalandalus\/files\/2016\/02\/pdf.png 256w\" sizes=\"(max-width: 37px) 100vw, 37px\" \/><\/a><\/td>\n<td style=\"text-align: left;height: 44px\"><em><a href=\"https:\/\/blogsaverroes.juntadeandalucia.es\/ceipalandalus\/files\/2024\/05\/Escolarizacion-ANEXO-IX.pdf\" target=\"_blank\" rel=\"noopener\">ANEXO IX. Solicitud de Admisi\u00f3n (Fuera de plazo)<\/a>.<\/em><\/td>\n<\/tr>\n<tr style=\"height: 44px\">\n<td style=\"text-align: left;height: 44px\"><a href=\"https:\/\/blogsaverroes.juntadeandalucia.es\/ceipalandalus\/files\/2016\/02\/pdf.png\" target=\"_blank\" rel=\"noopener\"><img loading=\"lazy\" decoding=\"async\" class=\"alignnone wp-image-51 \" src=\"https:\/\/blogsaverroes.juntadeandalucia.es\/ceipalandalus\/files\/2016\/02\/pdf-150x150.png\" alt=\"\" width=\"37\" height=\"37\" srcset=\"https:\/\/blogsaverroes.juntadeandalucia.es\/ceipalandalus\/files\/2016\/02\/pdf-150x150.png 150w, https:\/\/blogsaverroes.juntadeandalucia.es\/ceipalandalus\/files\/2016\/02\/pdf-100x100.png 100w, https:\/\/blogsaverroes.juntadeandalucia.es\/ceipalandalus\/files\/2016\/02\/pdf-160x160.png 160w, https:\/\/blogsaverroes.juntadeandalucia.es\/ceipalandalus\/files\/2016\/02\/pdf.png 256w\" sizes=\"(max-width: 37px) 100vw, 37px\" \/><\/a><\/td>\n<td style=\"text-align: left;height: 44px\"><em><a href=\"https:\/\/blogsaverroes.juntadeandalucia.es\/ceipalandalus\/files\/2016\/02\/Plano-\u00c1rea-de-Influencia.pdf\">Plano \u00c1rea de Influencia<\/a><\/em><\/td>\n<\/tr>\n<tr style=\"height: 44px\">\n<td style=\"text-align: left;height: 44px\">&nbsp;<\/td>\n<td style=\"text-align: left;height: 44px\"><a href=\"https:\/\/www.juntadeandalucia.es\/educacion\/portales\/web\/escolarizacion\/infantil-a-bachillerato\/calendario\" target=\"_blank\" rel=\"noopener\"><em>Calendario del procedimiento de Escolarizaci\u00f3n<\/em><\/a><\/td>\n<\/tr>\n<tr style=\"height: 66px\">\n<td style=\"text-align: left;height: 66px\" colspan=\"2\">\n<h4>PROCESO DE MATRICULACI\u00d3N<\/h4>\n<\/td>\n<\/tr>\n<tr style=\"height: 44px\">\n<td style=\"text-align: left;height: 44px\"><a href=\"https:\/\/blogsaverroes.juntadeandalucia.es\/ceipalandalus\/files\/2016\/02\/pdf.png\" target=\"_blank\" rel=\"noopener\"><img loading=\"lazy\" decoding=\"async\" class=\"alignnone wp-image-51 \" src=\"https:\/\/blogsaverroes.juntadeandalucia.es\/ceipalandalus\/files\/2016\/02\/pdf-150x150.png\" alt=\"\" width=\"37\" height=\"37\" srcset=\"https:\/\/blogsaverroes.juntadeandalucia.es\/ceipalandalus\/files\/2016\/02\/pdf-150x150.png 150w, https:\/\/blogsaverroes.juntadeandalucia.es\/ceipalandalus\/files\/2016\/02\/pdf-100x100.png 100w, https:\/\/blogsaverroes.juntadeandalucia.es\/ceipalandalus\/files\/2016\/02\/pdf-160x160.png 160w, https:\/\/blogsaverroes.juntadeandalucia.es\/ceipalandalus\/files\/2016\/02\/pdf.png 256w\" sizes=\"(max-width: 37px) 100vw, 37px\" \/><\/a><\/td>\n<td style=\"text-align: left;height: 44px\"><em><a href=\"https:\/\/blogsaverroes.juntadeandalucia.es\/ceipalandalus\/files\/2024\/05\/Matriculacion-ANEXO-IV.pdf\">ANEXO IV. Matr\u00edcula de Educaci\u00f3n Infantil<\/a> <\/em><\/td>\n<\/tr>\n<tr style=\"height: 44px\">\n<td style=\"text-align: left;height: 44px\"><a href=\"https:\/\/blogsaverroes.juntadeandalucia.es\/ceipalandalus\/files\/2016\/02\/pdf.png\" target=\"_blank\" rel=\"noopener\"><img loading=\"lazy\" decoding=\"async\" class=\"alignnone wp-image-51 \" src=\"https:\/\/blogsaverroes.juntadeandalucia.es\/ceipalandalus\/files\/2016\/02\/pdf-150x150.png\" alt=\"\" width=\"37\" height=\"37\" srcset=\"https:\/\/blogsaverroes.juntadeandalucia.es\/ceipalandalus\/files\/2016\/02\/pdf-150x150.png 150w, https:\/\/blogsaverroes.juntadeandalucia.es\/ceipalandalus\/files\/2016\/02\/pdf-100x100.png 100w, https:\/\/blogsaverroes.juntadeandalucia.es\/ceipalandalus\/files\/2016\/02\/pdf-160x160.png 160w, https:\/\/blogsaverroes.juntadeandalucia.es\/ceipalandalus\/files\/2016\/02\/pdf.png 256w\" sizes=\"(max-width: 37px) 100vw, 37px\" \/><\/a><\/td>\n<td style=\"text-align: left;height: 44px\"><em><a href=\"https:\/\/blogsaverroes.juntadeandalucia.es\/ceipalandalus\/files\/2024\/05\/Matriculacion-ANEXO-V.pdf\">ANEXO V. Matr\u00edcula de Educaci\u00f3n Primaria<\/a><\/em><\/td>\n<\/tr>\n<tr style=\"height: 44px\">\n<td style=\"text-align: left;height: 44px\"><a href=\"https:\/\/blogsaverroes.juntadeandalucia.es\/ceipalandalus\/files\/2016\/02\/pdf.png\" target=\"_blank\" rel=\"noopener\"><img loading=\"lazy\" decoding=\"async\" class=\"alignnone wp-image-51 \" src=\"https:\/\/blogsaverroes.juntadeandalucia.es\/ceipalandalus\/files\/2016\/02\/pdf-150x150.png\" alt=\"\" width=\"37\" height=\"37\" srcset=\"https:\/\/blogsaverroes.juntadeandalucia.es\/ceipalandalus\/files\/2016\/02\/pdf-150x150.png 150w, https:\/\/blogsaverroes.juntadeandalucia.es\/ceipalandalus\/files\/2016\/02\/pdf-100x100.png 100w, https:\/\/blogsaverroes.juntadeandalucia.es\/ceipalandalus\/files\/2016\/02\/pdf-160x160.png 160w, https:\/\/blogsaverroes.juntadeandalucia.es\/ceipalandalus\/files\/2016\/02\/pdf.png 256w\" sizes=\"(max-width: 37px) 100vw, 37px\" \/><\/a><\/td>\n<td style=\"text-align: left;height: 44px\"><em><a href=\"https:\/\/blogsaverroes.juntadeandalucia.es\/ceipalandalus\/files\/2024\/05\/Matriculacion-ANEXO-VI.pdf\">ANEXO VI. Matr\u00edcula de Educaci\u00f3n Especial. Aula \u00f3 Unidad Espec\u00edfica<\/a><\/em><\/td>\n<\/tr>\n<tr style=\"height: 44px\">\n<td style=\"text-align: left;height: 44px\"><a href=\"https:\/\/blogsaverroes.juntadeandalucia.es\/ceipalandalus\/files\/2016\/02\/pdf.png\" target=\"_blank\" rel=\"noopener\"><img loading=\"lazy\" decoding=\"async\" class=\"alignnone wp-image-51 \" src=\"https:\/\/blogsaverroes.juntadeandalucia.es\/ceipalandalus\/files\/2016\/02\/pdf-150x150.png\" alt=\"\" width=\"37\" height=\"37\" srcset=\"https:\/\/blogsaverroes.juntadeandalucia.es\/ceipalandalus\/files\/2016\/02\/pdf-150x150.png 150w, https:\/\/blogsaverroes.juntadeandalucia.es\/ceipalandalus\/files\/2016\/02\/pdf-100x100.png 100w, https:\/\/blogsaverroes.juntadeandalucia.es\/ceipalandalus\/files\/2016\/02\/pdf-160x160.png 160w, https:\/\/blogsaverroes.juntadeandalucia.es\/ceipalandalus\/files\/2016\/02\/pdf.png 256w\" sizes=\"(max-width: 37px) 100vw, 37px\" \/><\/a><\/td>\n<td style=\"text-align: left;height: 44px\"><em><a href=\"https:\/\/blogsaverroes.juntadeandalucia.es\/ceipalandalus\/files\/2024\/05\/Matriculacion-ANEXO-RELIGION.pdf\">ANEXO RELIGI\u00d3N<\/a><\/em><\/td>\n<\/tr>\n<tr style=\"height: 44px\">\n<td style=\"text-align: left;height: 44px\"><a href=\"https:\/\/blogsaverroes.juntadeandalucia.es\/ceipalandalus\/files\/2016\/02\/pdf.png\" target=\"_blank\" rel=\"noopener\"><img loading=\"lazy\" decoding=\"async\" class=\"alignnone wp-image-51 \" src=\"https:\/\/blogsaverroes.juntadeandalucia.es\/ceipalandalus\/files\/2016\/02\/pdf-150x150.png\" alt=\"\" width=\"37\" height=\"37\" srcset=\"https:\/\/blogsaverroes.juntadeandalucia.es\/ceipalandalus\/files\/2016\/02\/pdf-150x150.png 150w, https:\/\/blogsaverroes.juntadeandalucia.es\/ceipalandalus\/files\/2016\/02\/pdf-100x100.png 100w, https:\/\/blogsaverroes.juntadeandalucia.es\/ceipalandalus\/files\/2016\/02\/pdf-160x160.png 160w, https:\/\/blogsaverroes.juntadeandalucia.es\/ceipalandalus\/files\/2016\/02\/pdf.png 256w\" sizes=\"(max-width: 37px) 100vw, 37px\" \/><\/a><\/td>\n<td style=\"text-align: left;height: 44px\"><em>&nbsp;<a href=\"https:\/\/blogsaverroes.juntadeandalucia.es\/ceipalandalus\/files\/2024\/05\/Matriculacion-ANEXO-VII.pdf\">ANEXO VII. Matr\u00edcula de Educaci\u00f3n Secundaria Obligatoria<\/a><\/em><\/td>\n<\/tr>\n<\/tbody>\n<\/table>\n","protected":false},"excerpt":{"rendered":"<p>Durante todo el mes de marzo permanecer\u00e1 abierto en Andaluc\u00eda el plazo para la presentaci\u00f3n de solicitudes de admisi\u00f3n correspondientes al curso escolar siguiente al actual&nbsp;en la red de centros sostenidos con fondos p\u00fablicos.&#46;&#46;&#46;<\/p>\n","protected":false},"author":2235,"featured_media":0,"parent":0,"menu_order":0,"comment_status":"closed","ping_status":"closed","template":"","meta":{"ngg_post_thumbnail":0,"footnotes":""},"aioseo_notices":[],"_links":{"self":[{"href":"https:\/\/blogsaverroes.juntadeandalucia.es\/ceipalandalus\/wp-json\/wp\/v2\/pages\/100"}],"collection":[{"href":"https:\/\/blogsaverroes.juntadeandalucia.es\/ceipalandalus\/wp-json\/wp\/v2\/pages"}],"about":[{"href":"https:\/\/blogsaverroes.juntadeandalucia.es\/ceipalandalus\/wp-json\/wp\/v2\/types\/page"}],"author":[{"embeddable":true,"href":"https:\/\/blogsaverroes.juntadeandalucia.es\/ceipalandalus\/wp-json\/wp\/v2\/users\/2235"}],"replies":[{"embeddable":true,"href":"https:\/\/blogsaverroes.juntadeandalucia.es\/ceipalandalus\/wp-json\/wp\/v2\/comments?post=100"}],"version-history":[{"count":33,"href":"https:\/\/blogsaverroes.juntadeandalucia.es\/ceipalandalus\/wp-json\/wp\/v2\/pages\/100\/revisions"}],"predecessor-version":[{"id":3106,"href":"https:\/\/blogsaverroes.juntadeandalucia.es\/ceipalandalus\/wp-json\/wp\/v2\/pages\/100\/revisions\/3106"}],"wp:attachment":[{"href":"https:\/\/blogsaverroes.juntadeandalucia.es\/ceipalandalus\/wp-json\/wp\/v2\/media?parent=100"}],"curies":[{"name":"wp","href":"https:\/\/api.w.org\/{rel}","templated":true}]}}