{"id":148,"date":"2016-02-04T13:57:22","date_gmt":"2016-02-04T12:57:22","guid":{"rendered":"http:\/\/blogsaverroes.juntadeandalucia.es\/ceipalandalus\/?page_id=148"},"modified":"2024-05-06T15:55:20","modified_gmt":"2024-05-06T14:55:20","slug":"equipo-directivo","status":"publish","type":"page","link":"https:\/\/blogsaverroes.juntadeandalucia.es\/ceipalandalus\/equipo-directivo\/","title":{"rendered":"Equipo directivo"},"content":{"rendered":"<h4>Directora<\/h4>\n<p>Nombre: <strong>D\u00aa. Ana Monta\u00f1a Barrios Muriel<\/strong><\/p>\n<p>Especialidad: <strong>Educaci\u00f3n&nbsp;Especial. Pedagog\u00eda Terape\u00fatica<\/strong><\/p>\n<p>Situaci\u00f3n Administrativa:&nbsp;<strong>Propietaria Definitiva<\/strong><\/p>\n<p>En el centro desde: <strong>Curso 2005\/2006<\/strong><\/p>\n<h4>&nbsp;<\/h4>\n<h4>Jefa de Estudios<\/h4>\n<p>Nombre: <strong>D\u00aa&nbsp;Isabel del Carmen Dom\u00ednguez Jarillo<\/strong><\/p>\n<p>Especialidad: <strong>Educaci\u00f3n Especial.&nbsp;Audici\u00f3n y Lenguaje<\/strong><\/p>\n<p>Situaci\u00f3n Administrativa: <strong>Propietaria Definitiva<\/strong><\/p>\n<p>En el centro desde: <strong>Curso&nbsp;2011\/2012<\/strong><\/p>\n<h4>&nbsp;<\/h4>\n<h4>Secretario<\/h4>\n<p>Nombre: <strong>D. Adri\u00e1n Garc\u00eda Paredes<\/strong><\/p>\n<p>Especialidad:&nbsp;<strong>Educaci\u00f3n F\u00edsica<\/strong><\/p>\n<p>Situaci\u00f3n Administrativa: <strong>Propietario Definitivo<\/strong><\/p>\n<p>En el centro desde: <strong>Curso 2013\/2014<\/strong><\/p>\n<p>&nbsp;<\/p>\n<p>&nbsp;<\/p>\n","protected":false},"excerpt":{"rendered":"<p>Directora Nombre: D\u00aa. Ana Monta\u00f1a Barrios Muriel Especialidad: Educaci\u00f3n&nbsp;Especial. Pedagog\u00eda Terape\u00fatica Situaci\u00f3n Administrativa:&nbsp;Propietaria Definitiva En el centro desde: Curso 2005\/2006 &nbsp; Jefa de Estudios Nombre: D\u00aa&nbsp;Isabel del Carmen Dom\u00ednguez Jarillo Especialidad: Educaci\u00f3n Especial.&nbsp;Audici\u00f3n y&#46;&#46;&#46;<\/p>\n","protected":false},"author":2235,"featured_media":0,"parent":0,"menu_order":0,"comment_status":"closed","ping_status":"closed","template":"","meta":{"ngg_post_thumbnail":0,"footnotes":""},"aioseo_notices":[],"_links":{"self":[{"href":"https:\/\/blogsaverroes.juntadeandalucia.es\/ceipalandalus\/wp-json\/wp\/v2\/pages\/148"}],"collection":[{"href":"https:\/\/blogsaverroes.juntadeandalucia.es\/ceipalandalus\/wp-json\/wp\/v2\/pages"}],"about":[{"href":"https:\/\/blogsaverroes.juntadeandalucia.es\/ceipalandalus\/wp-json\/wp\/v2\/types\/page"}],"author":[{"embeddable":true,"href":"https:\/\/blogsaverroes.juntadeandalucia.es\/ceipalandalus\/wp-json\/wp\/v2\/users\/2235"}],"replies":[{"embeddable":true,"href":"https:\/\/blogsaverroes.juntadeandalucia.es\/ceipalandalus\/wp-json\/wp\/v2\/comments?post=148"}],"version-history":[{"count":5,"href":"https:\/\/blogsaverroes.juntadeandalucia.es\/ceipalandalus\/wp-json\/wp\/v2\/pages\/148\/revisions"}],"predecessor-version":[{"id":3075,"href":"https:\/\/blogsaverroes.juntadeandalucia.es\/ceipalandalus\/wp-json\/wp\/v2\/pages\/148\/revisions\/3075"}],"wp:attachment":[{"href":"https:\/\/blogsaverroes.juntadeandalucia.es\/ceipalandalus\/wp-json\/wp\/v2\/media?parent=148"}],"curies":[{"name":"wp","href":"https:\/\/api.w.org\/{rel}","templated":true}]}}