{"id":65,"date":"2016-02-03T00:04:16","date_gmt":"2016-02-02T23:04:16","guid":{"rendered":"http:\/\/blogsaverroes.juntadeandalucia.es\/ceipalandalus\/?page_id=65"},"modified":"2018-06-06T23:22:19","modified_gmt":"2018-06-06T22:22:19","slug":"comedor-escolar","status":"publish","type":"page","link":"https:\/\/blogsaverroes.juntadeandalucia.es\/ceipalandalus\/comedor-escolar\/","title":{"rendered":"Comedor Escolar"},"content":{"rendered":"<p>El Comedor Escolar&nbsp;del centro es un servicio que se presta dentro del Plan de Apoyo a las Familias Andaluzas. Su objetivo es ayudar a la conciliaci\u00f3n de la vida laboral y familiar de las familias de nuestro alumnado. Este a\u00f1o, como novedad, la Consejer\u00eda de Educaci\u00f3n garantiza una plaza de comedor a todo el alumnado cuyos progenitores est\u00e9n trabajando.<\/p>\n<p>Su horario es de 14,00 a 16,00 horas, todos los d\u00edas lectivos. Una vez finalizado, los alumnos y alumnas pasan directamente a las aulas para realizar las actividades extraescolares o son recogidos por sus tutores\/as legales.<\/p>\n<p>A continuaci\u00f3n insertamos los enlaces a los documentos necesarios para realizar la solicitud de uso del servicio, de la solicitud de bonificaci\u00f3n del servicio y el cuadrante con la correspondencia entre los ingresos, el n\u00famero de miembros de la unidad familiar y la bonificaci\u00f3n que corresponde.<\/p>\n<table>\n<tbody>\n<tr>\n<td><em><a href=\"https:\/\/blogsaverroes.juntadeandalucia.es\/ceipalandalus\/files\/2016\/02\/pdf.png\" target=\"_blank\" rel=\"noopener\"><img loading=\"lazy\" decoding=\"async\" class=\"alignnone wp-image-51 \" src=\"https:\/\/blogsaverroes.juntadeandalucia.es\/ceipalandalus\/files\/2016\/02\/pdf.png\" alt=\"\" width=\"50\" height=\"50\" srcset=\"https:\/\/blogsaverroes.juntadeandalucia.es\/ceipalandalus\/files\/2016\/02\/pdf.png 256w, https:\/\/blogsaverroes.juntadeandalucia.es\/ceipalandalus\/files\/2016\/02\/pdf-150x150.png 150w, https:\/\/blogsaverroes.juntadeandalucia.es\/ceipalandalus\/files\/2016\/02\/pdf-100x100.png 100w, https:\/\/blogsaverroes.juntadeandalucia.es\/ceipalandalus\/files\/2016\/02\/pdf-160x160.png 160w\" sizes=\"(max-width: 50px) 100vw, 50px\" \/><\/a><\/em><\/td>\n<td style=\"text-align: left\"><em><a href=\"https:\/\/blogsaverroes.juntadeandalucia.es\/ceipalandalus\/files\/2016\/02\/Listado-definitivo-Plan-de-Apertura-2017-2018.pdf\">Listado definitivo Plan de Apertura 2017-2018<\/a><\/em><\/td>\n<\/tr>\n<tr>\n<td><em><a href=\"https:\/\/blogsaverroes.juntadeandalucia.es\/ceipalandalus\/files\/2016\/02\/pdf.png\" target=\"_blank\" rel=\"noopener\"><img loading=\"lazy\" decoding=\"async\" class=\"alignnone wp-image-51 \" src=\"https:\/\/blogsaverroes.juntadeandalucia.es\/ceipalandalus\/files\/2016\/02\/pdf.png\" alt=\"\" width=\"50\" height=\"50\" srcset=\"https:\/\/blogsaverroes.juntadeandalucia.es\/ceipalandalus\/files\/2016\/02\/pdf.png 256w, https:\/\/blogsaverroes.juntadeandalucia.es\/ceipalandalus\/files\/2016\/02\/pdf-150x150.png 150w, https:\/\/blogsaverroes.juntadeandalucia.es\/ceipalandalus\/files\/2016\/02\/pdf-100x100.png 100w, https:\/\/blogsaverroes.juntadeandalucia.es\/ceipalandalus\/files\/2016\/02\/pdf-160x160.png 160w\" sizes=\"(max-width: 50px) 100vw, 50px\" \/><\/a> <\/em><\/td>\n<td style=\"text-align: left\"><em><a href=\"https:\/\/blogsaverroes.juntadeandalucia.es\/ceipalandalus\/files\/2016\/02\/ANEXO-II.pdf\">ANEXO II. Solicitud de Servicios de Aula Matinal, Comedor y Actividades Extraescolares<\/a><\/em><em>&nbsp;<\/em><\/td>\n<\/tr>\n<tr>\n<td><em> <a href=\"https:\/\/blogsaverroes.juntadeandalucia.es\/ceipalandalus\/files\/2016\/02\/pdf.png\" target=\"_blank\" rel=\"noopener\"><img loading=\"lazy\" decoding=\"async\" class=\"alignnone wp-image-51 \" src=\"https:\/\/blogsaverroes.juntadeandalucia.es\/ceipalandalus\/files\/2016\/02\/pdf.png\" alt=\"\" width=\"50\" height=\"50\" srcset=\"https:\/\/blogsaverroes.juntadeandalucia.es\/ceipalandalus\/files\/2016\/02\/pdf.png 256w, https:\/\/blogsaverroes.juntadeandalucia.es\/ceipalandalus\/files\/2016\/02\/pdf-150x150.png 150w, https:\/\/blogsaverroes.juntadeandalucia.es\/ceipalandalus\/files\/2016\/02\/pdf-100x100.png 100w, https:\/\/blogsaverroes.juntadeandalucia.es\/ceipalandalus\/files\/2016\/02\/pdf-160x160.png 160w\" sizes=\"(max-width: 50px) 100vw, 50px\" \/><\/a><\/em><\/td>\n<td style=\"text-align: left\"><em><a href=\"https:\/\/blogsaverroes.juntadeandalucia.es\/ceipalandalus\/files\/2016\/02\/ANEXO-V-1.pdf\">ANEXO V. Solicitud de bonificaci\u00f3n de los servicios de Aula Matinal, Comedor y Actividades Extraescolares<\/a>.&nbsp;<\/em><\/td>\n<\/tr>\n<tr>\n<td><em> <a href=\"https:\/\/blogsaverroes.juntadeandalucia.es\/ceipalandalus\/files\/2016\/02\/pdf.png\" target=\"_blank\" rel=\"noopener\"><img loading=\"lazy\" decoding=\"async\" class=\"alignnone wp-image-51 \" src=\"https:\/\/blogsaverroes.juntadeandalucia.es\/ceipalandalus\/files\/2016\/02\/pdf.png\" alt=\"\" width=\"50\" height=\"50\" srcset=\"https:\/\/blogsaverroes.juntadeandalucia.es\/ceipalandalus\/files\/2016\/02\/pdf.png 256w, https:\/\/blogsaverroes.juntadeandalucia.es\/ceipalandalus\/files\/2016\/02\/pdf-150x150.png 150w, https:\/\/blogsaverroes.juntadeandalucia.es\/ceipalandalus\/files\/2016\/02\/pdf-100x100.png 100w, https:\/\/blogsaverroes.juntadeandalucia.es\/ceipalandalus\/files\/2016\/02\/pdf-160x160.png 160w\" sizes=\"(max-width: 50px) 100vw, 50px\" \/><\/a><\/em><\/td>\n<td style=\"text-align: left\"><em>&nbsp;<a href=\"https:\/\/blogsaverroes.juntadeandalucia.es\/ceipalandalus\/files\/2016\/02\/Cuadrante-bonificaciones-Plan-Apertura.pdf\" target=\"_blank\" rel=\"noopener\">Cuadrante bonificaciones Plan de Apertura<\/a><\/em><\/td>\n<\/tr>\n<tr>\n<td><em><a href=\"https:\/\/blogsaverroes.juntadeandalucia.es\/ceipalandalus\/files\/2016\/02\/pdf.png\" target=\"_blank\" rel=\"noopener\"><img loading=\"lazy\" decoding=\"async\" class=\"alignnone wp-image-51 \" src=\"https:\/\/blogsaverroes.juntadeandalucia.es\/ceipalandalus\/files\/2016\/02\/pdf.png\" alt=\"\" width=\"50\" height=\"50\" srcset=\"https:\/\/blogsaverroes.juntadeandalucia.es\/ceipalandalus\/files\/2016\/02\/pdf.png 256w, https:\/\/blogsaverroes.juntadeandalucia.es\/ceipalandalus\/files\/2016\/02\/pdf-150x150.png 150w, https:\/\/blogsaverroes.juntadeandalucia.es\/ceipalandalus\/files\/2016\/02\/pdf-100x100.png 100w, https:\/\/blogsaverroes.juntadeandalucia.es\/ceipalandalus\/files\/2016\/02\/pdf-160x160.png 160w\" sizes=\"(max-width: 50px) 100vw, 50px\" \/><\/a><\/em><\/td>\n<td style=\"text-align: left\"><em><a href=\"https:\/\/blogsaverroes.juntadeandalucia.es\/ceipalandalus\/files\/2016\/02\/Solicitud-de-baja-de-los-servicios-del-PAC.pdf\" target=\"_blank\" rel=\"noopener\">Solicitud de baja de los servicios del Plan de Apoyo a las Familias<\/a><\/em><\/td>\n<\/tr>\n<tr>\n<td><em><a href=\"https:\/\/blogsaverroes.juntadeandalucia.es\/ceipalandalus\/files\/2016\/02\/pdf.png\" target=\"_blank\" rel=\"noopener\"><img loading=\"lazy\" decoding=\"async\" class=\"alignnone wp-image-51 \" src=\"https:\/\/blogsaverroes.juntadeandalucia.es\/ceipalandalus\/files\/2016\/02\/pdf.png\" alt=\"\" width=\"50\" height=\"50\" srcset=\"https:\/\/blogsaverroes.juntadeandalucia.es\/ceipalandalus\/files\/2016\/02\/pdf.png 256w, https:\/\/blogsaverroes.juntadeandalucia.es\/ceipalandalus\/files\/2016\/02\/pdf-150x150.png 150w, https:\/\/blogsaverroes.juntadeandalucia.es\/ceipalandalus\/files\/2016\/02\/pdf-100x100.png 100w, https:\/\/blogsaverroes.juntadeandalucia.es\/ceipalandalus\/files\/2016\/02\/pdf-160x160.png 160w\" sizes=\"(max-width: 50px) 100vw, 50px\" \/><\/a><\/em><\/td>\n<td style=\"text-align: left\"><a href=\"https:\/\/blogsaverroes.juntadeandalucia.es\/ceipalandalus\/files\/2016\/02\/BOJA17-078-00027-7095-01_00112396.pdf\">Orden de 17 de abril de 2017, por la que se regula la Organizaci\u00f3n y Funcionamiento de los servicios Complementarios de Aula Matinal, Comedor Escolar y Actividades Extraescolares.<\/a><\/td>\n<\/tr>\n<\/tbody>\n<\/table>\n<table>\n<tbody>\n<tr class=\"alt\" style=\"height: 66px\">\n<td style=\"height: 66px\">&nbsp;<\/td>\n<td style=\"text-align: left;height: 66px\">\n<h4>DOCUMENTOS PROPIOS DE LA EMPRESA SUMINISTRADORA DEL SERVICIO<\/h4>\n<\/td>\n<\/tr>\n<tr class=\"alt\" style=\"height: 24px\">\n<td style=\"height: 24px\">&nbsp;<\/td>\n<td style=\"text-align: left;height: 24px\"><a href=\"https:\/\/blogsaverroes.juntadeandalucia.es\/ceipalandalus\/files\/2016\/02\/1.Planilla_EL-CORTIJO_Men\u00fa-Basal_OCTUBRE_actualizada.pdf\">MEN\u00da OCTUBRE 2017<\/a><\/td>\n<\/tr>\n<tr class=\"alt\" style=\"height: 24px\">\n<td style=\"height: 24px\">&nbsp;<\/td>\n<td style=\"text-align: left;height: 24px\">&nbsp;<\/td>\n<\/tr>\n<tr class=\"alt\" style=\"height: 24px\">\n<td style=\"height: 24px\">&nbsp;<\/td>\n<td style=\"text-align: left;height: 24px\">&nbsp;https:\/\/blogsaverroes.juntadeandalucia.es\/ceipalandalus\/files\/2016\/02\/1.Planilla_EL-CORTIJO_Men\u00fa-Basal_OCTUBRE_actualizada.pdf<\/td>\n<\/tr>\n<tr class=\"alt\" style=\"height: 15px\">\n<td style=\"height: 15px\">&nbsp;<\/td>\n<td style=\"text-align: left;height: 15px\">&nbsp;<\/td>\n<\/tr>\n<\/tbody>\n<\/table>\n<p>&nbsp;<\/p>\n","protected":false},"excerpt":{"rendered":"<p>El Comedor Escolar&nbsp;del centro es un servicio que se presta dentro del Plan de Apoyo a las Familias Andaluzas. Su objetivo es ayudar a la conciliaci\u00f3n de la vida laboral y familiar de las&#46;&#46;&#46;<\/p>\n","protected":false},"author":2235,"featured_media":0,"parent":0,"menu_order":0,"comment_status":"closed","ping_status":"closed","template":"","meta":{"ngg_post_thumbnail":0,"footnotes":""},"aioseo_notices":[],"_links":{"self":[{"href":"https:\/\/blogsaverroes.juntadeandalucia.es\/ceipalandalus\/wp-json\/wp\/v2\/pages\/65"}],"collection":[{"href":"https:\/\/blogsaverroes.juntadeandalucia.es\/ceipalandalus\/wp-json\/wp\/v2\/pages"}],"about":[{"href":"https:\/\/blogsaverroes.juntadeandalucia.es\/ceipalandalus\/wp-json\/wp\/v2\/types\/page"}],"author":[{"embeddable":true,"href":"https:\/\/blogsaverroes.juntadeandalucia.es\/ceipalandalus\/wp-json\/wp\/v2\/users\/2235"}],"replies":[{"embeddable":true,"href":"https:\/\/blogsaverroes.juntadeandalucia.es\/ceipalandalus\/wp-json\/wp\/v2\/comments?post=65"}],"version-history":[{"count":23,"href":"https:\/\/blogsaverroes.juntadeandalucia.es\/ceipalandalus\/wp-json\/wp\/v2\/pages\/65\/revisions"}],"predecessor-version":[{"id":3008,"href":"https:\/\/blogsaverroes.juntadeandalucia.es\/ceipalandalus\/wp-json\/wp\/v2\/pages\/65\/revisions\/3008"}],"wp:attachment":[{"href":"https:\/\/blogsaverroes.juntadeandalucia.es\/ceipalandalus\/wp-json\/wp\/v2\/media?parent=65"}],"curies":[{"name":"wp","href":"https:\/\/api.w.org\/{rel}","templated":true}]}}