{"id":83,"date":"2016-02-03T09:50:25","date_gmt":"2016-02-03T08:50:25","guid":{"rendered":"http:\/\/blogsaverroes.juntadeandalucia.es\/ceipalandalus\/?page_id=83"},"modified":"2018-06-06T23:26:08","modified_gmt":"2018-06-06T22:26:08","slug":"plan-syga","status":"publish","type":"page","link":"https:\/\/blogsaverroes.juntadeandalucia.es\/ceipalandalus\/plan-syga\/","title":{"rendered":"Plan SYGA"},"content":{"rendered":"<p><strong><u>PLAN SYGA (SOLIDARIDAD Y GARANT\u00cdAS ALIMENTARIAS) CURSO 2017\/2018<\/u><\/strong><\/p>\n<p><strong>&nbsp;<\/strong>La poblaci\u00f3n diana la constituyen las familias con ni\u00f1as y ni\u00f1os en edad escolar a su cargo que, cumpliendo con el requisito econ\u00f3mico, sean residentes en la Comunidad Aut\u00f3noma de Andaluc\u00eda con independencia de su situaci\u00f3n administrativa.<\/p>\n<p>En este sentido, <strong>deber\u00e1n cumplir los siguientes requisitos:<\/strong><\/p>\n<ul>\n<li><strong> Residentes en la Comunidad Aut\u00f3noma de Andaluc\u00eda con independencia de su situaci\u00f3n administrativa.<\/strong><\/li>\n<li><strong> Que se encuentren escolarizados en colegios p\u00fablicos de educaci\u00f3n infantil y primaria que dispongan de servicio de comedor.<\/strong><\/li>\n<li><strong> Que el importe m\u00e1ximo de los ingresos del conjunto de las personas que forman la unidad familiar sea inferior al umbral establecido en el anexo VI<\/strong><\/li>\n<li><strong> Que pertenezcan a familias en situaci\u00f3n de exclusi\u00f3n social o en riesgo de estarlo.<\/strong><\/li>\n<li><strong> Hijas e hijos de mujeres v\u00edctimas de violencia de g\u00e9nero dentro del margen de renta anteriormente mencionado.<\/strong><\/li>\n<\/ul>\n<p>En el supuesto de que las ni\u00f1as y ni\u00f1os que cumplen con este perfil en ese momento est\u00e9n escolarizados en un centro docente con servicio de comedor <strong>se les proporcionar\u00e1n las tres comidas, desayuno, almuerzo y merienda,<\/strong> con objeto de garantizar una adecuada alimentaci\u00f3n.<\/p>\n<p>En caso contrario, las y los trabajadores sociales de los Servicios Sociales Comunitarios contemplar\u00e1n las otras dos posibilidades recogidas en el Plan Extraordinario de Solidaridad y Garant\u00eda Alimentaria para el a\u00f1o 2016, por una parte la tramitaci\u00f3n de la Ayuda Econ\u00f3mica Familiar o, por otra, favorecer la alimentaci\u00f3n a trav\u00e9s de las entidades integradas en la Red de Solidaridad y Garant\u00eda Alimentaria de Andaluc\u00eda o cualesquiera otras que la din\u00e1mica familiar aconseje prescribir.<\/p>\n<p><strong>Todas aquellas unidades familiares que cumplan los requisitos de acceso al Programa de Refuerzo de la Alimentaci\u00f3n Infantil lo podr\u00e1n solicitar dirigi\u00e9ndose a los Servicios Sociales Comunitarios correspondientes al \u00e1mbito territorial del centro educativo donde se encuentre escolarizada la ni\u00f1a o el ni\u00f1o, conforme al Anexo l.<\/strong><\/p>\n<p><strong>La solicitud y documentaci\u00f3n ser\u00e1 tramitada por los\/las profesionales de los Servicios Sociales Comunitarios<\/strong> en los supuestos de unidades familiares con ni\u00f1as y ni\u00f1os a su cargo que cumplan los requisitos detallados anteriormente.<\/p>\n<p>La documentaci\u00f3n que debe aportar la persona solicitante es la siguiente:<\/p>\n<ul>\n<li><strong> Solicitud de adhesi\u00f3n al Programa de Refuerzo de Alimentaci\u00f3n Infantil (Anexo I).<\/strong><\/li>\n<li><strong> Consentimiento informado firmado por el padre, madre o representante legal de la ni\u00f1a o el ni\u00f1o (Anexo II).<\/strong><\/li>\n<li><strong> Declaraci\u00f3n Expresa Responsable de que el importe m\u00e1ximo de los ingresos del conjunto de las personas que forman la unidad familiar es inferior al umbral establecido en el anexo V.<\/strong><\/li>\n<li><strong> Libro de familia o, en su caso, toda aquella documentaci\u00f3n que se considere necesaria por, parte de los profesionales.<\/strong><\/li>\n<\/ul>\n<p>Una vez comprobada toda la informaci\u00f3n y considerado, por parte de los Servicios Sociales Comunitarios, que la unidad familiar cumple las condiciones establecidas en el apartado anterior, \u00e9stos elaborar\u00e1n:<\/p>\n<ul>\n<li>Informe Social de los Servicios Sociales Comunitarios (Anexo III) poniendo de manifiesto la conveniencia de que las ni\u00f1as y ni\u00f1os de la unidad familiar participen en el Programa de Refuerzo de la Alimentaci\u00f3n Infantil en los centros docentes p\u00fablicos de Andaluc\u00eda.<\/li>\n<li>Comunicado de que la ni\u00f1a o el ni\u00f1o cumple los requisitos para aplicarle el Programa de Refuerzo de la Alimentaci\u00f3n Infantil, cumplimentado por los trabajadores sociales de Servicios Sociales Comunitarios con el fin de remitirlo a los centros docentes p\u00fablicos de su Zona de Trabajo Social (Anexo IV).<\/li>\n<\/ul>\n<p><strong>RATIFICACI\u00d3N DE LOS USUARIOS BENEFICIARIOS DEL PROGRAMA EN EL CURSO 2015\/2016<\/strong><\/p>\n<p><strong>A efectos de la inclusi\u00f3n como personas beneficiarias del Programa de refuerzo de la alimentaci\u00f3n infantil &nbsp;para el curso 2017\/18 de las ni\u00f1as y ni\u00f1os acogidos al mismo en el curso 2015-16 que, en funci\u00f3n del criterio de los Servicios Sociales Comunitarios, contin\u00faen cumpliendo las condiciones establecidas para ser beneficiarias del referido Programa, no se seguir\u00e1 el procedimiento establecido en los apartados anteriores.<\/strong><\/p>\n<p><strong>&nbsp;<\/strong><strong>A tal fin se cumplimentar\u00e1 el documento de comunicaci\u00f3n a los centros docentes p\u00fablicos del Programa de Refuerzo de la Alimentaci\u00f3n Infantil recogido en el Anexo VI. Este documento se debe remitir a los centros docentes con fecha l\u00edmite de 30 de septiembre de 2017. <u>Por lo tanto, a partir del 30 de septiembre, los centros educativos dispondr\u00e1n de la relaci\u00f3n de beneficiarios incluidos de oficio en el Plan, los cuales no tendr\u00e1n que presentar ning\u00fan tipo de documentaci\u00f3n.<\/u><\/strong><\/p>\n<p><strong><em><u>&nbsp;<\/u><\/em><\/strong><\/p>\n<p><strong>Umbral seg\u00fan miembros de la Unidad familiar con base a la escala de equivalencia de la Unidad de Consumo definida por el Instituto Nacional de Estad\u00edstica (INE) y aplicando los valores recogidos en dicha escala.<\/strong><\/p>\n<p><strong>&nbsp;<\/strong><\/p>\n<table>\n<tbody>\n<tr>\n<td width=\"149\">UNIDAD FAMILIAR<\/td>\n<td width=\"151\">IMPORTE<\/td>\n<\/tr>\n<tr>\n<td width=\"149\">2 Miembros<\/td>\n<td width=\"151\">4.564,38\u20ac<\/td>\n<\/tr>\n<tr>\n<td width=\"149\">3 Miembros<\/td>\n<td width=\"151\">5.477,25\u20ac<\/td>\n<\/tr>\n<tr>\n<td width=\"149\">4 Miembros<\/td>\n<td width=\"151\">6.390,13\u20ac<\/td>\n<\/tr>\n<tr>\n<td width=\"149\">5 Miembros<\/td>\n<td width=\"151\">7.303,00\u20ac<\/td>\n<\/tr>\n<tr>\n<td width=\"149\">6 Miembros<\/td>\n<td width=\"151\">8.215,88\u20ac<\/td>\n<\/tr>\n<tr>\n<td width=\"149\">7 Miembros<\/td>\n<td width=\"151\">9.128,00\u20ac<\/td>\n<\/tr>\n<\/tbody>\n<\/table>\n<p>&nbsp;<\/p>\n<p><strong>TODA LA DOCUMENTACI\u00d3N SE RECOGER\u00c1 Y TRAMITAR\u00c1 EN LOS SERVICIOS SOCIALES COMUNITARIOS<\/strong><\/p>\n<table>\n<tbody>\n<tr>\n<td><em><a href=\"https:\/\/blogsaverroes.juntadeandalucia.es\/ceipalandalus\/files\/2016\/02\/pdf.png\" target=\"_blank\" rel=\"noopener\"><img loading=\"lazy\" decoding=\"async\" class=\"alignnone wp-image-51 \" src=\"https:\/\/blogsaverroes.juntadeandalucia.es\/ceipalandalus\/files\/2016\/02\/pdf.png\" alt=\"\" width=\"50\" height=\"50\" srcset=\"https:\/\/blogsaverroes.juntadeandalucia.es\/ceipalandalus\/files\/2016\/02\/pdf.png 256w, https:\/\/blogsaverroes.juntadeandalucia.es\/ceipalandalus\/files\/2016\/02\/pdf-150x150.png 150w, https:\/\/blogsaverroes.juntadeandalucia.es\/ceipalandalus\/files\/2016\/02\/pdf-100x100.png 100w, https:\/\/blogsaverroes.juntadeandalucia.es\/ceipalandalus\/files\/2016\/02\/pdf-160x160.png 160w\" sizes=\"(max-width: 50px) 100vw, 50px\" \/><\/a><\/em><\/td>\n<td style=\"text-align: left\"><a href=\"https:\/\/blogsaverroes.juntadeandalucia.es\/ceipalandalus\/files\/2016\/02\/Plan-SYGA.-Anexo-I.pdf\" target=\"_blank\" rel=\"noopener\"><strong>Anexo I.<\/strong> Solicitud de Adhesi\u00f3n al Plan SYGA<\/a><\/td>\n<\/tr>\n<tr>\n<td><em><a href=\"https:\/\/blogsaverroes.juntadeandalucia.es\/ceipalandalus\/files\/2016\/02\/pdf.png\" target=\"_blank\" rel=\"noopener\"><img loading=\"lazy\" decoding=\"async\" class=\"alignnone wp-image-51 \" src=\"https:\/\/blogsaverroes.juntadeandalucia.es\/ceipalandalus\/files\/2016\/02\/pdf.png\" alt=\"\" width=\"50\" height=\"50\" srcset=\"https:\/\/blogsaverroes.juntadeandalucia.es\/ceipalandalus\/files\/2016\/02\/pdf.png 256w, https:\/\/blogsaverroes.juntadeandalucia.es\/ceipalandalus\/files\/2016\/02\/pdf-150x150.png 150w, https:\/\/blogsaverroes.juntadeandalucia.es\/ceipalandalus\/files\/2016\/02\/pdf-100x100.png 100w, https:\/\/blogsaverroes.juntadeandalucia.es\/ceipalandalus\/files\/2016\/02\/pdf-160x160.png 160w\" sizes=\"(max-width: 50px) 100vw, 50px\" \/><\/a><\/em><\/td>\n<td style=\"text-align: left\"><a href=\"https:\/\/blogsaverroes.juntadeandalucia.es\/ceipalandalus\/files\/2016\/02\/Plan-SYGA.-Anexo-II.pdf\" target=\"_blank\" rel=\"noopener\"><strong>Anexo II.<\/strong> Consentimiento Informado<\/a><\/td>\n<\/tr>\n<tr>\n<td><em><a href=\"https:\/\/blogsaverroes.juntadeandalucia.es\/ceipalandalus\/files\/2016\/02\/pdf.png\" target=\"_blank\" rel=\"noopener\"><img loading=\"lazy\" decoding=\"async\" class=\"alignnone wp-image-51 \" src=\"https:\/\/blogsaverroes.juntadeandalucia.es\/ceipalandalus\/files\/2016\/02\/pdf.png\" alt=\"\" width=\"50\" height=\"50\" srcset=\"https:\/\/blogsaverroes.juntadeandalucia.es\/ceipalandalus\/files\/2016\/02\/pdf.png 256w, https:\/\/blogsaverroes.juntadeandalucia.es\/ceipalandalus\/files\/2016\/02\/pdf-150x150.png 150w, https:\/\/blogsaverroes.juntadeandalucia.es\/ceipalandalus\/files\/2016\/02\/pdf-100x100.png 100w, https:\/\/blogsaverroes.juntadeandalucia.es\/ceipalandalus\/files\/2016\/02\/pdf-160x160.png 160w\" sizes=\"(max-width: 50px) 100vw, 50px\" \/><\/a><\/em><\/td>\n<td style=\"text-align: left\"><a href=\"https:\/\/blogsaverroes.juntadeandalucia.es\/ceipalandalus\/files\/2016\/02\/Plan-SYGA.-Anexo-III.pdf\" target=\"_blank\" rel=\"noopener\"><strong>Anexo III.<\/strong> Informe Social<\/a><\/td>\n<\/tr>\n<tr>\n<td><em><a href=\"https:\/\/blogsaverroes.juntadeandalucia.es\/ceipalandalus\/files\/2016\/02\/pdf.png\" target=\"_blank\" rel=\"noopener\"><img loading=\"lazy\" decoding=\"async\" class=\"alignnone wp-image-51 \" src=\"https:\/\/blogsaverroes.juntadeandalucia.es\/ceipalandalus\/files\/2016\/02\/pdf.png\" alt=\"\" width=\"50\" height=\"50\" srcset=\"https:\/\/blogsaverroes.juntadeandalucia.es\/ceipalandalus\/files\/2016\/02\/pdf.png 256w, https:\/\/blogsaverroes.juntadeandalucia.es\/ceipalandalus\/files\/2016\/02\/pdf-150x150.png 150w, https:\/\/blogsaverroes.juntadeandalucia.es\/ceipalandalus\/files\/2016\/02\/pdf-100x100.png 100w, https:\/\/blogsaverroes.juntadeandalucia.es\/ceipalandalus\/files\/2016\/02\/pdf-160x160.png 160w\" sizes=\"(max-width: 50px) 100vw, 50px\" \/><\/a><\/em><\/td>\n<td style=\"text-align: left\"><a href=\"https:\/\/blogsaverroes.juntadeandalucia.es\/ceipalandalus\/files\/2016\/02\/Plan-SYGA.-Anexo-IV.pdf\" target=\"_blank\" rel=\"noopener\"><strong>Anexo IV.<\/strong>&nbsp;Comunicaci\u00f3n a los Centros Docentes P\u00fablicos del Programa de Refuerzo de la Alimentaci\u00f3n Infantil.<\/a><\/td>\n<\/tr>\n<tr>\n<td><em><a href=\"https:\/\/blogsaverroes.juntadeandalucia.es\/ceipalandalus\/files\/2016\/02\/pdf.png\" target=\"_blank\" rel=\"noopener\"><img loading=\"lazy\" decoding=\"async\" class=\"alignnone wp-image-51 \" src=\"https:\/\/blogsaverroes.juntadeandalucia.es\/ceipalandalus\/files\/2016\/02\/pdf.png\" alt=\"\" width=\"50\" height=\"50\" srcset=\"https:\/\/blogsaverroes.juntadeandalucia.es\/ceipalandalus\/files\/2016\/02\/pdf.png 256w, https:\/\/blogsaverroes.juntadeandalucia.es\/ceipalandalus\/files\/2016\/02\/pdf-150x150.png 150w, https:\/\/blogsaverroes.juntadeandalucia.es\/ceipalandalus\/files\/2016\/02\/pdf-100x100.png 100w, https:\/\/blogsaverroes.juntadeandalucia.es\/ceipalandalus\/files\/2016\/02\/pdf-160x160.png 160w\" sizes=\"(max-width: 50px) 100vw, 50px\" \/><\/a><\/em><\/td>\n<td style=\"text-align: left\"><a href=\"https:\/\/blogsaverroes.juntadeandalucia.es\/ceipalandalus\/files\/2016\/02\/Plan-SYGA.-Anexo-V.pdf\" target=\"_blank\" rel=\"noopener\"><strong>Anexo V.<\/strong> Umbral para acceso al Programa de la Alimentaci\u00f3n Infantil en los Colegios P\u00fablicos de Infantil y Primaria de Andaluc\u00eda. A\u00f1o 2014<\/a><\/td>\n<\/tr>\n<tr>\n<td><em><a href=\"https:\/\/blogsaverroes.juntadeandalucia.es\/ceipalandalus\/files\/2016\/02\/pdf.png\" target=\"_blank\" rel=\"noopener\"><img loading=\"lazy\" decoding=\"async\" class=\"alignnone wp-image-51 \" src=\"https:\/\/blogsaverroes.juntadeandalucia.es\/ceipalandalus\/files\/2016\/02\/pdf.png\" alt=\"\" width=\"50\" height=\"50\" srcset=\"https:\/\/blogsaverroes.juntadeandalucia.es\/ceipalandalus\/files\/2016\/02\/pdf.png 256w, https:\/\/blogsaverroes.juntadeandalucia.es\/ceipalandalus\/files\/2016\/02\/pdf-150x150.png 150w, https:\/\/blogsaverroes.juntadeandalucia.es\/ceipalandalus\/files\/2016\/02\/pdf-100x100.png 100w, https:\/\/blogsaverroes.juntadeandalucia.es\/ceipalandalus\/files\/2016\/02\/pdf-160x160.png 160w\" sizes=\"(max-width: 50px) 100vw, 50px\" \/><\/a><\/em><\/td>\n<td style=\"text-align: left\"><a href=\"https:\/\/blogsaverroes.juntadeandalucia.es\/ceipalandalus\/files\/2016\/02\/Plan-SYGA.-Anexo-VI.pdf\" target=\"_blank\" rel=\"noopener\"><strong>Anexo VI.<\/strong>&nbsp;Comunicaci\u00f3n a los Centros Docentes P\u00fablicos del Programa de Refuerzo de la Alimentaci\u00f3n Infantil.<\/a><\/td>\n<\/tr>\n<\/tbody>\n<\/table>\n<p>&nbsp;<\/p>\n<p>&nbsp;<\/p>\n","protected":false},"excerpt":{"rendered":"<p>PLAN SYGA (SOLIDARIDAD Y GARANT\u00cdAS ALIMENTARIAS) CURSO 2017\/2018 &nbsp;La poblaci\u00f3n diana la constituyen las familias con ni\u00f1as y ni\u00f1os en edad escolar a su cargo que, cumpliendo con el requisito econ\u00f3mico, sean residentes en&#46;&#46;&#46;<\/p>\n","protected":false},"author":2235,"featured_media":0,"parent":0,"menu_order":0,"comment_status":"closed","ping_status":"closed","template":"","meta":{"ngg_post_thumbnail":0,"footnotes":""},"aioseo_notices":[],"_links":{"self":[{"href":"https:\/\/blogsaverroes.juntadeandalucia.es\/ceipalandalus\/wp-json\/wp\/v2\/pages\/83"}],"collection":[{"href":"https:\/\/blogsaverroes.juntadeandalucia.es\/ceipalandalus\/wp-json\/wp\/v2\/pages"}],"about":[{"href":"https:\/\/blogsaverroes.juntadeandalucia.es\/ceipalandalus\/wp-json\/wp\/v2\/types\/page"}],"author":[{"embeddable":true,"href":"https:\/\/blogsaverroes.juntadeandalucia.es\/ceipalandalus\/wp-json\/wp\/v2\/users\/2235"}],"replies":[{"embeddable":true,"href":"https:\/\/blogsaverroes.juntadeandalucia.es\/ceipalandalus\/wp-json\/wp\/v2\/comments?post=83"}],"version-history":[{"count":8,"href":"https:\/\/blogsaverroes.juntadeandalucia.es\/ceipalandalus\/wp-json\/wp\/v2\/pages\/83\/revisions"}],"predecessor-version":[{"id":3010,"href":"https:\/\/blogsaverroes.juntadeandalucia.es\/ceipalandalus\/wp-json\/wp\/v2\/pages\/83\/revisions\/3010"}],"wp:attachment":[{"href":"https:\/\/blogsaverroes.juntadeandalucia.es\/ceipalandalus\/wp-json\/wp\/v2\/media?parent=83"}],"curies":[{"name":"wp","href":"https:\/\/api.w.org\/{rel}","templated":true}]}}