{"id":96,"date":"2016-02-03T15:53:53","date_gmt":"2016-02-03T14:53:53","guid":{"rendered":"http:\/\/blogsaverroes.juntadeandalucia.es\/ceipalandalus\/?page_id=96"},"modified":"2017-05-16T10:57:05","modified_gmt":"2017-05-16T09:57:05","slug":"actividades-extraescolares","status":"publish","type":"page","link":"https:\/\/blogsaverroes.juntadeandalucia.es\/ceipalandalus\/actividades-extraescolares\/","title":{"rendered":"Actividades Extraescolares"},"content":{"rendered":"<p>Esta l\u00ednea de actuaci\u00f3n tiene como objetivo potenciar la oferta de actividades culturales y deportivas, con car\u00e1cter voluntario y en horario de tarde, que contribuyan a la formaci\u00f3n integral del alumnado, le ayuden a organizar su tiempo libre y mejoren su vinculaci\u00f3n con el centro.<\/p>\n<p>Las Actividades Extraescolares de Centro son un servicio que se presta dentro del Plan de Apoyo a las Familias Andaluzas y que completan el horario de estancia del alumnado en el centro. Su objetivo, adem\u00e1s, &nbsp;es ayudar a la conciliaci\u00f3n de la vida laboral y familiar de las familias de nuestro alumnado.<\/p>\n<p>Su horario es de 16,00&nbsp;a 18,00 horas, todos los d\u00edas lectivos comprendidos entre octubre y mayo de cada curso escolar excepto los viernes. Una vez finalizado, los alumnos y alumnas pasan directamente&nbsp;a disposici\u00f3n de los progenitores que deben venir a recogerlos una vez finalizadas.<\/p>\n<p>En la actualidad es \u00abTu Mundo\u00bb&nbsp;la empresa que lleva a cabo el servicio, ofertando cuatro actividades que se desarrollan durante dos horas semanales en sesiones de una hora en d\u00edas alternos. Las actividades que se llevan a cabo son las siguientes:<\/p>\n<ul>\n<li>Baile Flamenco.<\/li>\n<li>Baile Moderno.<\/li>\n<li>Actividades Deportivas.<\/li>\n<li>Refuerzo Educativo.<\/li>\n<\/ul>\n<p>El horario de cada una de las actividades es el que se muestra en el siguiente cuadro<\/p>\n<table>\n<tbody>\n<tr style=\"background-color: #000000\">\n<td style=\"background-color: #000000\">&nbsp;<\/td>\n<td><span style=\"color: #ffffff\">Lunes<\/span><\/td>\n<td><span style=\"color: #ffffff\">Martes<\/span><\/td>\n<td><span style=\"color: #ffffff\">Mi\u00e9rcoles<\/span><\/td>\n<td><span style=\"color: #ffffff\">Jueves<\/span><\/td>\n<\/tr>\n<tr>\n<td style=\"background-color: #000000\"><span style=\"color: #ffffff\">De 16,00 a 17,00 horas<\/span><\/td>\n<td>Refuerzo Educativo<\/td>\n<td>Actividades Deportivas<\/td>\n<td>Refuerzo Educativo<\/td>\n<td>Actividades Deportivas<\/td>\n<\/tr>\n<tr>\n<td style=\"background-color: #000000\"><span style=\"color: #ffffff\">De 17,00 a 18,00 horas<\/span><\/td>\n<td>Baile Moderno<\/td>\n<td>Baile Flamenco<\/td>\n<td>Baile Moderno<\/td>\n<td>Baile Flamenco<\/td>\n<\/tr>\n<\/tbody>\n<\/table>\n<p>El precio del servicio es de 15,40 \u20ac al mes por alumno. Sin embargo, la aportaci\u00f3n de las familias puede verse reducida en porcentajes que van desde el 18% al 100%, dependiendo de la renta familiar y del n\u00famero de miembros de la unidad familiar.<\/p>\n<p>A continuaci\u00f3n insertamos los enlaces a los documentos necesarios para realizar la solicitud de uso del servicio, de la solicitud de bonificaci\u00f3n del servicio y el cuadrante con la correspondencia entre los ingresos, el n\u00famero de miembros de la unidad familiar y la bonificaci\u00f3n que corresponde.<\/p>\n<table>\n<tbody>\n<tr>\n<td><em><a href=\"http:\/\/blogsaverroes.juntadeandalucia.es\/ceipalandalus\/files\/2016\/02\/Solicitud-de-servicio-de-Plan-de-Apertura.pdf\" target=\"_blank\"><img loading=\"lazy\" decoding=\"async\" class=\"alignnone wp-image-51\" src=\"http:\/\/blogsaverroes.juntadeandalucia.es\/ceipalandalus\/files\/2016\/02\/pdf.png\" alt=\"pdf\" width=\"45\" height=\"45\" srcset=\"https:\/\/blogsaverroes.juntadeandalucia.es\/ceipalandalus\/files\/2016\/02\/pdf.png 256w, https:\/\/blogsaverroes.juntadeandalucia.es\/ceipalandalus\/files\/2016\/02\/pdf-150x150.png 150w, https:\/\/blogsaverroes.juntadeandalucia.es\/ceipalandalus\/files\/2016\/02\/pdf-100x100.png 100w, https:\/\/blogsaverroes.juntadeandalucia.es\/ceipalandalus\/files\/2016\/02\/pdf-160x160.png 160w\" sizes=\"(max-width: 45px) 100vw, 45px\" \/><\/a>&nbsp;<\/em><\/td>\n<td style=\"text-align: left\"><em><a href=\"https:\/\/blogsaverroes.juntadeandalucia.es\/ceipalandalus\/files\/2016\/02\/ANEXO-II.pdf\">ANEXO II. Solicitud de Servicios de Aula Matinal, Comedor y Actividades Extraescolares<\/a><\/em><em>&nbsp;<\/em><\/td>\n<\/tr>\n<tr>\n<td><em>&nbsp;<a href=\"http:\/\/blogsaverroes.juntadeandalucia.es\/ceipalandalus\/files\/2016\/02\/Solicitud-de-Bonificaci\u00f3n-de-los-servicios-del-PAC.pdf\" target=\"_blank\"><img loading=\"lazy\" decoding=\"async\" class=\"alignnone wp-image-51\" src=\"http:\/\/blogsaverroes.juntadeandalucia.es\/ceipalandalus\/files\/2016\/02\/pdf.png\" alt=\"pdf\" width=\"45\" height=\"45\" srcset=\"https:\/\/blogsaverroes.juntadeandalucia.es\/ceipalandalus\/files\/2016\/02\/pdf.png 256w, https:\/\/blogsaverroes.juntadeandalucia.es\/ceipalandalus\/files\/2016\/02\/pdf-150x150.png 150w, https:\/\/blogsaverroes.juntadeandalucia.es\/ceipalandalus\/files\/2016\/02\/pdf-100x100.png 100w, https:\/\/blogsaverroes.juntadeandalucia.es\/ceipalandalus\/files\/2016\/02\/pdf-160x160.png 160w\" sizes=\"(max-width: 45px) 100vw, 45px\" \/><\/a><\/em><\/td>\n<td style=\"text-align: left\"><em><a href=\"https:\/\/blogsaverroes.juntadeandalucia.es\/ceipalandalus\/files\/2016\/02\/ANEXO-V-1.pdf\">ANEXO V. Solicitud de bonificaci\u00f3n de los servicios de Aula Matinal, Comedor y Actividades Extraescolares<\/a>.&nbsp;<\/em><\/td>\n<\/tr>\n<tr>\n<td><em>&nbsp;<a href=\"http:\/\/blogsaverroes.juntadeandalucia.es\/ceipalandalus\/files\/2016\/02\/Cuadrante-bonificaciones-Plan-Apertura.pdf\" target=\"_blank\"><img loading=\"lazy\" decoding=\"async\" class=\"alignnone wp-image-51\" src=\"http:\/\/blogsaverroes.juntadeandalucia.es\/ceipalandalus\/files\/2016\/02\/pdf.png\" alt=\"pdf\" width=\"45\" height=\"45\" srcset=\"https:\/\/blogsaverroes.juntadeandalucia.es\/ceipalandalus\/files\/2016\/02\/pdf.png 256w, https:\/\/blogsaverroes.juntadeandalucia.es\/ceipalandalus\/files\/2016\/02\/pdf-150x150.png 150w, https:\/\/blogsaverroes.juntadeandalucia.es\/ceipalandalus\/files\/2016\/02\/pdf-100x100.png 100w, https:\/\/blogsaverroes.juntadeandalucia.es\/ceipalandalus\/files\/2016\/02\/pdf-160x160.png 160w\" sizes=\"(max-width: 45px) 100vw, 45px\" \/><\/a><\/em><\/td>\n<td style=\"text-align: left\"><em>&nbsp;<a href=\"http:\/\/blogsaverroes.juntadeandalucia.es\/ceipalandalus\/files\/2016\/02\/Cuadrante-bonificaciones-Plan-Apertura.pdf\" target=\"_blank\">Cuadrante bonificaciones Plan de Apertura<\/a><\/em><\/td>\n<\/tr>\n<tr>\n<td><em><a href=\"http:\/\/blogsaverroes.juntadeandalucia.es\/ceipalandalus\/files\/2016\/02\/Solicitud-de-baja-de-los-servicios-del-PAC.pdf\" target=\"_blank\"><img loading=\"lazy\" decoding=\"async\" class=\"alignnone wp-image-51\" src=\"http:\/\/blogsaverroes.juntadeandalucia.es\/ceipalandalus\/files\/2016\/02\/pdf.png\" alt=\"pdf\" width=\"45\" height=\"45\" srcset=\"https:\/\/blogsaverroes.juntadeandalucia.es\/ceipalandalus\/files\/2016\/02\/pdf.png 256w, https:\/\/blogsaverroes.juntadeandalucia.es\/ceipalandalus\/files\/2016\/02\/pdf-150x150.png 150w, https:\/\/blogsaverroes.juntadeandalucia.es\/ceipalandalus\/files\/2016\/02\/pdf-100x100.png 100w, https:\/\/blogsaverroes.juntadeandalucia.es\/ceipalandalus\/files\/2016\/02\/pdf-160x160.png 160w\" sizes=\"(max-width: 45px) 100vw, 45px\" \/><\/a><\/em><\/td>\n<td style=\"text-align: left\"><em><a href=\"http:\/\/blogsaverroes.juntadeandalucia.es\/ceipalandalus\/files\/2016\/02\/Solicitud-de-baja-de-los-servicios-del-PAC.pdf\" target=\"_blank\">Solicitud de baja de los servicios del Plan de Apoyo a las Familias<\/a><\/em><\/td>\n<\/tr>\n<tr>\n<td><em><a href=\"http:\/\/blogsaverroes.juntadeandalucia.es\/ceipalandalus\/files\/2016\/02\/Orden3agosto2010servicioscomplementarios.pdf\" target=\"_blank\"><img loading=\"lazy\" decoding=\"async\" class=\"alignnone wp-image-51\" src=\"http:\/\/blogsaverroes.juntadeandalucia.es\/ceipalandalus\/files\/2016\/02\/pdf.png\" alt=\"pdf\" width=\"48\" height=\"48\" srcset=\"https:\/\/blogsaverroes.juntadeandalucia.es\/ceipalandalus\/files\/2016\/02\/pdf.png 256w, https:\/\/blogsaverroes.juntadeandalucia.es\/ceipalandalus\/files\/2016\/02\/pdf-150x150.png 150w, https:\/\/blogsaverroes.juntadeandalucia.es\/ceipalandalus\/files\/2016\/02\/pdf-100x100.png 100w, https:\/\/blogsaverroes.juntadeandalucia.es\/ceipalandalus\/files\/2016\/02\/pdf-160x160.png 160w\" sizes=\"(max-width: 48px) 100vw, 48px\" \/><\/a><\/em><\/td>\n<td style=\"text-align: left\"><a href=\"https:\/\/blogsaverroes.juntadeandalucia.es\/ceipalandalus\/files\/2016\/02\/BOJA17-078-00027-7095-01_00112396.pdf\">Orden de 17 de abril de 2017, por la que se regula la Organizaci\u00f3n y Funcionamiento de los servicios Complementarios de Aula Matinal, Comedor Escolar y Actividades Extraescolares.<\/a><\/td>\n<\/tr>\n<\/tbody>\n<\/table>\n","protected":false},"excerpt":{"rendered":"<p>Esta l\u00ednea de actuaci\u00f3n tiene como objetivo potenciar la oferta de actividades culturales y deportivas, con car\u00e1cter voluntario y en horario de tarde, que contribuyan a la formaci\u00f3n integral del alumnado, le ayuden a&#46;&#46;&#46;<\/p>\n","protected":false},"author":2235,"featured_media":0,"parent":0,"menu_order":0,"comment_status":"closed","ping_status":"closed","template":"","meta":{"ngg_post_thumbnail":0,"footnotes":""},"aioseo_notices":[],"_links":{"self":[{"href":"https:\/\/blogsaverroes.juntadeandalucia.es\/ceipalandalus\/wp-json\/wp\/v2\/pages\/96"}],"collection":[{"href":"https:\/\/blogsaverroes.juntadeandalucia.es\/ceipalandalus\/wp-json\/wp\/v2\/pages"}],"about":[{"href":"https:\/\/blogsaverroes.juntadeandalucia.es\/ceipalandalus\/wp-json\/wp\/v2\/types\/page"}],"author":[{"embeddable":true,"href":"https:\/\/blogsaverroes.juntadeandalucia.es\/ceipalandalus\/wp-json\/wp\/v2\/users\/2235"}],"replies":[{"embeddable":true,"href":"https:\/\/blogsaverroes.juntadeandalucia.es\/ceipalandalus\/wp-json\/wp\/v2\/comments?post=96"}],"version-history":[{"count":6,"href":"https:\/\/blogsaverroes.juntadeandalucia.es\/ceipalandalus\/wp-json\/wp\/v2\/pages\/96\/revisions"}],"predecessor-version":[{"id":2643,"href":"https:\/\/blogsaverroes.juntadeandalucia.es\/ceipalandalus\/wp-json\/wp\/v2\/pages\/96\/revisions\/2643"}],"wp:attachment":[{"href":"https:\/\/blogsaverroes.juntadeandalucia.es\/ceipalandalus\/wp-json\/wp\/v2\/media?parent=96"}],"curies":[{"name":"wp","href":"https:\/\/api.w.org\/{rel}","templated":true}]}}