{"id":2195,"date":"2019-05-14T16:43:43","date_gmt":"2019-05-14T16:43:43","guid":{"rendered":"https:\/\/blogsaverroes.juntadeandalucia.es\/ceipalandaluschiclana\/?page_id=2195"},"modified":"2019-05-16T08:12:34","modified_gmt":"2019-05-16T08:12:34","slug":"abn-material-didactico","status":"publish","type":"page","link":"https:\/\/blogsaverroes.juntadeandalucia.es\/ceipalandaluschiclana\/abn-material-didactico\/","title":{"rendered":"ABN. Material did\u00e1ctico."},"content":{"rendered":"<p><a href=\"https:\/\/blogsaverroes.juntadeandalucia.es\/ceipalandaluschiclana\/files\/2019\/05\/mathematics-1660868_960_720.png\"><img loading=\"lazy\" decoding=\"async\" class=\"alignnone wp-image-2302\" src=\"https:\/\/blogsaverroes.juntadeandalucia.es\/ceipalandaluschiclana\/files\/2019\/05\/mathematics-1660868_960_720-200x300.png\" alt=\"\" width=\"135\" height=\"203\" srcset=\"https:\/\/blogsaverroes.juntadeandalucia.es\/ceipalandaluschiclana\/files\/2019\/05\/mathematics-1660868_960_720-200x300.png 200w, https:\/\/blogsaverroes.juntadeandalucia.es\/ceipalandaluschiclana\/files\/2019\/05\/mathematics-1660868_960_720-16x24.png 16w, https:\/\/blogsaverroes.juntadeandalucia.es\/ceipalandaluschiclana\/files\/2019\/05\/mathematics-1660868_960_720-24x36.png 24w, https:\/\/blogsaverroes.juntadeandalucia.es\/ceipalandaluschiclana\/files\/2019\/05\/mathematics-1660868_960_720-32x48.png 32w, https:\/\/blogsaverroes.juntadeandalucia.es\/ceipalandaluschiclana\/files\/2019\/05\/mathematics-1660868_960_720.png 480w\" sizes=\"(max-width: 135px) 100vw, 135px\" \/><\/a> <a href=\"https:\/\/blogsaverroes.juntadeandalucia.es\/ceipalandaluschiclana\/files\/2019\/05\/mathematics-1660865_960_720.png\"><img loading=\"lazy\" decoding=\"async\" class=\"alignnone wp-image-2300\" src=\"https:\/\/blogsaverroes.juntadeandalucia.es\/ceipalandaluschiclana\/files\/2019\/05\/mathematics-1660865_960_720-200x300.png\" alt=\"\" width=\"135\" height=\"203\" srcset=\"https:\/\/blogsaverroes.juntadeandalucia.es\/ceipalandaluschiclana\/files\/2019\/05\/mathematics-1660865_960_720-200x300.png 200w, https:\/\/blogsaverroes.juntadeandalucia.es\/ceipalandaluschiclana\/files\/2019\/05\/mathematics-1660865_960_720-16x24.png 16w, https:\/\/blogsaverroes.juntadeandalucia.es\/ceipalandaluschiclana\/files\/2019\/05\/mathematics-1660865_960_720-24x36.png 24w, https:\/\/blogsaverroes.juntadeandalucia.es\/ceipalandaluschiclana\/files\/2019\/05\/mathematics-1660865_960_720-32x48.png 32w, https:\/\/blogsaverroes.juntadeandalucia.es\/ceipalandaluschiclana\/files\/2019\/05\/mathematics-1660865_960_720.png 480w\" sizes=\"(max-width: 135px) 100vw, 135px\" \/><\/a>&nbsp;&nbsp;&nbsp;<\/p>\n<div id=\"artikel\">\n<div class=\"blog\">\n<div class=\"leading\">\n<div class=\"eintrag\">\n<ul>\n<li class=\"item165\"><a href=\"https:\/\/drive.google.com\/file\/d\/0B2VgnVtBcRDJOV9uZWY4UEEtMTg\/edit?usp=sharing\" target=\"_blank\" rel=\"noopener\">Tablas de numeraci\u00f3n y multiplicaci\u00f3n<\/a><\/li>\n<li class=\"item166\"><a href=\"https:\/\/drive.google.com\/file\/d\/0B2VgnVtBcRDJZmRnV2ZrYURnVXc\/edit?usp=sharing\" target=\"_blank\" rel=\"noopener\">Plantilla grande<\/a><\/li>\n<li class=\"item167\"><a href=\"https:\/\/drive.google.com\/file\/d\/0B2VgnVtBcRDJcnpNTHRKS25kT1k\/edit?usp=sharing\" target=\"_blank\" rel=\"noopener\">Plantilla euros<\/a><\/li>\n<li class=\"item169\"><a href=\"https:\/\/drive.google.com\/file\/d\/0B2VgnVtBcRDJMGdNOTFXTWk0YW8\/edit?usp=sharing\" target=\"_blank\" rel=\"noopener\">Suma y resta gr\u00e1ficas<\/a><\/li>\n<li class=\"item170\"><a href=\"https:\/\/drive.google.com\/file\/d\/0B2VgnVtBcRDJZEthakRFOXFBVEU\/edit?usp=sharing\" target=\"_blank\" rel=\"noopener\">Plantilla ni\u00f1os\/-as<\/a><\/li>\n<li class=\"item171\"><a href=\"https:\/\/drive.google.com\/file\/d\/0B2VgnVtBcRDJVTZVS3RzOFBXek0\/edit?usp=sharing\" target=\"_blank\" rel=\"noopener\">Tutorial ABN<\/a><\/li>\n<li class=\"item174\"><a href=\"https:\/\/drive.google.com\/file\/d\/0B2VgnVtBcRDJbFhfV1FIaElsSmM\/edit?usp=sharing\" target=\"_blank\" rel=\"noopener\">El coco loco<\/a><\/li>\n<li class=\"item175\"><a href=\"https:\/\/drive.google.com\/file\/d\/0B2VgnVtBcRDJellXd2ZzbjhPbmM\/edit?usp=sharing\" target=\"_blank\" rel=\"noopener\">Plantilla ABN<\/a><\/li>\n<li class=\"item176\"><a href=\"https:\/\/drive.google.com\/file\/d\/0B2VgnVtBcRDJY0VNamlXNmFlX28\/edit?usp=sharing\" target=\"_blank\" rel=\"noopener\">Operaciones ABN<\/a><\/li>\n<li class=\"item177\"><a href=\"https:\/\/drive.google.com\/file\/d\/0B2VgnVtBcRDJYkRnMm1LSmhlSzA\/edit?usp=sharing\" target=\"_blank\" rel=\"noopener\">Relojes<\/a><\/li>\n<\/ul>\n<\/div>\n<\/div>\n<\/div>\n<\/div>\n","protected":false},"excerpt":{"rendered":"<p>&nbsp;&nbsp;&nbsp; Tablas de numeraci\u00f3n y multiplicaci\u00f3n Plantilla grande Plantilla euros Suma y resta gr\u00e1ficas Plantilla ni\u00f1os\/-as Tutorial ABN El coco loco Plantilla ABN Operaciones ABN Relojes<\/p>\n","protected":false},"author":7536,"featured_media":0,"parent":0,"menu_order":0,"comment_status":"closed","ping_status":"closed","template":"","meta":{"ngg_post_thumbnail":0,"footnotes":"","_mc_calendar":[]},"aioseo_notices":[],"_links":{"self":[{"href":"https:\/\/blogsaverroes.juntadeandalucia.es\/ceipalandaluschiclana\/wp-json\/wp\/v2\/pages\/2195"}],"collection":[{"href":"https:\/\/blogsaverroes.juntadeandalucia.es\/ceipalandaluschiclana\/wp-json\/wp\/v2\/pages"}],"about":[{"href":"https:\/\/blogsaverroes.juntadeandalucia.es\/ceipalandaluschiclana\/wp-json\/wp\/v2\/types\/page"}],"author":[{"embeddable":true,"href":"https:\/\/blogsaverroes.juntadeandalucia.es\/ceipalandaluschiclana\/wp-json\/wp\/v2\/users\/7536"}],"replies":[{"embeddable":true,"href":"https:\/\/blogsaverroes.juntadeandalucia.es\/ceipalandaluschiclana\/wp-json\/wp\/v2\/comments?post=2195"}],"version-history":[{"count":5,"href":"https:\/\/blogsaverroes.juntadeandalucia.es\/ceipalandaluschiclana\/wp-json\/wp\/v2\/pages\/2195\/revisions"}],"predecessor-version":[{"id":2313,"href":"https:\/\/blogsaverroes.juntadeandalucia.es\/ceipalandaluschiclana\/wp-json\/wp\/v2\/pages\/2195\/revisions\/2313"}],"wp:attachment":[{"href":"https:\/\/blogsaverroes.juntadeandalucia.es\/ceipalandaluschiclana\/wp-json\/wp\/v2\/media?parent=2195"}],"curies":[{"name":"wp","href":"https:\/\/api.w.org\/{rel}","templated":true}]}}