{"id":2203,"date":"2019-05-14T16:44:51","date_gmt":"2019-05-14T16:44:51","guid":{"rendered":"https:\/\/blogsaverroes.juntadeandalucia.es\/ceipalandaluschiclana\/?page_id=2203"},"modified":"2019-05-16T08:38:27","modified_gmt":"2019-05-16T08:38:27","slug":"abn-estadistica","status":"publish","type":"page","link":"https:\/\/blogsaverroes.juntadeandalucia.es\/ceipalandaluschiclana\/abn-estadistica\/","title":{"rendered":"ABN. Estad\u00edstica."},"content":{"rendered":"<p><a href=\"https:\/\/blogsaverroes.juntadeandalucia.es\/ceipalandaluschiclana\/files\/2019\/05\/mathematics-1660861_960_720.png\"><img loading=\"lazy\" decoding=\"async\" class=\"alignnone  wp-image-2299\" src=\"https:\/\/blogsaverroes.juntadeandalucia.es\/ceipalandaluschiclana\/files\/2019\/05\/mathematics-1660861_960_720-200x300.png\" alt=\"\" width=\"135\" height=\"203\" srcset=\"https:\/\/blogsaverroes.juntadeandalucia.es\/ceipalandaluschiclana\/files\/2019\/05\/mathematics-1660861_960_720-200x300.png 200w, https:\/\/blogsaverroes.juntadeandalucia.es\/ceipalandaluschiclana\/files\/2019\/05\/mathematics-1660861_960_720-16x24.png 16w, https:\/\/blogsaverroes.juntadeandalucia.es\/ceipalandaluschiclana\/files\/2019\/05\/mathematics-1660861_960_720-24x36.png 24w, https:\/\/blogsaverroes.juntadeandalucia.es\/ceipalandaluschiclana\/files\/2019\/05\/mathematics-1660861_960_720-32x48.png 32w, https:\/\/blogsaverroes.juntadeandalucia.es\/ceipalandaluschiclana\/files\/2019\/05\/mathematics-1660861_960_720.png 480w\" sizes=\"(max-width: 135px) 100vw, 135px\" \/><\/a> <a href=\"https:\/\/blogsaverroes.juntadeandalucia.es\/ceipalandaluschiclana\/files\/2019\/05\/mathematics-1660866_960_720.png\"><img loading=\"lazy\" decoding=\"async\" class=\"alignnone  wp-image-2301\" src=\"https:\/\/blogsaverroes.juntadeandalucia.es\/ceipalandaluschiclana\/files\/2019\/05\/mathematics-1660866_960_720-200x300.png\" alt=\"\" width=\"135\" height=\"203\" srcset=\"https:\/\/blogsaverroes.juntadeandalucia.es\/ceipalandaluschiclana\/files\/2019\/05\/mathematics-1660866_960_720-200x300.png 200w, https:\/\/blogsaverroes.juntadeandalucia.es\/ceipalandaluschiclana\/files\/2019\/05\/mathematics-1660866_960_720-16x24.png 16w, https:\/\/blogsaverroes.juntadeandalucia.es\/ceipalandaluschiclana\/files\/2019\/05\/mathematics-1660866_960_720-24x36.png 24w, https:\/\/blogsaverroes.juntadeandalucia.es\/ceipalandaluschiclana\/files\/2019\/05\/mathematics-1660866_960_720-32x48.png 32w, https:\/\/blogsaverroes.juntadeandalucia.es\/ceipalandaluschiclana\/files\/2019\/05\/mathematics-1660866_960_720.png 480w\" sizes=\"(max-width: 135px) 100vw, 135px\" \/><\/a><\/p>\n<ul>\n<li class=\"item266\"><a href=\"https:\/\/drive.google.com\/file\/d\/0Bzr5G1IM8BOoMWJaZVhtVThvRjQ\/view?usp=sharing\" target=\"_blank\" rel=\"noopener\">Tutorial Estad\u00edstica<\/a><\/li>\n<li class=\"item268\"><a href=\"https:\/\/drive.google.com\/file\/d\/0Bzr5G1IM8BOoREM0SDFNVlJQOE0\/view?usp=sharing\" target=\"_blank\" rel=\"noopener\">Tablas Estad\u00edstica<\/a><\/li>\n<li class=\"item269\"><a href=\"https:\/\/drive.google.com\/file\/d\/0Bzr5G1IM8BOoOXUxbENPWWNYQTQ\/view?usp=sharing\" target=\"_blank\" rel=\"noopener\">Gr\u00e1ficos Estad\u00edstica<\/a><\/li>\n<li class=\"item267\"><a href=\"https:\/\/drive.google.com\/file\/d\/0Bzr5G1IM8BOoQ1hSSlNSVkV2ZmM\/view?usp=sharing\" target=\"_blank\" rel=\"noopener\">Actividades de Estad\u00edstica<\/a><\/li>\n<\/ul>\n","protected":false},"excerpt":{"rendered":"<p>Tutorial Estad\u00edstica Tablas Estad\u00edstica Gr\u00e1ficos Estad\u00edstica Actividades de Estad\u00edstica<\/p>\n","protected":false},"author":7536,"featured_media":0,"parent":0,"menu_order":0,"comment_status":"closed","ping_status":"closed","template":"","meta":{"ngg_post_thumbnail":0,"footnotes":"","_mc_calendar":[]},"aioseo_notices":[],"_links":{"self":[{"href":"https:\/\/blogsaverroes.juntadeandalucia.es\/ceipalandaluschiclana\/wp-json\/wp\/v2\/pages\/2203"}],"collection":[{"href":"https:\/\/blogsaverroes.juntadeandalucia.es\/ceipalandaluschiclana\/wp-json\/wp\/v2\/pages"}],"about":[{"href":"https:\/\/blogsaverroes.juntadeandalucia.es\/ceipalandaluschiclana\/wp-json\/wp\/v2\/types\/page"}],"author":[{"embeddable":true,"href":"https:\/\/blogsaverroes.juntadeandalucia.es\/ceipalandaluschiclana\/wp-json\/wp\/v2\/users\/7536"}],"replies":[{"embeddable":true,"href":"https:\/\/blogsaverroes.juntadeandalucia.es\/ceipalandaluschiclana\/wp-json\/wp\/v2\/comments?post=2203"}],"version-history":[{"count":3,"href":"https:\/\/blogsaverroes.juntadeandalucia.es\/ceipalandaluschiclana\/wp-json\/wp\/v2\/pages\/2203\/revisions"}],"predecessor-version":[{"id":2323,"href":"https:\/\/blogsaverroes.juntadeandalucia.es\/ceipalandaluschiclana\/wp-json\/wp\/v2\/pages\/2203\/revisions\/2323"}],"wp:attachment":[{"href":"https:\/\/blogsaverroes.juntadeandalucia.es\/ceipalandaluschiclana\/wp-json\/wp\/v2\/media?parent=2203"}],"curies":[{"name":"wp","href":"https:\/\/api.w.org\/{rel}","templated":true}]}}