{"id":2361,"date":"2019-05-17T08:07:46","date_gmt":"2019-05-17T08:07:46","guid":{"rendered":"https:\/\/blogsaverroes.juntadeandalucia.es\/ceipalandaluschiclana\/?page_id=2361"},"modified":"2024-09-26T07:17:37","modified_gmt":"2024-09-26T07:17:37","slug":"etcp","status":"publish","type":"page","link":"https:\/\/blogsaverroes.juntadeandalucia.es\/ceipalandaluschiclana\/etcp\/","title":{"rendered":"ETCP"},"content":{"rendered":"<p>EQUIPO T\u00c9CNICO DE COORDINACI\u00d3N PEDAG\u00d3GICA<\/p>\n<ul>\n<li>Director:<\/li>\n<\/ul>\n<p>Francisco Beltr\u00e1n Jim\u00e9nez<\/p>\n<ul>\n<li>Jefa de Estudios:<\/li>\n<\/ul>\n<p>Sof\u00eda Forero Pi\u00f1ero<\/p>\n<ul>\n<li>Coordinadora de Educaci\u00f3n Infantil:<\/li>\n<\/ul>\n<p>Ana Isabel Barberi Garc\u00eda<\/p>\n<ul>\n<li>Coordinador del Primer Ciclo de Primaria:<\/li>\n<\/ul>\n<p>Irene Alba Marcial<\/p>\n<ul>\n<li>Coordinador del Segundo Ciclo de Primaria:<\/li>\n<\/ul>\n<p>Sandra Garc\u00eda Iglesias<\/p>\n<ul>\n<li>Coordinador del Tercer Ciclo de Primaria:<\/li>\n<\/ul>\n<p>M\u00aa \u00c1ngeles Guti\u00e9rrez de las Mulas&nbsp;&nbsp;<\/p>\n<ul>\n<li>Coordinara del Equipo de Orientaci\u00f3n y Apoyo (EOA):<\/li>\n<\/ul>\n<p>Milagros Montero Guti\u00e9rrez<\/p>\n","protected":false},"excerpt":{"rendered":"<p>EQUIPO T\u00c9CNICO DE COORDINACI\u00d3N PEDAG\u00d3GICA Director: Francisco Beltr\u00e1n Jim\u00e9nez Jefa de Estudios: Sof\u00eda Forero Pi\u00f1ero Coordinadora de Educaci\u00f3n Infantil: Ana Isabel Barberi Garc\u00eda Coordinador del Primer Ciclo de Primaria: Irene Alba Marcial Coordinador del&#46;&#46;&#46;<\/p>\n","protected":false},"author":7536,"featured_media":0,"parent":0,"menu_order":0,"comment_status":"closed","ping_status":"closed","template":"","meta":{"ngg_post_thumbnail":0,"footnotes":"","_mc_calendar":[]},"aioseo_notices":[],"_links":{"self":[{"href":"https:\/\/blogsaverroes.juntadeandalucia.es\/ceipalandaluschiclana\/wp-json\/wp\/v2\/pages\/2361"}],"collection":[{"href":"https:\/\/blogsaverroes.juntadeandalucia.es\/ceipalandaluschiclana\/wp-json\/wp\/v2\/pages"}],"about":[{"href":"https:\/\/blogsaverroes.juntadeandalucia.es\/ceipalandaluschiclana\/wp-json\/wp\/v2\/types\/page"}],"author":[{"embeddable":true,"href":"https:\/\/blogsaverroes.juntadeandalucia.es\/ceipalandaluschiclana\/wp-json\/wp\/v2\/users\/7536"}],"replies":[{"embeddable":true,"href":"https:\/\/blogsaverroes.juntadeandalucia.es\/ceipalandaluschiclana\/wp-json\/wp\/v2\/comments?post=2361"}],"version-history":[{"count":8,"href":"https:\/\/blogsaverroes.juntadeandalucia.es\/ceipalandaluschiclana\/wp-json\/wp\/v2\/pages\/2361\/revisions"}],"predecessor-version":[{"id":4859,"href":"https:\/\/blogsaverroes.juntadeandalucia.es\/ceipalandaluschiclana\/wp-json\/wp\/v2\/pages\/2361\/revisions\/4859"}],"wp:attachment":[{"href":"https:\/\/blogsaverroes.juntadeandalucia.es\/ceipalandaluschiclana\/wp-json\/wp\/v2\/media?parent=2361"}],"curies":[{"name":"wp","href":"https:\/\/api.w.org\/{rel}","templated":true}]}}