{"id":2387,"date":"2019-05-20T08:17:58","date_gmt":"2019-05-20T08:17:58","guid":{"rendered":"https:\/\/blogsaverroes.juntadeandalucia.es\/ceipalandaluschiclana\/?page_id=2387"},"modified":"2019-05-20T08:18:43","modified_gmt":"2019-05-20T08:18:43","slug":"caracteristicas","status":"publish","type":"page","link":"https:\/\/blogsaverroes.juntadeandalucia.es\/ceipalandaluschiclana\/caracteristicas\/","title":{"rendered":"Caracter\u00edsticas"},"content":{"rendered":"<p style=\"font-weight: 400\">&nbsp;<\/p>\n<p style=\"font-weight: 400\"><img decoding=\"async\" class=\"aligncenter\" src=\"http:\/\/ceipalandaluschiclana.es\/images\/stories\/biblioteca\/dsc_0246.jpg\"><\/p>\n<p style=\"font-weight: 400\">Los fondos actuales de nuestra biblioteca son unos 3000 libros. Hay libros de lecturas diferenciadas por ciclos y libros de conocimiento divididos por \u00e1reas seg\u00fan la Clasificaci\u00f3n Decimal Universal (CDU). Hay bastantes libros sobre ciencias naturales, historia, educaci\u00f3n en valores, m\u00fasica, enciclopedias, diccionarios&#8230;<\/p>\n<p style=\"font-weight: 400\">Contamos con diverso material audiovisual que est\u00e1 pendiente de registrar y no se puede prestar de momento. Hay una colecci\u00f3n dibujos animados sobre Don Quijote, documentales de Conocimiento del Medio, selecci\u00f3n de pel\u00edculas cl\u00e1sicas como El Mago de Oz, colecci\u00f3n de Ast\u00e9rix y Ob\u00e9lix, la primera temporada de La Familia Addams, cine mudo con Buster Keaton, Grease\u2026<\/p>\n<p style=\"font-weight: 400\">&nbsp;<\/p>\n<p style=\"font-weight: 400\">El&nbsp;ESPACIO, unos 50m2, est\u00e1n dividido por zonas:<\/p>\n<p style=\"font-weight: 400\">&#8211;&nbsp;Zona de trabajo con siete mesas grandes de lectura con sus correspondientes sillas, para el trabajo en grupo o de forma individual.<\/p>\n<p style=\"font-weight: 400\">&#8211;&nbsp;Zona multimedia de consulta e informaci\u00f3n que cuenta con dos ordenadores con conexi\u00f3n a Internet, el otro es exclusivo para la gesti\u00f3n de la biblioteca.<\/p>\n<p style=\"font-weight: 400\">&#8211;&nbsp;Zona audiovisual que dispone de una pantalla y un reproductor de Blue-ray con acceso para usb.<\/p>\n<p style=\"font-weight: 400\">&#8211; Zona de animaci\u00f3n a la lectura, es un espacio decorado con un sill\u00f3n Cuentacuentos y una alfombra de goma en la que los alumnos pueden sentarse (hay que evitar pisarla sin necesidad). Alrededor del sill\u00f3n hay unos accesorios que se pueden utilizar para las animaciones.<\/p>\n<p style=\"font-weight: 400\">&#8211;&nbsp;Zona de publicaciones peri\u00f3dicas, donde se ha colocado un revistero que contendr\u00e1 una selecci\u00f3n de c\u00f3mics y revistas.<\/p>\n<p style=\"font-weight: 400\">&#8211;&nbsp;Espacio web. La biblioteca tendr\u00e1 una secci\u00f3n en la p\u00e1gina web del centro, donde se expondr\u00e1n las normas de funcionamiento, caracter\u00edsticas del servicio de pr\u00e9stamo, art\u00edculos con las actividades realizadas en ella, orientaciones para que la familia colabore desde casa\u2026<\/p>\n<p style=\"font-weight: 400\">&nbsp;<\/p>\n<p style=\"font-weight: 400\">Los&nbsp;SERVICIOS&nbsp;que tiene previsto ofrecer, en principio, son:<\/p>\n<p style=\"font-weight: 400\">&#8211;&nbsp;Animaciones a la lectura: Espor\u00e1dicamente se preparar\u00e1n animaciones para distintos niveles y se invitar\u00e1 a las clases que quieran asistir.<\/p>\n<p style=\"font-weight: 400\">&#8211;&nbsp;Visita de clases: Se le asignar\u00e1 a cada clase una hora a la semana para acudir a la biblioteca a realizar alguna actividad si lo desean (lectura, trabajo de investigaci\u00f3n, sesi\u00f3n de cine\u2026).<\/p>\n<p style=\"font-weight: 400\">&#8211;&nbsp;Exposiciones: Se podr\u00e1n colgar en el tabl\u00f3n exterior peque\u00f1os relatos. ilustraciones o trabajos de clase que merezcan ser expuestos.<\/p>\n<p style=\"font-weight: 400\">&#8211;&nbsp;Servicio de pr\u00e9stamo: Para que los alumnos y maestros que lo soliciten, con su carnet lector puedan llevarse los libros prestados.<\/p>\n","protected":false},"excerpt":{"rendered":"<p>&nbsp; Los fondos actuales de nuestra biblioteca son unos 3000 libros. Hay libros de lecturas diferenciadas por ciclos y libros de conocimiento divididos por \u00e1reas seg\u00fan la Clasificaci\u00f3n Decimal Universal (CDU). Hay bastantes libros&#46;&#46;&#46;<\/p>\n","protected":false},"author":7536,"featured_media":0,"parent":0,"menu_order":0,"comment_status":"closed","ping_status":"closed","template":"","meta":{"ngg_post_thumbnail":0,"footnotes":"","_mc_calendar":[]},"aioseo_notices":[],"_links":{"self":[{"href":"https:\/\/blogsaverroes.juntadeandalucia.es\/ceipalandaluschiclana\/wp-json\/wp\/v2\/pages\/2387"}],"collection":[{"href":"https:\/\/blogsaverroes.juntadeandalucia.es\/ceipalandaluschiclana\/wp-json\/wp\/v2\/pages"}],"about":[{"href":"https:\/\/blogsaverroes.juntadeandalucia.es\/ceipalandaluschiclana\/wp-json\/wp\/v2\/types\/page"}],"author":[{"embeddable":true,"href":"https:\/\/blogsaverroes.juntadeandalucia.es\/ceipalandaluschiclana\/wp-json\/wp\/v2\/users\/7536"}],"replies":[{"embeddable":true,"href":"https:\/\/blogsaverroes.juntadeandalucia.es\/ceipalandaluschiclana\/wp-json\/wp\/v2\/comments?post=2387"}],"version-history":[{"count":1,"href":"https:\/\/blogsaverroes.juntadeandalucia.es\/ceipalandaluschiclana\/wp-json\/wp\/v2\/pages\/2387\/revisions"}],"predecessor-version":[{"id":2388,"href":"https:\/\/blogsaverroes.juntadeandalucia.es\/ceipalandaluschiclana\/wp-json\/wp\/v2\/pages\/2387\/revisions\/2388"}],"wp:attachment":[{"href":"https:\/\/blogsaverroes.juntadeandalucia.es\/ceipalandaluschiclana\/wp-json\/wp\/v2\/media?parent=2387"}],"curies":[{"name":"wp","href":"https:\/\/api.w.org\/{rel}","templated":true}]}}