{"id":2423,"date":"2019-05-21T07:49:31","date_gmt":"2019-05-21T07:49:31","guid":{"rendered":"https:\/\/blogsaverroes.juntadeandalucia.es\/ceipalandaluschiclana\/?page_id=2423"},"modified":"2019-05-21T07:58:26","modified_gmt":"2019-05-21T07:58:26","slug":"normativa","status":"publish","type":"page","link":"https:\/\/blogsaverroes.juntadeandalucia.es\/ceipalandaluschiclana\/normativa\/","title":{"rendered":"Normativa"},"content":{"rendered":"<p><a class=\"category\" href=\"http:\/\/www.adideandalucia.es\/normas\/ordenes\/Orden28junio2011EnsenanzaBilingue.pdf\" target=\"_blank\" rel=\"noopener\">Organizaci\u00f3n Ense\u00f1anza Biling\u00fce<\/a><\/p>\n<p><a class=\"category\" href=\"http:\/\/www.adideandalucia.es\/normas\/instruc\/Instruc3sept2012EnsenanzaBilingue.pdf\" target=\"_blank\" rel=\"noopener\">Organizaci\u00f3n y funcionamiento 2012\/2013<\/a><\/p>\n<p><a class=\"category\" href=\"http:\/\/www.juntadeandalucia.es\/educacion\/portals\/abaco-portlet\/content\/f575fa79-803d-4bd8-b248-b9a4ebbdc183\" target=\"_blank\" rel=\"noopener\">Instrucciones Junio 2017<\/a><\/p>\n<p>&nbsp;<\/p>\n","protected":false},"excerpt":{"rendered":"<p>Organizaci\u00f3n Ense\u00f1anza Biling\u00fce Organizaci\u00f3n y funcionamiento 2012\/2013 Instrucciones Junio 2017 &nbsp;<\/p>\n","protected":false},"author":7536,"featured_media":0,"parent":0,"menu_order":0,"comment_status":"closed","ping_status":"closed","template":"","meta":{"ngg_post_thumbnail":0,"footnotes":"","_mc_calendar":[]},"aioseo_notices":[],"_links":{"self":[{"href":"https:\/\/blogsaverroes.juntadeandalucia.es\/ceipalandaluschiclana\/wp-json\/wp\/v2\/pages\/2423"}],"collection":[{"href":"https:\/\/blogsaverroes.juntadeandalucia.es\/ceipalandaluschiclana\/wp-json\/wp\/v2\/pages"}],"about":[{"href":"https:\/\/blogsaverroes.juntadeandalucia.es\/ceipalandaluschiclana\/wp-json\/wp\/v2\/types\/page"}],"author":[{"embeddable":true,"href":"https:\/\/blogsaverroes.juntadeandalucia.es\/ceipalandaluschiclana\/wp-json\/wp\/v2\/users\/7536"}],"replies":[{"embeddable":true,"href":"https:\/\/blogsaverroes.juntadeandalucia.es\/ceipalandaluschiclana\/wp-json\/wp\/v2\/comments?post=2423"}],"version-history":[{"count":3,"href":"https:\/\/blogsaverroes.juntadeandalucia.es\/ceipalandaluschiclana\/wp-json\/wp\/v2\/pages\/2423\/revisions"}],"predecessor-version":[{"id":2430,"href":"https:\/\/blogsaverroes.juntadeandalucia.es\/ceipalandaluschiclana\/wp-json\/wp\/v2\/pages\/2423\/revisions\/2430"}],"wp:attachment":[{"href":"https:\/\/blogsaverroes.juntadeandalucia.es\/ceipalandaluschiclana\/wp-json\/wp\/v2\/media?parent=2423"}],"curies":[{"name":"wp","href":"https:\/\/api.w.org\/{rel}","templated":true}]}}