{"id":2427,"date":"2019-05-21T07:55:55","date_gmt":"2019-05-21T07:55:55","guid":{"rendered":"https:\/\/blogsaverroes.juntadeandalucia.es\/ceipalandaluschiclana\/?page_id=2427"},"modified":"2019-05-21T07:55:55","modified_gmt":"2019-05-21T07:55:55","slug":"science-lessons-by","status":"publish","type":"page","link":"https:\/\/blogsaverroes.juntadeandalucia.es\/ceipalandaluschiclana\/science-lessons-by\/","title":{"rendered":"Science lessons by&#8230;"},"content":{"rendered":"<p><a class=\"category\" href=\"https:\/\/www.youtube.com\/watch?v=s3fpOrcyfLQ&amp;feature=youtu.be\" target=\"_blank\" rel=\"noopener\">Parts of a plant<\/a><\/p>\n<p><a class=\"category\" href=\"https:\/\/www.youtube.com\/watch?v=9JZDR3kVO80&amp;t=2s\" target=\"_blank\" rel=\"noopener\">Atmosphere by \u00c1ngela<\/a><\/p>\n<p><a class=\"category\" href=\"https:\/\/www.youtube.com\/watch?v=8hCQSY6zMY4&amp;feature=youtu.be\" target=\"_blank\" rel=\"noopener\">Hydrosphere by Iv\u00e1n, Manuel y Domingo<\/a><\/p>\n<p><a class=\"category\" href=\"https:\/\/www.youtube.com\/watch?v=w3sHib_PvU0&amp;feature=youtu.be\" target=\"_blank\" rel=\"noopener\">Litosphere by Daniela, Marta y Andr\u00e9s<\/a><\/p>\n<p><a class=\"category\" href=\"https:\/\/www.youtube.com\/watch?v=-joKTNRaBWc&amp;feature=youtu.be\" target=\"_blank\" rel=\"noopener\">Estad\u00edsticas: Edades de nuestros padres y madres.<\/a><\/p>\n<p><a class=\"category\" href=\"https:\/\/www.youtube.com\/watch?v=a1brx6dQyKs&amp;feature=youtu.be\" target=\"_blank\" rel=\"noopener\">Las 15 ciudades m\u00e1s pobladas de Espa\u00f1a.<\/a><\/p>\n<p><a class=\"category\" href=\"https:\/\/www.youtube.com\/watch?v=mWr_Le57RoU&amp;feature=youtu.be\" target=\"_blank\" rel=\"noopener\">Estad\u00edsticas: Profesiones de nuestos padres y madres.<\/a><\/p>\n<p>&nbsp;<\/p>\n","protected":false},"excerpt":{"rendered":"<p>Parts of a plant Atmosphere by \u00c1ngela Hydrosphere by Iv\u00e1n, Manuel y Domingo Litosphere by Daniela, Marta y Andr\u00e9s Estad\u00edsticas: Edades de nuestros padres y madres. Las 15 ciudades m\u00e1s pobladas de Espa\u00f1a. Estad\u00edsticas:&#46;&#46;&#46;<\/p>\n","protected":false},"author":7536,"featured_media":0,"parent":0,"menu_order":0,"comment_status":"closed","ping_status":"closed","template":"","meta":{"ngg_post_thumbnail":0,"footnotes":"","_mc_calendar":[]},"aioseo_notices":[],"_links":{"self":[{"href":"https:\/\/blogsaverroes.juntadeandalucia.es\/ceipalandaluschiclana\/wp-json\/wp\/v2\/pages\/2427"}],"collection":[{"href":"https:\/\/blogsaverroes.juntadeandalucia.es\/ceipalandaluschiclana\/wp-json\/wp\/v2\/pages"}],"about":[{"href":"https:\/\/blogsaverroes.juntadeandalucia.es\/ceipalandaluschiclana\/wp-json\/wp\/v2\/types\/page"}],"author":[{"embeddable":true,"href":"https:\/\/blogsaverroes.juntadeandalucia.es\/ceipalandaluschiclana\/wp-json\/wp\/v2\/users\/7536"}],"replies":[{"embeddable":true,"href":"https:\/\/blogsaverroes.juntadeandalucia.es\/ceipalandaluschiclana\/wp-json\/wp\/v2\/comments?post=2427"}],"version-history":[{"count":1,"href":"https:\/\/blogsaverroes.juntadeandalucia.es\/ceipalandaluschiclana\/wp-json\/wp\/v2\/pages\/2427\/revisions"}],"predecessor-version":[{"id":2428,"href":"https:\/\/blogsaverroes.juntadeandalucia.es\/ceipalandaluschiclana\/wp-json\/wp\/v2\/pages\/2427\/revisions\/2428"}],"wp:attachment":[{"href":"https:\/\/blogsaverroes.juntadeandalucia.es\/ceipalandaluschiclana\/wp-json\/wp\/v2\/media?parent=2427"}],"curies":[{"name":"wp","href":"https:\/\/api.w.org\/{rel}","templated":true}]}}