{"id":2500,"date":"2019-05-28T10:11:14","date_gmt":"2019-05-28T10:11:14","guid":{"rendered":"https:\/\/blogsaverroes.juntadeandalucia.es\/ceipalandaluschiclana\/?page_id=2500"},"modified":"2019-05-28T10:11:14","modified_gmt":"2019-05-28T10:11:14","slug":"lengua-castellana","status":"publish","type":"page","link":"https:\/\/blogsaverroes.juntadeandalucia.es\/ceipalandaluschiclana\/lengua-castellana\/","title":{"rendered":"Lengua castellana"},"content":{"rendered":"<p><a class=\"category\" href=\"https:\/\/www.educalandia.net\/alumnos\/busqueda_tematica.php?palabra_clave=lectoescritura\" target=\"_blank\" rel=\"noopener\">Nuevo: Lectoescritura<\/a><\/p>\n<p><a class=\"category\" href=\"https:\/\/www.aulapt.org\/2014\/02\/13\/comprension-lectora-line\/\" target=\"_blank\" rel=\"noopener\">Nuevo: Comprensi\u00f3n lectora online<\/a><\/p>\n<p><a class=\"category\" href=\"http:\/\/www.genmagic.net\/lengua4\/lleng4c.swf\" target=\"_blank\" rel=\"noopener\">Nuevo: Ordena frases<\/a><\/p>\n<p><a class=\"category\" href=\"http:\/\/ntic.educacion.es\/w3\/eos\/MaterialesEducativos\/mem2003\/letras\/\" target=\"_blank\" rel=\"noopener\">Nuevo: LETRAS<\/a><\/p>\n<p><a class=\"category\" href=\"http:\/\/ntic.educacion.es\/w3\/\/eos\/MaterialesEducativos\/mem2007\/cueva_tragapalabras\/\" target=\"_blank\" rel=\"noopener\">La cueva de Tragapalabras<\/a><\/p>\n<p><a class=\"category\" href=\"http:\/\/roble.pntic.mec.es\/arum0010\/temas\/comprension_lectora.htm\" target=\"_blank\" rel=\"noopener\">Test de comprensi\u00f3n lectora<\/a><\/p>\n<p><a class=\"category\" href=\"http:\/\/www.reglasdeortografia.com\/ortoindice.html\" target=\"_blank\" rel=\"noopener\">Ejercicios de ortograf\u00eda<\/a><\/p>\n<p><a class=\"category\" href=\"http:\/\/genmagic.org\/lengua3\/pir1c.swf\" target=\"_blank\" rel=\"noopener\">Pir\u00e1mides de palabras<\/a><\/p>\n<p><a class=\"category\" href=\"http:\/\/acertijos.elhuevodechocolate.com\/de1a12\/acertijo3.html\" target=\"_blank\" rel=\"noopener\">Test de acertijos<\/a><\/p>\n<p><a class=\"category\" href=\"https:\/\/www.escuelaenlanube.com\/Materiales\/Velocidad%20lectora.pdf\" target=\"_blank\" rel=\"noopener\">ENLACE PARA TRABAJAR LA LECTURA (visi\u00f3n perif\u00e9rica, cronolectura, identificaci\u00f3n r\u00e1pida, rastreo visual, &#8230;<\/a><\/p>\n","protected":false},"excerpt":{"rendered":"<p>Nuevo: Lectoescritura Nuevo: Comprensi\u00f3n lectora online Nuevo: Ordena frases Nuevo: LETRAS La cueva de Tragapalabras Test de comprensi\u00f3n lectora Ejercicios de ortograf\u00eda Pir\u00e1mides de palabras Test de acertijos ENLACE PARA TRABAJAR LA LECTURA (visi\u00f3n&#46;&#46;&#46;<\/p>\n","protected":false},"author":7536,"featured_media":0,"parent":0,"menu_order":0,"comment_status":"closed","ping_status":"closed","template":"","meta":{"ngg_post_thumbnail":0,"footnotes":"","_mc_calendar":[]},"aioseo_notices":[],"_links":{"self":[{"href":"https:\/\/blogsaverroes.juntadeandalucia.es\/ceipalandaluschiclana\/wp-json\/wp\/v2\/pages\/2500"}],"collection":[{"href":"https:\/\/blogsaverroes.juntadeandalucia.es\/ceipalandaluschiclana\/wp-json\/wp\/v2\/pages"}],"about":[{"href":"https:\/\/blogsaverroes.juntadeandalucia.es\/ceipalandaluschiclana\/wp-json\/wp\/v2\/types\/page"}],"author":[{"embeddable":true,"href":"https:\/\/blogsaverroes.juntadeandalucia.es\/ceipalandaluschiclana\/wp-json\/wp\/v2\/users\/7536"}],"replies":[{"embeddable":true,"href":"https:\/\/blogsaverroes.juntadeandalucia.es\/ceipalandaluschiclana\/wp-json\/wp\/v2\/comments?post=2500"}],"version-history":[{"count":1,"href":"https:\/\/blogsaverroes.juntadeandalucia.es\/ceipalandaluschiclana\/wp-json\/wp\/v2\/pages\/2500\/revisions"}],"predecessor-version":[{"id":2501,"href":"https:\/\/blogsaverroes.juntadeandalucia.es\/ceipalandaluschiclana\/wp-json\/wp\/v2\/pages\/2500\/revisions\/2501"}],"wp:attachment":[{"href":"https:\/\/blogsaverroes.juntadeandalucia.es\/ceipalandaluschiclana\/wp-json\/wp\/v2\/media?parent=2500"}],"curies":[{"name":"wp","href":"https:\/\/api.w.org\/{rel}","templated":true}]}}