{"id":35,"date":"2015-03-13T08:21:43","date_gmt":"2015-03-13T08:21:43","guid":{"rendered":"http:\/\/blogsaverroes.juntadeandalucia.es\/pre\/ceip\/?page_id=35"},"modified":"2021-10-10T17:47:43","modified_gmt":"2021-10-10T17:47:43","slug":"el-centro-2","status":"publish","type":"page","link":"https:\/\/blogsaverroes.juntadeandalucia.es\/ceipalandaluschiclana\/el-centro-2\/","title":{"rendered":"Datos del centro."},"content":{"rendered":"<p><a href=\"https:\/\/blogsaverroes.juntadeandalucia.es\/ceipalandaluschiclana\/files\/2021\/10\/IMG_20210215_113820-scaled.jpg\"><img loading=\"lazy\" decoding=\"async\" class=\"alignnone size-medium wp-image-3445\" src=\"https:\/\/blogsaverroes.juntadeandalucia.es\/ceipalandaluschiclana\/files\/2021\/10\/IMG_20210215_113820-300x225.jpg\" alt=\"\" width=\"300\" height=\"225\" srcset=\"https:\/\/blogsaverroes.juntadeandalucia.es\/ceipalandaluschiclana\/files\/2021\/10\/IMG_20210215_113820-300x225.jpg 300w, https:\/\/blogsaverroes.juntadeandalucia.es\/ceipalandaluschiclana\/files\/2021\/10\/IMG_20210215_113820-1024x768.jpg 1024w, https:\/\/blogsaverroes.juntadeandalucia.es\/ceipalandaluschiclana\/files\/2021\/10\/IMG_20210215_113820-768x576.jpg 768w, https:\/\/blogsaverroes.juntadeandalucia.es\/ceipalandaluschiclana\/files\/2021\/10\/IMG_20210215_113820-1536x1152.jpg 1536w, https:\/\/blogsaverroes.juntadeandalucia.es\/ceipalandaluschiclana\/files\/2021\/10\/IMG_20210215_113820-2048x1536.jpg 2048w, https:\/\/blogsaverroes.juntadeandalucia.es\/ceipalandaluschiclana\/files\/2021\/10\/IMG_20210215_113820-scaled.jpg 1600w\" sizes=\"(max-width: 300px) 100vw, 300px\" \/><\/a><\/p>\n<h4>Datos de contacto<\/h4>\n<p>C.E.I.P. \u00abAl-\u00c1ndalus\u00bb<\/p>\n<div><img decoding=\"async\" src=\"http:\/\/ceipalandaluschiclana.es\/images\/stories\/al-ndalus_2.jpg\" alt=\"Contacto\" align=\"middle\"><\/div>\n<div class=\"contact_address\">\n<address><span class=\"marker\"><img decoding=\"async\" src=\"http:\/\/ceipalandaluschiclana.es\/images\/M_images\/con_address.png\" alt=\"Direcci\u00f3n: \"><\/span>&nbsp;<br \/>\nC\/ La Vid, 7<br \/>\nChiclana de la Frontera<br \/>\nC\u00e1diz<br \/>\nEspa\u00f1a<br \/>\n11130<\/address>\n<address><a href=\"https:\/\/www.google.es\/maps\/place\/C.E.I.P.+Al+Andalus\/@36.4191693,-6.1644157,17z\/data=!3m1!4b1!4m5!3m4!1s0xd0c336d95d12083:0xa20de567d7126c10!8m2!3d36.4191693!4d-6.162227\" target=\"_blank\" rel=\"noopener noreferrer\">Mostrar en google maps<\/a><\/address>\n<address><span class=\"marker\"><img decoding=\"async\" src=\"http:\/\/ceipalandaluschiclana.es\/templates\/allrounder_v1.2\/images\/emailButton.png\" alt=\"E-mail: \"><\/span>&nbsp;<a href=\"mailto:11006747.edu@juntadeandalucia.es\">11006747.edu@juntadeandalucia.es<\/a><br \/>\n<span class=\"marker\"><img decoding=\"async\" src=\"http:\/\/ceipalandaluschiclana.es\/images\/M_images\/con_tel.png\" alt=\"Tel\u00e9fono: \"><\/span>956243366<br \/>\nTel\u00e9fono m\u00f3vil: 600502970<br \/>\n<a href=\"http:\/\/www.ceipalandaluschiclana.es\/\" target=\"_blank\" rel=\"noopener noreferrer\">hhttps:\/\/blogsaverroes.juntadeandalucia.es\/ceipalandaluschiclana<\/a><\/address>\n<\/div>\n","protected":false},"excerpt":{"rendered":"<p>Datos de contacto C.E.I.P. \u00abAl-\u00c1ndalus\u00bb &nbsp; C\/ La Vid, 7 Chiclana de la Frontera C\u00e1diz Espa\u00f1a 11130 Mostrar en google maps &nbsp;11006747.edu@juntadeandalucia.es 956243366 Tel\u00e9fono m\u00f3vil: 600502970 hhttps:\/\/blogsaverroes.juntadeandalucia.es\/ceipalandaluschiclana<\/p>\n","protected":false},"author":1,"featured_media":0,"parent":0,"menu_order":0,"comment_status":"closed","ping_status":"open","template":"page-cs.php","meta":{"ngg_post_thumbnail":0,"footnotes":"","_mc_calendar":[]},"aioseo_notices":[],"_links":{"self":[{"href":"https:\/\/blogsaverroes.juntadeandalucia.es\/ceipalandaluschiclana\/wp-json\/wp\/v2\/pages\/35"}],"collection":[{"href":"https:\/\/blogsaverroes.juntadeandalucia.es\/ceipalandaluschiclana\/wp-json\/wp\/v2\/pages"}],"about":[{"href":"https:\/\/blogsaverroes.juntadeandalucia.es\/ceipalandaluschiclana\/wp-json\/wp\/v2\/types\/page"}],"author":[{"embeddable":true,"href":"https:\/\/blogsaverroes.juntadeandalucia.es\/ceipalandaluschiclana\/wp-json\/wp\/v2\/users\/1"}],"replies":[{"embeddable":true,"href":"https:\/\/blogsaverroes.juntadeandalucia.es\/ceipalandaluschiclana\/wp-json\/wp\/v2\/comments?post=35"}],"version-history":[{"count":27,"href":"https:\/\/blogsaverroes.juntadeandalucia.es\/ceipalandaluschiclana\/wp-json\/wp\/v2\/pages\/35\/revisions"}],"predecessor-version":[{"id":3446,"href":"https:\/\/blogsaverroes.juntadeandalucia.es\/ceipalandaluschiclana\/wp-json\/wp\/v2\/pages\/35\/revisions\/3446"}],"wp:attachment":[{"href":"https:\/\/blogsaverroes.juntadeandalucia.es\/ceipalandaluschiclana\/wp-json\/wp\/v2\/media?parent=35"}],"curies":[{"name":"wp","href":"https:\/\/api.w.org\/{rel}","templated":true}]}}