{"id":49,"date":"2015-03-13T08:47:05","date_gmt":"2015-03-13T08:47:05","guid":{"rendered":"http:\/\/blogsaverroes.juntadeandalucia.es\/pre\/ceip\/?page_id=49"},"modified":"2025-11-11T07:52:29","modified_gmt":"2025-11-11T07:52:29","slug":"proyecto-educativo","status":"publish","type":"page","link":"https:\/\/blogsaverroes.juntadeandalucia.es\/ceipalandaluschiclana\/proyecto-educativo\/","title":{"rendered":"Proyecto Educativo"},"content":{"rendered":"<p><img loading=\"lazy\" decoding=\"async\" class=\"alignnone size-medium wp-image-1662\" src=\"https:\/\/blogsaverroes.juntadeandalucia.es\/ceipalandaluschiclana\/files\/2015\/03\/proyecto-300x266.png\" alt=\"proyecto\" width=\"300\" height=\"266\" srcset=\"https:\/\/blogsaverroes.juntadeandalucia.es\/ceipalandaluschiclana\/files\/2015\/03\/proyecto-300x266.png 300w, https:\/\/blogsaverroes.juntadeandalucia.es\/ceipalandaluschiclana\/files\/2015\/03\/proyecto.png 640w\" sizes=\"(max-width: 300px) 100vw, 300px\" \/><\/p>\n<ul>\n<li class=\"item376\"><a href=\"https:\/\/drive.google.com\/file\/d\/1Bh3cDoKTJDoNI4ioYL2hI2kFgHG2EzSG\/view?usp=sharing\" target=\"_blank\" rel=\"noopener noreferrer\">Contextualizaci\u00f3n<\/a><\/li>\n<li class=\"item321\"><a href=\"https:\/\/drive.google.com\/file\/d\/1yMlXbmg2hF29lGfOCZHMAgTTG0FgDYRp\/view?usp=sharing\" target=\"_blank\" rel=\"noopener noreferrer\">a. Objetivos para la mejora del rendimiento escolar<\/a><\/li>\n<li class=\"item322\"><a href=\"https:\/\/drive.google.com\/file\/d\/1JRsM1W03wrY1a-mS3NYHtMp6WiHMq3uW\/view?usp=sharing\" target=\"_blank\" rel=\"noopener noreferrer\">b. L\u00edneas de actuaci\u00f3n pedag\u00f3gica<\/a><\/li>\n<li class=\"item323\"><a href=\"https:\/\/drive.google.com\/file\/d\/1NKIwRFQV62YwUoP7g-VV4sesY_1kqhlk\/view?usp=sharing\">c. Contenidos curriculares<\/a><\/li>\n<li class=\"item324\"><a href=\"https:\/\/drive.google.com\/file\/d\/1z7X78RM81WL9RovnVVRE0p9YK5s78tQm\/view?usp=sharing\">d. Criterios pedag\u00f3gicos para determinar los horarios de los responsables de la coordinaci\u00f3n docente<\/a><\/li>\n<li class=\"item325\"><a href=\"https:\/\/drive.google.com\/file\/d\/1CV4lVl03sq_NwdlqcI7mjO0ETE9TXcTS\/view?usp=sharing\">e. Procedimientos y criterios de evaluaci\u00f3n y promoci\u00f3n del alumnado<\/a><\/li>\n<li class=\"item326\"><a href=\"https:\/\/drive.google.com\/file\/d\/1pGlbWMX5591C2xTAVCGwSGdL7FgvO8cB\/view?usp=sharing\">f-g. Plan de atenci\u00f3n a la diversidad. Apoyo y refuerzo<\/a><\/li>\n<li class=\"item334\"><a href=\"https:\/\/drive.google.com\/file\/d\/1csYwZK7QVI9IB0tbJgAn6BL4AkRdh4Sl\/view?usp=sharing\">h. Plan de Orientaci\u00f3n y Acci\u00f3n Tutorial<\/a><\/li>\n<li class=\"item335\"><a href=\"https:\/\/drive.google.com\/file\/d\/1-iW7kdL5WO5Mscvuz728uDPqEEVpXHnO\/view?usp=sharing\">i.Procedimientos para adquirir compromisos educativos y de convivencia<\/a><\/li>\n<li class=\"item336\"><a href=\"https:\/\/drive.google.com\/file\/d\/1MsUipNiMIz6YI_i-mz2EORbPyKXXhYre\/view?usp=sharing\">j. Plan de convivencia<\/a><\/li>\n<li class=\"item337\"><a href=\"https:\/\/drive.google.com\/file\/d\/1UPfKCA7h4c2IxsGspTnBsY2f5qELz2qm\/view?usp=sharing\">k. Plan de formaci\u00f3n del profesorado<\/a><\/li>\n<li class=\"item338\"><a href=\"https:\/\/drive.google.com\/file\/d\/1LB44_Or3o7yqqm5pkQhjT_2HYx3AsoYb\/view?usp=sharing\">l. Los criterios para organizar y distribuir el tiempo escolar<\/a><\/li>\n<li class=\"item339\"><a href=\"https:\/\/drive.google.com\/file\/d\/1sTNtStuDLijw8b8tEVuuT7FoMdvJ1zmt\/view?usp=sharing\">m. Los procedimientos de evaluaci\u00f3n interna<\/a><\/li>\n<li class=\"item340\"><a href=\"https:\/\/drive.google.com\/file\/d\/17svtT5RE_N-Qr_0V0NekN-539rmdr_3U\/view?usp=drive_link\">n. Los criterios para establecer los agrupamientos del alumnado y la asignaci\u00f3n de tutor\u00edas<\/a><\/li>\n<li class=\"item341\"><a href=\"https:\/\/drive.google.com\/file\/d\/19on7LJia5TCE_-zD-XiXvkXl6FQmi6D-\/view?usp=sharing\">\u00f1. Los criterios generales para elaborar las programaciones did\u00e1cticas de cada una de las \u00e1reas<\/a><\/li>\n<li class=\"item342\"><a href=\"https:\/\/drive.google.com\/file\/d\/1dcs76w_wJ2XPQOzWOt6YNURFPQtqXoK8\/view?usp=sharing\">o. Los planes estrat\u00e9gicos que se desarrollan en el centro<\/a><\/li>\n<\/ul>\n","protected":false},"excerpt":{"rendered":"<p>Contextualizaci\u00f3n a. Objetivos para la mejora del rendimiento escolar b. L\u00edneas de actuaci\u00f3n pedag\u00f3gica c. Contenidos curriculares d. Criterios pedag\u00f3gicos para determinar los horarios de los responsables de la coordinaci\u00f3n docente e. Procedimientos y&#46;&#46;&#46;<\/p>\n","protected":false},"author":1,"featured_media":0,"parent":0,"menu_order":0,"comment_status":"closed","ping_status":"open","template":"","meta":{"ngg_post_thumbnail":0,"footnotes":"","_mc_calendar":[]},"aioseo_notices":[],"_links":{"self":[{"href":"https:\/\/blogsaverroes.juntadeandalucia.es\/ceipalandaluschiclana\/wp-json\/wp\/v2\/pages\/49"}],"collection":[{"href":"https:\/\/blogsaverroes.juntadeandalucia.es\/ceipalandaluschiclana\/wp-json\/wp\/v2\/pages"}],"about":[{"href":"https:\/\/blogsaverroes.juntadeandalucia.es\/ceipalandaluschiclana\/wp-json\/wp\/v2\/types\/page"}],"author":[{"embeddable":true,"href":"https:\/\/blogsaverroes.juntadeandalucia.es\/ceipalandaluschiclana\/wp-json\/wp\/v2\/users\/1"}],"replies":[{"embeddable":true,"href":"https:\/\/blogsaverroes.juntadeandalucia.es\/ceipalandaluschiclana\/wp-json\/wp\/v2\/comments?post=49"}],"version-history":[{"count":47,"href":"https:\/\/blogsaverroes.juntadeandalucia.es\/ceipalandaluschiclana\/wp-json\/wp\/v2\/pages\/49\/revisions"}],"predecessor-version":[{"id":5151,"href":"https:\/\/blogsaverroes.juntadeandalucia.es\/ceipalandaluschiclana\/wp-json\/wp\/v2\/pages\/49\/revisions\/5151"}],"wp:attachment":[{"href":"https:\/\/blogsaverroes.juntadeandalucia.es\/ceipalandaluschiclana\/wp-json\/wp\/v2\/media?parent=49"}],"curies":[{"name":"wp","href":"https:\/\/api.w.org\/{rel}","templated":true}]}}