{"id":870,"date":"2015-03-16T07:24:27","date_gmt":"2015-03-16T07:24:27","guid":{"rendered":"http:\/\/blogsaverroes.juntadeandalucia.es\/pre\/ceip\/?page_id=103"},"modified":"2025-09-03T06:59:56","modified_gmt":"2025-09-03T06:59:56","slug":"aula-matinal","status":"publish","type":"page","link":"https:\/\/blogsaverroes.juntadeandalucia.es\/ceipalandaluschiclana\/aula-matinal\/","title":{"rendered":"Aula Matinal"},"content":{"rendered":"<p>La empresa encargada de la gesti\u00f3n del aula matinal, desde noviembre de 2022, es <a href=\"http:\/\/cuadernoamarillo.com\/\">\u00abEl Cuaderno de Rube\u00bb<\/a>. Para cualquier asunto relacionado con el cobro pueden llamar al 628186413.<\/p>\n<p>&#8211; Duraci\u00f3n: desde el 11&nbsp; de septiembre de 2025 hasta el 22 de junio de 2026.<\/p>\n<p align=\"JUSTIFY\">&#8211; Horario: 7,30 h. a 9,00 h. (los alumnos\/-as pueden iniciar esta actividad dentro de este tramo horario).<\/p>\n<table style=\"font-weight: 400;width: 37.1577%;height: 397px\">\n<tbody>\n<tr style=\"height: 144px\">\n<td style=\"width: 96.5665%;height: 144px\" colspan=\"2\"><strong>PRECIO AULA MATINAL<\/strong><\/p>\n<p><strong>POR MES DESDE SEPTIEMBRE 2023:<\/strong><\/td>\n<\/tr>\n<tr style=\"height: 24px\">\n<td style=\"width: 45.9227%;height: 24px\"><strong>0%<\/strong><\/td>\n<td style=\"text-align: justify;width: 50.6438%;height: 24px\"><strong>17,51 \u20ac<\/strong><\/td>\n<\/tr>\n<tr style=\"height: 24px\">\n<td style=\"width: 45.9227%;height: 24px\"><strong>10%<\/strong><\/td>\n<td style=\"width: 50.6438%;height: 24px\"><strong>15,75 \u20ac<\/strong><\/td>\n<\/tr>\n<tr style=\"height: 24px\">\n<td style=\"width: 45.9227%;height: 24px\"><strong>18%<\/strong><\/td>\n<td style=\"width: 50.6438%;height: 24px\"><strong>14,35 \u20ac<\/strong><\/td>\n<\/tr>\n<tr style=\"height: 24px\">\n<td style=\"width: 45.9227%;height: 24px\"><strong>26%<\/strong><\/td>\n<td style=\"width: 50.6438%;height: 24px\"><strong>12,95 \u20ac<\/strong><\/td>\n<\/tr>\n<tr style=\"height: 24px\">\n<td style=\"width: 45.9227%;height: 24px\"><strong>34%<\/strong><\/td>\n<td style=\"width: 50.6438%;height: 24px\"><strong>11,55 \u20ac<\/strong><\/td>\n<\/tr>\n<tr style=\"height: 24px\">\n<td style=\"width: 45.9227%;height: 24px\"><strong>42%<\/strong><\/td>\n<td style=\"width: 50.6438%;height: 24px\"><strong>10,15 \u20ac<\/strong><\/td>\n<\/tr>\n<tr style=\"height: 24px\">\n<td style=\"width: 45.9227%;height: 24px\"><strong>50%<\/strong><\/td>\n<td style=\"width: 50.6438%;height: 24px\"><strong>8,75 \u20ac<\/strong><\/td>\n<\/tr>\n<tr style=\"height: 27px\">\n<td style=\"width: 45.9227%;height: 27px\"><strong>100%<\/strong><\/td>\n<td style=\"width: 50.6438%;height: 27px\"><strong>0 \u20ac<\/strong><\/td>\n<\/tr>\n<\/tbody>\n<\/table>\n<p align=\"JUSTIFY\"><strong>&#8211; Precio: 17,51 \u20ac<\/strong><\/p>\n<p align=\"JUSTIFY\">&#8211; <strong>Precio por d\u00eda: 1,33 \u20ac<\/strong><\/p>\n<h4>Acuerdo de 27 de julio de 2023, del Consejo de Gobierno, por el que se revisan las cuant\u00edas de los precios p\u00fablicos de los servicios de aula matinal, comedor escolar y actividades extraescolares en los centros docentes p\u00fablicos de Andaluc\u00eda, establecidos en el apartado A) del Anexo I del Acuerdo del Consejo de Gobierno, de 27 de marzo de 2018, por el que se fija la cuant\u00eda de los precios p\u00fablicos por los servicios complementarios de aula matinal, comedor escolar y actividades extraescolares en los centros docentes p\u00fablicos y por el servicio de<br \/>\nresidencia en las residencias escolares de Andaluc\u00eda.<\/h4>\n<div id=\"tabs\" class=\"ui-tabs ui-widget ui-widget-content ui-corner-all\">\n<p>&nbsp;<\/p>\n<p>&#8211; El Aula Matinal puede solicitarse para d\u00edas determinados o con car\u00e1cter continuado.<\/p>\n<\/div>\n<p align=\"JUSTIFY\">&#8211; El abono del servicio se realizar\u00e1 por parte de la empresa encargada del Aula Matinal.<\/p>\n<p align=\"JUSTIFY\">&#8211; El alumno causar\u00e1 baja en el servicio cuando no se utilice durante cinco d\u00edas consecutivos sin causa justificada.<\/p>\n<p align=\"JUSTIFY\">&#8211; No hace falta comunicar a la empresa las faltas del alumnado, le cobrar\u00e1n los d\u00edas que haya asistido.<\/p>\n<p align=\"JUSTIFY\">&#8211; Empresa encargada del Servicio: El Cuaderno de Rube.<\/p>\n<p align=\"JUSTIFY\">&#8211;&nbsp;<strong>IMPORTANTE<\/strong>: Aquellos usuarios que, habiendo sido admitidos en el Aula Matinal y no vayan a hacer uso de la misma, deben comunicarlo, a la mayor brevedad, en Secretar\u00eda para poder admitir a alumnos\/-as que se encuentran en la lista de espera.<\/p>\n<p>&nbsp;<\/p>\n<p>&nbsp;<b>&nbsp;<\/b><\/p>\n","protected":false},"excerpt":{"rendered":"<p>La empresa encargada de la gesti\u00f3n del aula matinal, desde noviembre de 2022, es \u00abEl Cuaderno de Rube\u00bb. Para cualquier asunto relacionado con el cobro pueden llamar al 628186413. &#8211; Duraci\u00f3n: desde el 11&nbsp;&#46;&#46;&#46;<\/p>\n","protected":false},"author":1,"featured_media":0,"parent":0,"menu_order":0,"comment_status":"closed","ping_status":"open","template":"","meta":{"ngg_post_thumbnail":0,"footnotes":"","_mc_calendar":[]},"aioseo_notices":[],"_links":{"self":[{"href":"https:\/\/blogsaverroes.juntadeandalucia.es\/ceipalandaluschiclana\/wp-json\/wp\/v2\/pages\/870"}],"collection":[{"href":"https:\/\/blogsaverroes.juntadeandalucia.es\/ceipalandaluschiclana\/wp-json\/wp\/v2\/pages"}],"about":[{"href":"https:\/\/blogsaverroes.juntadeandalucia.es\/ceipalandaluschiclana\/wp-json\/wp\/v2\/types\/page"}],"author":[{"embeddable":true,"href":"https:\/\/blogsaverroes.juntadeandalucia.es\/ceipalandaluschiclana\/wp-json\/wp\/v2\/users\/1"}],"replies":[{"embeddable":true,"href":"https:\/\/blogsaverroes.juntadeandalucia.es\/ceipalandaluschiclana\/wp-json\/wp\/v2\/comments?post=870"}],"version-history":[{"count":32,"href":"https:\/\/blogsaverroes.juntadeandalucia.es\/ceipalandaluschiclana\/wp-json\/wp\/v2\/pages\/870\/revisions"}],"predecessor-version":[{"id":5117,"href":"https:\/\/blogsaverroes.juntadeandalucia.es\/ceipalandaluschiclana\/wp-json\/wp\/v2\/pages\/870\/revisions\/5117"}],"wp:attachment":[{"href":"https:\/\/blogsaverroes.juntadeandalucia.es\/ceipalandaluschiclana\/wp-json\/wp\/v2\/media?parent=870"}],"curies":[{"name":"wp","href":"https:\/\/api.w.org\/{rel}","templated":true}]}}