{"id":44,"date":"2015-03-13T08:42:15","date_gmt":"2015-03-13T08:42:15","guid":{"rendered":"http:\/\/blogsaverroes.juntadeandalucia.es\/pre\/ceip\/?page_id=44"},"modified":"2026-02-17T11:35:46","modified_gmt":"2026-02-17T11:35:46","slug":"planes-y-proyectos","status":"publish","type":"page","link":"https:\/\/blogsaverroes.juntadeandalucia.es\/ceipalandalusjerez\/planes-y-proyectos\/","title":{"rendered":"Planes y Programas"},"content":{"rendered":"<p><img loading=\"lazy\" decoding=\"async\" class=\"alignnone size-medium wp-image-1667\" src=\"http:\/\/blogsaverroes.juntadeandalucia.es\/ceipalandalusjerez\/files\/2015\/03\/planes-300x150.png\" alt=\"planes\" width=\"300\" height=\"150\" srcset=\"https:\/\/blogsaverroes.juntadeandalucia.es\/ceipalandalusjerez\/files\/2015\/03\/planes-300x150.png 300w, https:\/\/blogsaverroes.juntadeandalucia.es\/ceipalandalusjerez\/files\/2015\/03\/planes.png 640w\" sizes=\"(max-width: 300px) 100vw, 300px\" \/><\/p>\n<p>Nuestro centro est\u00e1 adherido a diferentes <strong>Planes y Programas<\/strong> promovidos desde la Consejer\u00eda de Educaci\u00f3n, Cultura y Deporte. Los Planes y Programas desarrollados por el centro son:<\/p>\n<ul>\n<li><strong>Plan de Apertura:<\/strong>\n<ul>\n<li><strong>AULA MATINAL<\/strong><\/li>\n<li><strong>SERVICIO DE COMEDOR<\/strong><\/li>\n<li><strong>ACTIVIDADES EXTRAESCOLARES (Inform\u00e1tica, Baile, Multideportes)<\/strong><\/li>\n<\/ul>\n<\/li>\n<li><strong>Plan de Igualdad de G\u00e9nero en Educaci\u00f3n de Andaluc\u00eda<\/strong><\/li>\n<li><strong>Pacto de Estado. Prevenci\u00f3n de la violencia de g\u00e9nero<\/strong><\/li>\n<li><strong>Transformaci\u00f3n Digital Educativa (TDE)<\/strong><\/li>\n<li><strong>Programa Bienestar Emocional<\/strong><\/li>\n<li><strong>Programa M\u00e1s Equidad<\/strong><\/li>\n<li><strong>Plan de Compensatoria<\/strong><\/li>\n<li><strong>Programa H\u00e1bitos Saludables (Plan de Consumo de Fruta en la Escuela)<\/strong><\/li>\n<li><strong>Escuela Espacio de Paz con certificado de Convivencia +<\/strong><\/li>\n<li><strong>Programa de Acompa\u00f1amiento Escolar (PROA)<\/strong><\/li>\n<li><strong>Programa PROA+ Transf\u00f3rmate<\/strong><\/li>\n<li><strong>Plan de Biblioteca Escolar (Grupo de teatro)<\/strong><\/li>\n<li><strong>Pr\u00e1cticum Grado Maestros<\/strong><\/li>\n<li><strong>Programa de Atenci\u00f3n Socioeducativa (ZTS)<\/strong><\/li>\n<li><strong>Radio Escolar <\/strong><\/li>\n<li><strong>Huerto Escolar<\/strong><\/li>\n<\/ul>\n","protected":false},"excerpt":{"rendered":"<p>Nuestro centro est\u00e1 adherido a diferentes Planes y Programas promovidos desde la Consejer\u00eda de Educaci\u00f3n, Cultura y Deporte. Los Planes y Programas desarrollados por el centro son: Plan de Apertura: AULA MATINAL SERVICIO DE&#46;&#46;&#46;<\/p>\n","protected":false},"author":1,"featured_media":0,"parent":0,"menu_order":0,"comment_status":"closed","ping_status":"closed","template":"","meta":{"ngg_post_thumbnail":0,"footnotes":"","_mc_calendar":[]},"aioseo_notices":[],"_links":{"self":[{"href":"https:\/\/blogsaverroes.juntadeandalucia.es\/ceipalandalusjerez\/wp-json\/wp\/v2\/pages\/44"}],"collection":[{"href":"https:\/\/blogsaverroes.juntadeandalucia.es\/ceipalandalusjerez\/wp-json\/wp\/v2\/pages"}],"about":[{"href":"https:\/\/blogsaverroes.juntadeandalucia.es\/ceipalandalusjerez\/wp-json\/wp\/v2\/types\/page"}],"author":[{"embeddable":true,"href":"https:\/\/blogsaverroes.juntadeandalucia.es\/ceipalandalusjerez\/wp-json\/wp\/v2\/users\/1"}],"replies":[{"embeddable":true,"href":"https:\/\/blogsaverroes.juntadeandalucia.es\/ceipalandalusjerez\/wp-json\/wp\/v2\/comments?post=44"}],"version-history":[{"count":13,"href":"https:\/\/blogsaverroes.juntadeandalucia.es\/ceipalandalusjerez\/wp-json\/wp\/v2\/pages\/44\/revisions"}],"predecessor-version":[{"id":2685,"href":"https:\/\/blogsaverroes.juntadeandalucia.es\/ceipalandalusjerez\/wp-json\/wp\/v2\/pages\/44\/revisions\/2685"}],"wp:attachment":[{"href":"https:\/\/blogsaverroes.juntadeandalucia.es\/ceipalandalusjerez\/wp-json\/wp\/v2\/media?parent=44"}],"curies":[{"name":"wp","href":"https:\/\/api.w.org\/{rel}","templated":true}]}}