{"id":77,"date":"2015-03-16T06:54:56","date_gmt":"2015-03-16T06:54:56","guid":{"rendered":"http:\/\/blogsaverroes.juntadeandalucia.es\/pre\/ceip\/?page_id=77"},"modified":"2016-11-06T19:34:03","modified_gmt":"2016-11-06T19:34:03","slug":"secretaria","status":"publish","type":"page","link":"https:\/\/blogsaverroes.juntadeandalucia.es\/ceipalandalusjerez\/secretaria\/","title":{"rendered":"Secretar\u00eda"},"content":{"rendered":"<p><strong>HORARIO DE ATENCI\u00d3N AL P\u00daBLICO:<br \/>\n<\/strong><\/p>\n<p>&nbsp;<\/p>\n<p>En la\u00a0<strong>Secretar\u00eda<\/strong>\u00a0del centro, se desarrollan todas las\u00a0funciones y tr\u00e1mites\u00a0administrativos del mismo. El <strong>horario<\/strong> de atenci\u00f3n es de <strong>lunes a viernes de 9:15 a 11:00 horas<\/strong>. Tambi\u00e9n est\u00e1 abierta los <strong>lunes por la tarde de 16:30 a 19:00<\/strong> <strong>horas<\/strong>\u00a0.<\/p>\n<p>Los principales tr\u00e1mites que se llevan a cabo en la Secretar\u00eda son:<\/p>\n<ul>\n<li>Certificaciones relativas al alumnado y al profesorado del centro<\/li>\n<li>Preinscripci\u00f3n del alumnado nuevo de cara al curso siguiente (Todo el mes de marzo)<\/li>\n<li>Gesti\u00f3n de la admisi\u00f3n y escolarizaci\u00f3n del alumnado.<\/li>\n<li>Matriculaci\u00f3n para el curso siguiente (Primera semana de junio)<\/li>\n<li>Tramitaci\u00f3n de solicitudes y ayudas de los distintos servicios del centro: Comedor, aula matinal y actividades extraescolares (Primera semana de junio)<\/li>\n<li>Tramitaci\u00f3n de ayudas y becas de diversa \u00edndole convocadas por las distintas administraciones educativas.<\/li>\n<li>Tramitaci\u00f3n de los expedientes acad\u00e9micos del alumnado inmerso en procesos de traslado de centro.<\/li>\n<li>Gesti\u00f3n de la documentaci\u00f3n del alumnado: Expediente personal, historial acad\u00e9mico.<\/li>\n<li>Cumplimentaci\u00f3n y custodia de las Actas oficiales de evaluaci\u00f3n de los diferentes cursos.<\/li>\n<li>Orden y custodia del archivo hist\u00f3rico del centro.<\/li>\n<\/ul>\n<p>&nbsp;<\/p>\n","protected":false},"excerpt":{"rendered":"<p>HORARIO DE ATENCI\u00d3N AL P\u00daBLICO: &nbsp; En la\u00a0Secretar\u00eda\u00a0del centro, se desarrollan todas las\u00a0funciones y tr\u00e1mites\u00a0administrativos del mismo. El horario de atenci\u00f3n es de lunes a viernes de 9:15 a 11:00 horas. Tambi\u00e9n est\u00e1 abierta&#46;&#46;&#46;<\/p>\n","protected":false},"author":1,"featured_media":0,"parent":0,"menu_order":0,"comment_status":"closed","ping_status":"open","template":"","meta":{"ngg_post_thumbnail":0,"footnotes":"","_mc_calendar":[]},"aioseo_notices":[],"_links":{"self":[{"href":"https:\/\/blogsaverroes.juntadeandalucia.es\/ceipalandalusjerez\/wp-json\/wp\/v2\/pages\/77"}],"collection":[{"href":"https:\/\/blogsaverroes.juntadeandalucia.es\/ceipalandalusjerez\/wp-json\/wp\/v2\/pages"}],"about":[{"href":"https:\/\/blogsaverroes.juntadeandalucia.es\/ceipalandalusjerez\/wp-json\/wp\/v2\/types\/page"}],"author":[{"embeddable":true,"href":"https:\/\/blogsaverroes.juntadeandalucia.es\/ceipalandalusjerez\/wp-json\/wp\/v2\/users\/1"}],"replies":[{"embeddable":true,"href":"https:\/\/blogsaverroes.juntadeandalucia.es\/ceipalandalusjerez\/wp-json\/wp\/v2\/comments?post=77"}],"version-history":[{"count":8,"href":"https:\/\/blogsaverroes.juntadeandalucia.es\/ceipalandalusjerez\/wp-json\/wp\/v2\/pages\/77\/revisions"}],"predecessor-version":[{"id":2159,"href":"https:\/\/blogsaverroes.juntadeandalucia.es\/ceipalandalusjerez\/wp-json\/wp\/v2\/pages\/77\/revisions\/2159"}],"wp:attachment":[{"href":"https:\/\/blogsaverroes.juntadeandalucia.es\/ceipalandalusjerez\/wp-json\/wp\/v2\/media?parent=77"}],"curies":[{"name":"wp","href":"https:\/\/api.w.org\/{rel}","templated":true}]}}