{"id":82,"date":"2015-03-16T06:59:55","date_gmt":"2015-03-16T06:59:55","guid":{"rendered":"http:\/\/blogsaverroes.juntadeandalucia.es\/pre\/ceip\/?page_id=82"},"modified":"2019-11-22T13:22:49","modified_gmt":"2019-11-22T13:22:49","slug":"horarios","status":"publish","type":"page","link":"https:\/\/blogsaverroes.juntadeandalucia.es\/ceipalandalusjerez\/horarios\/","title":{"rendered":"Horarios"},"content":{"rendered":"<p style=\"text-align: center\">A las 9:00 horas comienza el r\u00e9gimen ordinario de clases tanto en Educaci\u00f3n Infantil como en Educaci\u00f3n Primaria, prolong\u00e1ndose el horario lectivo hasta las 14:00 horas.<\/p>\n<p>A partir de ese momento, el alumnado que est\u00e9 inscrito en el servicio de comedor puede hacer uso del mismo, pudiendo ser recogido por sus tutores legales hasta las 16:00 horas.<\/p>\n<p>A partir de esta hora y hasta las 18:00 (generalmente) se llevan a cabo distintas actividades extraescolares as\u00ed como el Programa de Acompa\u00f1amiento (martes y jueves).<img loading=\"lazy\" decoding=\"async\" class=\" wp-image-1675 aligncenter\" src=\"http:\/\/blogsaverroes.juntadeandalucia.es\/ceipalandalusjerez\/files\/2015\/03\/horario2-300x211.jpg\" alt=\"horario2\" width=\"229\" height=\"161\" srcset=\"https:\/\/blogsaverroes.juntadeandalucia.es\/ceipalandalusjerez\/files\/2015\/03\/horario2-300x211.jpg 300w, https:\/\/blogsaverroes.juntadeandalucia.es\/ceipalandalusjerez\/files\/2015\/03\/horario2.jpg 640w\" sizes=\"(max-width: 229px) 100vw, 229px\" \/><\/p>\n<p><em><strong>Resumen del horario del centro<\/strong><\/em><\/p>\n<ul>\n<li><strong>HORARIO LECTIVO: 9,00 h a 14:00 h<\/strong><\/li>\n<li><strong>COMEDOR ESCOLAR:<\/strong> 14:00 h a 16:00 h<\/li>\n<li><strong>ACTIVIDADES EXTRAESCOLARES:<\/strong> Lunes a Jueves de 16,00 h a 17,00 h\n<ul>\n<li>Lunes y Mi\u00e9rcoles (Inform\u00e1tica y Multideportes)<\/li>\n<li>Martes y Jueves (Baile y Teatro)<\/li>\n<\/ul>\n<\/li>\n<li><b>PLAN DE ACOMPA\u00d1AMIENTO (PROA):<\/b>&nbsp;Martes y Jueves de 16,00 h a 18,00 h<\/li>\n<li><em>Adem\u00e1s actividades extraescolares accesibles para nuestro alumnado en otros centros de la zona: baloncesto, atletismo, gimnasia r\u00edtmica, patinaje,&#8230;<\/em><\/li>\n<\/ul>\n","protected":false},"excerpt":{"rendered":"<p>A las 9:00 horas comienza el r\u00e9gimen ordinario de clases tanto en Educaci\u00f3n Infantil como en Educaci\u00f3n Primaria, prolong\u00e1ndose el horario lectivo hasta las 14:00 horas. A partir de ese momento, el alumnado que&#46;&#46;&#46;<\/p>\n","protected":false},"author":1,"featured_media":0,"parent":0,"menu_order":0,"comment_status":"closed","ping_status":"open","template":"","meta":{"ngg_post_thumbnail":0,"footnotes":"","_mc_calendar":[]},"aioseo_notices":[],"_links":{"self":[{"href":"https:\/\/blogsaverroes.juntadeandalucia.es\/ceipalandalusjerez\/wp-json\/wp\/v2\/pages\/82"}],"collection":[{"href":"https:\/\/blogsaverroes.juntadeandalucia.es\/ceipalandalusjerez\/wp-json\/wp\/v2\/pages"}],"about":[{"href":"https:\/\/blogsaverroes.juntadeandalucia.es\/ceipalandalusjerez\/wp-json\/wp\/v2\/types\/page"}],"author":[{"embeddable":true,"href":"https:\/\/blogsaverroes.juntadeandalucia.es\/ceipalandalusjerez\/wp-json\/wp\/v2\/users\/1"}],"replies":[{"embeddable":true,"href":"https:\/\/blogsaverroes.juntadeandalucia.es\/ceipalandalusjerez\/wp-json\/wp\/v2\/comments?post=82"}],"version-history":[{"count":10,"href":"https:\/\/blogsaverroes.juntadeandalucia.es\/ceipalandalusjerez\/wp-json\/wp\/v2\/pages\/82\/revisions"}],"predecessor-version":[{"id":2403,"href":"https:\/\/blogsaverroes.juntadeandalucia.es\/ceipalandalusjerez\/wp-json\/wp\/v2\/pages\/82\/revisions\/2403"}],"wp:attachment":[{"href":"https:\/\/blogsaverroes.juntadeandalucia.es\/ceipalandalusjerez\/wp-json\/wp\/v2\/media?parent=82"}],"curies":[{"name":"wp","href":"https:\/\/api.w.org\/{rel}","templated":true}]}}