{"id":871,"date":"2015-03-16T07:25:46","date_gmt":"2015-03-16T07:25:46","guid":{"rendered":"http:\/\/blogsaverroes.juntadeandalucia.es\/pre\/ceip\/?page_id=106"},"modified":"2016-11-06T19:33:34","modified_gmt":"2016-11-06T19:33:34","slug":"actividades-extraescolares","status":"publish","type":"page","link":"https:\/\/blogsaverroes.juntadeandalucia.es\/ceipalandalusjerez\/actividades-extraescolares\/","title":{"rendered":"Actividades extraescolares"},"content":{"rendered":"<h4><a href=\"http:\/\/blogsaverroes.juntadeandalucia.es\/ceipalandalusjerez\/files\/2015\/03\/talleres.jpg\"><img loading=\"lazy\" decoding=\"async\" class=\" alignnone wp-image-228  alignleft\" src=\"http:\/\/blogsaverroes.juntadeandalucia.es\/ceipalandalusjerez\/files\/2015\/03\/talleres-300x199.jpg\" alt=\"\" width=\"315\" height=\"209\" srcset=\"https:\/\/blogsaverroes.juntadeandalucia.es\/ceipalandalusjerez\/files\/2015\/03\/talleres-300x199.jpg 300w, https:\/\/blogsaverroes.juntadeandalucia.es\/ceipalandalusjerez\/files\/2015\/03\/talleres-1024x682.jpg 1024w, https:\/\/blogsaverroes.juntadeandalucia.es\/ceipalandalusjerez\/files\/2015\/03\/talleres.jpg 1280w\" sizes=\"(max-width: 315px) 100vw, 315px\" \/><\/a><\/h4>\n<p>Talleres ofertados:<\/p>\n<p><em>Inform\u00e1tica<\/em>, <em>Multideportes<\/em> y <em>Baile y Teatro<\/em><\/p>\n<p>Horarios: De lunes a jueves de 16,00 h a 17,00 h<\/p>\n<p>Solicitudes: para poder hacer uso de ellas, debe pasar por la Secretar\u00eda del centro y cumplimentar el modelo de solicitud que se le proporcione.<\/p>\n<p>Precios: seg\u00fan establece la normativa, el precio de cada taller es de 15,40 \u20ac al mes. Se puede hacer uso de m\u00e1s de un taller pero la Consejer\u00eda de Educaci\u00f3n s\u00f3lo bonifica uno (seg\u00fan baremo de situaciones econ\u00f3micas y familiares).<\/p>\n<p><strong><a href=\"http:\/\/www.juntadeandalucia.es\/educacion\/webportal\/web\/escuela-de-familias\/faq\">PREGUNTAS FRECUENTES<\/a><\/strong><\/p>\n","protected":false},"excerpt":{"rendered":"<p>Talleres ofertados: Inform\u00e1tica, Multideportes y Baile y Teatro Horarios: De lunes a jueves de 16,00 h a 17,00 h Solicitudes: para poder hacer uso de ellas, debe pasar por la Secretar\u00eda del centro y&#46;&#46;&#46;<\/p>\n","protected":false},"author":1,"featured_media":0,"parent":0,"menu_order":0,"comment_status":"closed","ping_status":"open","template":"","meta":{"ngg_post_thumbnail":0,"footnotes":"","_mc_calendar":[]},"aioseo_notices":[],"_links":{"self":[{"href":"https:\/\/blogsaverroes.juntadeandalucia.es\/ceipalandalusjerez\/wp-json\/wp\/v2\/pages\/871"}],"collection":[{"href":"https:\/\/blogsaverroes.juntadeandalucia.es\/ceipalandalusjerez\/wp-json\/wp\/v2\/pages"}],"about":[{"href":"https:\/\/blogsaverroes.juntadeandalucia.es\/ceipalandalusjerez\/wp-json\/wp\/v2\/types\/page"}],"author":[{"embeddable":true,"href":"https:\/\/blogsaverroes.juntadeandalucia.es\/ceipalandalusjerez\/wp-json\/wp\/v2\/users\/1"}],"replies":[{"embeddable":true,"href":"https:\/\/blogsaverroes.juntadeandalucia.es\/ceipalandalusjerez\/wp-json\/wp\/v2\/comments?post=871"}],"version-history":[{"count":9,"href":"https:\/\/blogsaverroes.juntadeandalucia.es\/ceipalandalusjerez\/wp-json\/wp\/v2\/pages\/871\/revisions"}],"predecessor-version":[{"id":2154,"href":"https:\/\/blogsaverroes.juntadeandalucia.es\/ceipalandalusjerez\/wp-json\/wp\/v2\/pages\/871\/revisions\/2154"}],"wp:attachment":[{"href":"https:\/\/blogsaverroes.juntadeandalucia.es\/ceipalandalusjerez\/wp-json\/wp\/v2\/media?parent=871"}],"curies":[{"name":"wp","href":"https:\/\/api.w.org\/{rel}","templated":true}]}}