{"id":99,"date":"2015-03-16T07:22:54","date_gmt":"2015-03-16T07:22:54","guid":{"rendered":"http:\/\/blogsaverroes.juntadeandalucia.es\/pre\/ceip\/?page_id=99"},"modified":"2020-11-21T19:42:05","modified_gmt":"2020-11-21T19:42:05","slug":"comedor-escolar","status":"publish","type":"page","link":"https:\/\/blogsaverroes.juntadeandalucia.es\/ceipalandalusjerez\/comedor-escolar\/","title":{"rendered":"Comedor escolar"},"content":{"rendered":"<h4>&nbsp;<\/h4>\n<p>El comedor escolar es&nbsp;un servicio complementario que resulta de gran utilidad a padres y madres para ayudarles a&nbsp;conciliar la vida laboral y familiar. Tienen una duraci\u00f3n de hasta dos horas desde que acaba la jornada escolar de la ma\u00f1ana (de 14.00 a 16.00 horas), estando establecidos&nbsp;dos turnos de comida seg\u00fan edades para una mejor atenci\u00f3n de nuestro&nbsp;alumnado.<\/p>\n<p>El comedor es adem\u00e1s una pieza importante&nbsp;en todas las medidas dirigidas a mejorar los h\u00e1bitos alimenticios de los ni\u00f1os y ni\u00f1as y prevenir problemas de salud como la obesidad.<\/p>\n<p>Los comedores escolares de los centros p\u00fablicos andaluces promueven una alimentaci\u00f3n saludable que est\u00e1 supervisada por nutricionistas y que, entre otros aspectos, se caracteriza por:<\/p>\n<ul>\n<li>Una mayor proporci\u00f3n de verdura en los men\u00fas<\/li>\n<li>Fruta fresca como postre al menos cuatro d\u00edas a la semana<\/li>\n<li>Uso de aceite de oliva virgen extra<\/li>\n<li>M\u00e1s pescado que carne, que debe ser magra<\/li>\n<li>Prohibici\u00f3n de los alimentos precocinados y limitaci\u00f3n de los fritos<\/li>\n<li>Apuesta por la dieta mediterr\u00e1nea y los productos ecol\u00f3gicos<\/li>\n<\/ul>\n<p>El servicio de comedor escolar se solicita con la matr\u00edcula y el acceso al mismo est\u00e1 condicionado por el n\u00famero de plazas. Si hay m\u00e1s solicitudes que plazas, tenemos que aplicar los baremos previstos en la normativa para establecer un orden de acceso a este servicio.<\/p>\n<p>Tambi\u00e9n la Administraci\u00f3n Educativa subvenciona este servicio de acuerdo a los ingresos y renta de la unidad familiar, pudiendo llegar a ser subvencionado en el&nbsp;100% de su importe, que en la actualidad es de 4,38 \u20ac por uso.<\/p>\n<p>La normativa que regula este servicio es la&nbsp;<a href=\"https:\/\/www.juntadeandalucia.es\/educacion\/portals\/web\/ced\/normativa\/-\/normativas\/detalle\/orden-de-27-de-marzo-de-2019-por-la-que-se-modifica-la-orden-de-17-de-abril-de-2017-por-la-que-se-regula-la\" target=\"_blank\" rel=\"noopener noreferrer\">Orden de 27 de marzo de 2019<\/a>, por la que se regulan los servicios complementarios de la ense\u00f1anza de aula matinal, comedor escolar y actividades extraescolares en los centros docentes p\u00fablicos, as\u00ed como la ampliaci\u00f3n de horario.<\/p>\n<p>La empresa encargada del servicio en nuestro centro es ARAMARK. El horario del mismo es de Lunes a Viernes de 14,00 h a 16,00 h teniendo dos turnos de comida seg\u00fan edades para una mejor atenci\u00f3n del alumnado.<\/p>\n<p>Carta a las familias: <a href=\"https:\/\/drive.google.com\/file\/d\/18Bg34oXxgrRxRWBXk7FRAvr4xRox12TA\/view?usp=sharing\"><img loading=\"lazy\" decoding=\"async\" class=\"alignnone wp-image-2497 \" src=\"https:\/\/blogsaverroes.juntadeandalucia.es\/ceipalandalusjerez\/files\/2020\/11\/descarga-1.jpg\" alt=\"\" width=\"85\" height=\"40\" srcset=\"https:\/\/blogsaverroes.juntadeandalucia.es\/ceipalandalusjerez\/files\/2020\/11\/descarga-1.jpg 327w, https:\/\/blogsaverroes.juntadeandalucia.es\/ceipalandalusjerez\/files\/2020\/11\/descarga-1-300x141.jpg 300w, https:\/\/blogsaverroes.juntadeandalucia.es\/ceipalandalusjerez\/files\/2020\/11\/descarga-1-24x11.jpg 24w, https:\/\/blogsaverroes.juntadeandalucia.es\/ceipalandalusjerez\/files\/2020\/11\/descarga-1-36x17.jpg 36w, https:\/\/blogsaverroes.juntadeandalucia.es\/ceipalandalusjerez\/files\/2020\/11\/descarga-1-48x23.jpg 48w\" sizes=\"(max-width: 85px) 100vw, 85px\" \/><\/a><\/p>\n<p>&nbsp;<\/p>\n","protected":false},"excerpt":{"rendered":"<p>&nbsp; El comedor escolar es&nbsp;un servicio complementario que resulta de gran utilidad a padres y madres para ayudarles a&nbsp;conciliar la vida laboral y familiar. Tienen una duraci\u00f3n de hasta dos horas desde que acaba&#46;&#46;&#46;<\/p>\n","protected":false},"author":1,"featured_media":0,"parent":0,"menu_order":0,"comment_status":"closed","ping_status":"open","template":"","meta":{"ngg_post_thumbnail":0,"footnotes":"","_mc_calendar":[]},"aioseo_notices":[],"_links":{"self":[{"href":"https:\/\/blogsaverroes.juntadeandalucia.es\/ceipalandalusjerez\/wp-json\/wp\/v2\/pages\/99"}],"collection":[{"href":"https:\/\/blogsaverroes.juntadeandalucia.es\/ceipalandalusjerez\/wp-json\/wp\/v2\/pages"}],"about":[{"href":"https:\/\/blogsaverroes.juntadeandalucia.es\/ceipalandalusjerez\/wp-json\/wp\/v2\/types\/page"}],"author":[{"embeddable":true,"href":"https:\/\/blogsaverroes.juntadeandalucia.es\/ceipalandalusjerez\/wp-json\/wp\/v2\/users\/1"}],"replies":[{"embeddable":true,"href":"https:\/\/blogsaverroes.juntadeandalucia.es\/ceipalandalusjerez\/wp-json\/wp\/v2\/comments?post=99"}],"version-history":[{"count":11,"href":"https:\/\/blogsaverroes.juntadeandalucia.es\/ceipalandalusjerez\/wp-json\/wp\/v2\/pages\/99\/revisions"}],"predecessor-version":[{"id":2499,"href":"https:\/\/blogsaverroes.juntadeandalucia.es\/ceipalandalusjerez\/wp-json\/wp\/v2\/pages\/99\/revisions\/2499"}],"wp:attachment":[{"href":"https:\/\/blogsaverroes.juntadeandalucia.es\/ceipalandalusjerez\/wp-json\/wp\/v2\/media?parent=99"}],"curies":[{"name":"wp","href":"https:\/\/api.w.org\/{rel}","templated":true}]}}