{"id":2333,"date":"2016-10-23T00:50:01","date_gmt":"2016-10-23T00:50:01","guid":{"rendered":"http:\/\/blogsaverroes.juntadeandalucia.es\/ceipalandalusutrera\/?page_id=2333"},"modified":"2025-10-06T10:43:17","modified_gmt":"2025-10-06T09:43:17","slug":"equipo-docente","status":"publish","type":"page","link":"https:\/\/blogsaverroes.juntadeandalucia.es\/ceipalandalusutrera\/equipo-docente\/","title":{"rendered":"Equipo Docente"},"content":{"rendered":"<p style=\"text-align: center\"><img loading=\"lazy\" decoding=\"async\" class=\"aligncenter wp-image-568 size-medium\" src=\"https:\/\/blogsaverroes.juntadeandalucia.es\/ceipalandalusutrera\/files\/2015\/03\/lapices2-300x200.jpg\" alt=\"\" width=\"300\" height=\"200\" srcset=\"https:\/\/blogsaverroes.juntadeandalucia.es\/ceipalandalusutrera\/files\/2015\/03\/lapices2-300x200.jpg 300w, https:\/\/blogsaverroes.juntadeandalucia.es\/ceipalandalusutrera\/files\/2015\/03\/lapices2-1024x682.jpg 1024w, https:\/\/blogsaverroes.juntadeandalucia.es\/ceipalandalusutrera\/files\/2015\/03\/lapices2-700x466.jpg 700w, https:\/\/blogsaverroes.juntadeandalucia.es\/ceipalandalusutrera\/files\/2015\/03\/lapices2-332x221.jpg 332w, https:\/\/blogsaverroes.juntadeandalucia.es\/ceipalandalusutrera\/files\/2015\/03\/lapices2.jpg 1280w\" sizes=\"(max-width: 300px) 100vw, 300px\" \/><\/p>\n<h5 style=\"text-align: center\"><strong>&nbsp;Miembros del Equipo Docente<\/strong><\/h5>\n<h5 style=\"text-align: center\">Curso 2025-26<\/h5>\n<p>&nbsp;<\/p>\n<h3><strong>Educaci\u00f3n Infantil<\/strong><\/h3>\n<ul>\n<li>Laura Burgos Rojas<\/li>\n<li>Rosario Mar\u00eda Garc\u00eda Hidalgo<\/li>\n<li>Yolanda Guerra Fern\u00e1ndez<\/li>\n<li>Antonia Herrera Navarro<\/li>\n<li>Teresa Manzano Gal\u00e1n<\/li>\n<li>&nbsp;Ver\u00f3nica M\u00e9ndez Ruiz<\/li>\n<li>Roc\u00edo Mu\u00f1oz Pi\u00f1ero<\/li>\n<li>Consolaci\u00f3n V\u00e1zquez Mateo<\/li>\n<li>Miriam Vega Bermejo<\/li>\n<\/ul>\n<h5>&nbsp;<\/h5>\n<h3><strong>Educaci\u00f3n Primaria<\/strong><\/h3>\n<ul>\n<li>Mar\u00eda \u00c1ngeles Acosta Boje<\/li>\n<li>Jos\u00e9 Luis Aguilar Hurtado<\/li>\n<li>Silvia Cano-Caballero Fuentes<\/li>\n<li>Cristina Chac\u00f3n Zurita<\/li>\n<li>Antonio Cremades Begines<\/li>\n<li>Mar\u00eda Eva Gayango P\u00e9rez<\/li>\n<li>Mar\u00eda Teresa Gonz\u00e1lez Montesinos<\/li>\n<li>Manuela Guti\u00e9rrez Borrego<\/li>\n<li>Francisco Manuel Lobato L\u00f3pez<\/li>\n<li>Mar\u00eda Carmen Mart\u00edn Revuelta<\/li>\n<li>Carmen Mar\u00eda Mart\u00ednez Palomares<\/li>\n<li>Ana Mar\u00eda Mej\u00edas Poto<\/li>\n<li>Blanca Nieto Maestre<\/li>\n<li>Ana Mar\u00eda Pastor Navarro<\/li>\n<li>Mar\u00eda Isabel Perea Mor\u00e1n<\/li>\n<li>Jos\u00e9 Ignacio P\u00e9rez Jim\u00e9nez<\/li>\n<\/ul>\n<h5>&nbsp;<\/h5>\n<h3><strong>Equipo de Orientaci\u00f3n<\/strong><\/h3>\n<ul>\n<li>Fina Medina Villalba<\/li>\n<li>Lidia Guerrero Garc\u00eda<\/li>\n<li>Yolanda Rold\u00e1n Barrera<\/li>\n<li>Luc\u00eda Romero<\/li>\n<li>Macarena&nbsp;<\/li>\n<\/ul>\n<p>&nbsp;<\/p>\n","protected":false},"excerpt":{"rendered":"<p>&nbsp;Miembros del Equipo Docente Curso 2025-26 &nbsp; Educaci\u00f3n Infantil Laura Burgos Rojas Rosario Mar\u00eda Garc\u00eda Hidalgo Yolanda Guerra Fern\u00e1ndez Antonia Herrera Navarro Teresa Manzano Gal\u00e1n&hellip;<\/p>\n","protected":false},"author":4061,"featured_media":0,"parent":0,"menu_order":0,"comment_status":"closed","ping_status":"open","template":"","meta":{"ngg_post_thumbnail":0,"footnotes":"","_mc_calendar":[]},"aioseo_notices":[],"_links":{"self":[{"href":"https:\/\/blogsaverroes.juntadeandalucia.es\/ceipalandalusutrera\/wp-json\/wp\/v2\/pages\/2333"}],"collection":[{"href":"https:\/\/blogsaverroes.juntadeandalucia.es\/ceipalandalusutrera\/wp-json\/wp\/v2\/pages"}],"about":[{"href":"https:\/\/blogsaverroes.juntadeandalucia.es\/ceipalandalusutrera\/wp-json\/wp\/v2\/types\/page"}],"author":[{"embeddable":true,"href":"https:\/\/blogsaverroes.juntadeandalucia.es\/ceipalandalusutrera\/wp-json\/wp\/v2\/users\/4061"}],"replies":[{"embeddable":true,"href":"https:\/\/blogsaverroes.juntadeandalucia.es\/ceipalandalusutrera\/wp-json\/wp\/v2\/comments?post=2333"}],"version-history":[{"count":42,"href":"https:\/\/blogsaverroes.juntadeandalucia.es\/ceipalandalusutrera\/wp-json\/wp\/v2\/pages\/2333\/revisions"}],"predecessor-version":[{"id":7829,"href":"https:\/\/blogsaverroes.juntadeandalucia.es\/ceipalandalusutrera\/wp-json\/wp\/v2\/pages\/2333\/revisions\/7829"}],"wp:attachment":[{"href":"https:\/\/blogsaverroes.juntadeandalucia.es\/ceipalandalusutrera\/wp-json\/wp\/v2\/media?parent=2333"}],"curies":[{"name":"wp","href":"https:\/\/api.w.org\/{rel}","templated":true}]}}