{"id":2341,"date":"2016-10-23T01:00:09","date_gmt":"2016-10-23T01:00:09","guid":{"rendered":"http:\/\/blogsaverroes.juntadeandalucia.es\/ceipalandalusutrera\/?page_id=2341"},"modified":"2020-11-10T14:06:35","modified_gmt":"2020-11-10T13:06:35","slug":"pas","status":"publish","type":"page","link":"https:\/\/blogsaverroes.juntadeandalucia.es\/ceipalandalusutrera\/pas\/","title":{"rendered":"Personal no Docente"},"content":{"rendered":"<ul>\n<li>\n<h5>M\u00aa del Carmen Rayo Gonz\u00e1lez (Limpiadora)<\/h5>\n<\/li>\n<li>\n<h5>M\u00aa Jos\u00e9 Marrufo P\u00e9rez (Limpiadora)<\/h5>\n<\/li>\n<li>\n<h5>Francisca Moscoso Matos (Conserje)<\/h5>\n<\/li>\n<li>\n<h5>Lourdes Cotrino Garc\u00eda (Monitora escolar laboral)<\/h5>\n<\/li>\n<\/ul>\n","protected":false},"excerpt":{"rendered":"<p>M\u00aa del Carmen Rayo Gonz\u00e1lez (Limpiadora) M\u00aa Jos\u00e9 Marrufo P\u00e9rez (Limpiadora) Francisca Moscoso Matos (Conserje) Lourdes Cotrino Garc\u00eda (Monitora escolar laboral)<\/p>\n","protected":false},"author":4061,"featured_media":0,"parent":0,"menu_order":0,"comment_status":"closed","ping_status":"open","template":"","meta":{"ngg_post_thumbnail":0,"footnotes":"","_mc_calendar":[]},"aioseo_notices":[],"_links":{"self":[{"href":"https:\/\/blogsaverroes.juntadeandalucia.es\/ceipalandalusutrera\/wp-json\/wp\/v2\/pages\/2341"}],"collection":[{"href":"https:\/\/blogsaverroes.juntadeandalucia.es\/ceipalandalusutrera\/wp-json\/wp\/v2\/pages"}],"about":[{"href":"https:\/\/blogsaverroes.juntadeandalucia.es\/ceipalandalusutrera\/wp-json\/wp\/v2\/types\/page"}],"author":[{"embeddable":true,"href":"https:\/\/blogsaverroes.juntadeandalucia.es\/ceipalandalusutrera\/wp-json\/wp\/v2\/users\/4061"}],"replies":[{"embeddable":true,"href":"https:\/\/blogsaverroes.juntadeandalucia.es\/ceipalandalusutrera\/wp-json\/wp\/v2\/comments?post=2341"}],"version-history":[{"count":9,"href":"https:\/\/blogsaverroes.juntadeandalucia.es\/ceipalandalusutrera\/wp-json\/wp\/v2\/pages\/2341\/revisions"}],"predecessor-version":[{"id":6952,"href":"https:\/\/blogsaverroes.juntadeandalucia.es\/ceipalandalusutrera\/wp-json\/wp\/v2\/pages\/2341\/revisions\/6952"}],"wp:attachment":[{"href":"https:\/\/blogsaverroes.juntadeandalucia.es\/ceipalandalusutrera\/wp-json\/wp\/v2\/media?parent=2341"}],"curies":[{"name":"wp","href":"https:\/\/api.w.org\/{rel}","templated":true}]}}