{"id":2551,"date":"2016-11-06T13:32:51","date_gmt":"2016-11-06T13:32:51","guid":{"rendered":"http:\/\/blogsaverroes.juntadeandalucia.es\/ceipalandalusutrera\/?page_id=2551"},"modified":"2016-11-06T13:32:51","modified_gmt":"2016-11-06T13:32:51","slug":"educacion-primaria","status":"publish","type":"page","link":"https:\/\/blogsaverroes.juntadeandalucia.es\/ceipalandalusutrera\/educacion-primaria\/","title":{"rendered":"Educaci\u00f3n Primaria"},"content":{"rendered":"<div class=\"inner_cuerpo\">\n<h5 style=\"text-align: center\"><img loading=\"lazy\" decoding=\"async\" class=\"aligncenter size-medium wp-image-1617\" src=\"http:\/\/blogsaverroes.juntadeandalucia.es\/ceipalandalusutrera\/files\/2015\/03\/educacion3-300x161.png\" alt=\"educacion3\" width=\"300\" height=\"161\" srcset=\"https:\/\/blogsaverroes.juntadeandalucia.es\/ceipalandalusutrera\/files\/2015\/03\/educacion3-300x161.png 300w, https:\/\/blogsaverroes.juntadeandalucia.es\/ceipalandalusutrera\/files\/2015\/03\/educacion3-332x178.png 332w, https:\/\/blogsaverroes.juntadeandalucia.es\/ceipalandalusutrera\/files\/2015\/03\/educacion3.png 640w\" sizes=\"(max-width: 300px) 100vw, 300px\" \/><\/h5>\n<h5>La escolarizaci\u00f3n de los ni\u00f1os y las ni\u00f1as es obligatoria a partir de los 6 a\u00f1os, por lo que deben incorporarse a la escuela independientemente de que hayan cursado o no alguno de los cursos de Educaci\u00f3n Infantil. La educaci\u00f3n b\u00e1sica u obligatoria se extiende a nivel del Estado hasta los 16 a\u00f1os y est\u00e1 formada por dos etapas: Educaci\u00f3n Primaria y Educaci\u00f3n Secundaria Obligatoria.<\/h5>\n<h5>La Educaci\u00f3n Primaria es una etapa obligatoria y gratuita y comprende seis cursos acad\u00e9micos, desde los 6 hasta los 12 a\u00f1os. Su curr\u00edculo est\u00e1 organizado en tres ciclos de dos a\u00f1os cada uno:<\/h5>\n<ul>\n<li>\n<h5>Primer ciclo: de 6 a 8 a\u00f1os.<\/h5>\n<\/li>\n<li>\n<h5>Segundo ciclo: de 8 a 10 a\u00f1os.<\/h5>\n<\/li>\n<li>\n<h5>Tercer ciclo: de 10 a 12 a\u00f1os.<\/h5>\n<\/li>\n<\/ul>\n<h5>La finalidad de la Educaci\u00f3n Primaria es proporcionar a todos los alumnos y alumnas una educaci\u00f3n que permita afianzar su bienestar y su desarrollo personal, adquirir la capacidad de ejercer el pensamiento cr\u00edtico, las nociones b\u00e1sicas de nuestra cultura y las habilidades relativas a la expresi\u00f3n y comprensi\u00f3n oral, la lectura, la escritura y el c\u00e1lculo, as\u00ed como desarrollar habilidades sociales y de convivencia, de igualdad de g\u00e9nero, h\u00e1bitos de trabajo y estudio, el sentido art\u00edstico, la creatividad y la afectividad, todo ello, con el fin de garantizar una formaci\u00f3n integral que contribuya al pleno desarrollo de la personalidad y a prepararlos para cursar con aprovechamiento la Educaci\u00f3n Secundaria Obligatoria.<\/h5>\n<\/div>\n","protected":false},"excerpt":{"rendered":"<p>La escolarizaci\u00f3n de los ni\u00f1os y las ni\u00f1as es obligatoria a partir de los 6 a\u00f1os, por lo que deben incorporarse a la escuela independientemente&hellip;<\/p>\n","protected":false},"author":4061,"featured_media":0,"parent":0,"menu_order":0,"comment_status":"closed","ping_status":"closed","template":"","meta":{"ngg_post_thumbnail":0,"footnotes":"","_mc_calendar":[]},"aioseo_notices":[],"_links":{"self":[{"href":"https:\/\/blogsaverroes.juntadeandalucia.es\/ceipalandalusutrera\/wp-json\/wp\/v2\/pages\/2551"}],"collection":[{"href":"https:\/\/blogsaverroes.juntadeandalucia.es\/ceipalandalusutrera\/wp-json\/wp\/v2\/pages"}],"about":[{"href":"https:\/\/blogsaverroes.juntadeandalucia.es\/ceipalandalusutrera\/wp-json\/wp\/v2\/types\/page"}],"author":[{"embeddable":true,"href":"https:\/\/blogsaverroes.juntadeandalucia.es\/ceipalandalusutrera\/wp-json\/wp\/v2\/users\/4061"}],"replies":[{"embeddable":true,"href":"https:\/\/blogsaverroes.juntadeandalucia.es\/ceipalandalusutrera\/wp-json\/wp\/v2\/comments?post=2551"}],"version-history":[{"count":1,"href":"https:\/\/blogsaverroes.juntadeandalucia.es\/ceipalandalusutrera\/wp-json\/wp\/v2\/pages\/2551\/revisions"}],"predecessor-version":[{"id":2552,"href":"https:\/\/blogsaverroes.juntadeandalucia.es\/ceipalandalusutrera\/wp-json\/wp\/v2\/pages\/2551\/revisions\/2552"}],"wp:attachment":[{"href":"https:\/\/blogsaverroes.juntadeandalucia.es\/ceipalandalusutrera\/wp-json\/wp\/v2\/media?parent=2551"}],"curies":[{"name":"wp","href":"https:\/\/api.w.org\/{rel}","templated":true}]}}