{"id":2621,"date":"2016-11-11T22:36:03","date_gmt":"2016-11-11T22:36:03","guid":{"rendered":"http:\/\/blogsaverroes.juntadeandalucia.es\/ceipalandalusutrera\/?page_id=2621"},"modified":"2020-11-10T14:10:48","modified_gmt":"2020-11-10T13:10:48","slug":"videos","status":"publish","type":"page","link":"https:\/\/blogsaverroes.juntadeandalucia.es\/ceipalandalusutrera\/videos\/","title":{"rendered":"V\u00eddeos"},"content":{"rendered":"<h4>En este rinc\u00f3n os mostramos algunas de las celebraciones y actividades que nuestro alumnado ha llevado a cabo en los \u00faltimos a\u00f1os, las cu\u00e1les han sido recogidas en v\u00eddeo, en su gran mayor\u00eda, por el maestro Paco.<\/h4>\n<p>&nbsp;<\/p>\n<p><a href=\"http:\/\/blogsaverroes.juntadeandalucia.es\/ceipalandalusutrera\/tag\/videos\/\"><img loading=\"lazy\" decoding=\"async\" class=\"aligncenter wp-image-2622 size-full\" src=\"http:\/\/blogsaverroes.juntadeandalucia.es\/ceipalandalusutrera\/files\/2016\/11\/videos.png\" alt=\"videos\" width=\"197\" height=\"88\"><\/a><\/p>\n<p>&nbsp;<\/p>\n<h5 style=\"text-align: center\"><strong>Canal de YouTube CEIP AL-\u00c1NDALUS<\/strong><\/h5>\n<p style=\"text-align: center\"><a href=\"https:\/\/www.youtube.com\/channel\/UCc9zfc1iMgHdfLyBdkPU67Q\/videos\" target=\"_blank\" rel=\"noopener noreferrer\"><img loading=\"lazy\" decoding=\"async\" class=\"aligncenter wp-image-6954 size-full\" src=\"https:\/\/blogsaverroes.juntadeandalucia.es\/ceipalandalusutrera\/files\/2020\/11\/YOU.png\" alt=\"\" width=\"475\" height=\"106\" srcset=\"https:\/\/blogsaverroes.juntadeandalucia.es\/ceipalandalusutrera\/files\/2020\/11\/YOU.png 475w, https:\/\/blogsaverroes.juntadeandalucia.es\/ceipalandalusutrera\/files\/2020\/11\/YOU-300x67.png 300w, https:\/\/blogsaverroes.juntadeandalucia.es\/ceipalandalusutrera\/files\/2020\/11\/YOU-332x74.png 332w, https:\/\/blogsaverroes.juntadeandalucia.es\/ceipalandalusutrera\/files\/2020\/11\/YOU-24x5.png 24w, https:\/\/blogsaverroes.juntadeandalucia.es\/ceipalandalusutrera\/files\/2020\/11\/YOU-36x8.png 36w, https:\/\/blogsaverroes.juntadeandalucia.es\/ceipalandalusutrera\/files\/2020\/11\/YOU-48x11.png 48w\" sizes=\"(max-width: 475px) 100vw, 475px\" \/><\/a><\/p>\n<p>&nbsp;<\/p>\n<p>&nbsp;<\/p>\n","protected":false},"excerpt":{"rendered":"<p>En este rinc\u00f3n os mostramos algunas de las celebraciones y actividades que nuestro alumnado ha llevado a cabo en los \u00faltimos a\u00f1os, las cu\u00e1les han&hellip;<\/p>\n","protected":false},"author":4061,"featured_media":0,"parent":0,"menu_order":0,"comment_status":"closed","ping_status":"closed","template":"","meta":{"ngg_post_thumbnail":0,"footnotes":"","_mc_calendar":[]},"aioseo_notices":[],"_links":{"self":[{"href":"https:\/\/blogsaverroes.juntadeandalucia.es\/ceipalandalusutrera\/wp-json\/wp\/v2\/pages\/2621"}],"collection":[{"href":"https:\/\/blogsaverroes.juntadeandalucia.es\/ceipalandalusutrera\/wp-json\/wp\/v2\/pages"}],"about":[{"href":"https:\/\/blogsaverroes.juntadeandalucia.es\/ceipalandalusutrera\/wp-json\/wp\/v2\/types\/page"}],"author":[{"embeddable":true,"href":"https:\/\/blogsaverroes.juntadeandalucia.es\/ceipalandalusutrera\/wp-json\/wp\/v2\/users\/4061"}],"replies":[{"embeddable":true,"href":"https:\/\/blogsaverroes.juntadeandalucia.es\/ceipalandalusutrera\/wp-json\/wp\/v2\/comments?post=2621"}],"version-history":[{"count":7,"href":"https:\/\/blogsaverroes.juntadeandalucia.es\/ceipalandalusutrera\/wp-json\/wp\/v2\/pages\/2621\/revisions"}],"predecessor-version":[{"id":6955,"href":"https:\/\/blogsaverroes.juntadeandalucia.es\/ceipalandalusutrera\/wp-json\/wp\/v2\/pages\/2621\/revisions\/6955"}],"wp:attachment":[{"href":"https:\/\/blogsaverroes.juntadeandalucia.es\/ceipalandalusutrera\/wp-json\/wp\/v2\/media?parent=2621"}],"curies":[{"name":"wp","href":"https:\/\/api.w.org\/{rel}","templated":true}]}}