{"id":2773,"date":"2016-11-16T16:35:49","date_gmt":"2016-11-16T16:35:49","guid":{"rendered":"http:\/\/blogsaverroes.juntadeandalucia.es\/ceipalandalusutrera\/?page_id=2773"},"modified":"2024-10-28T14:01:21","modified_gmt":"2024-10-28T13:01:21","slug":"aula-matinal-2","status":"publish","type":"page","link":"https:\/\/blogsaverroes.juntadeandalucia.es\/ceipalandalusutrera\/aula-matinal-2\/","title":{"rendered":"Plan de Apertura"},"content":{"rendered":"<h5 style=\"text-align: center\">Nuestro centro ofrece el servicio de <strong>Aula Matinal<\/strong> a todas aquellas familias que lo necesiten en horario de 7:30 h. a 9:00 h.<\/h5>\n<h5 style=\"text-align: center\">Puede solicitar informaci\u00f3n tambi\u00e9n para el servicio de <strong>Aula de Mediod\u00eda<\/strong>.<\/h5>\n<h5 style=\"text-align: justify\">&nbsp;<\/h5>\n<h5 style=\"text-align: center\">Para m\u00e1s informaci\u00f3n, contacte por tel\u00e9fono\/correo electr\u00f3nico o pulse aqu\u00ed: <a href=\"https:\/\/blogsaverroes.juntadeandalucia.es\/ceipalandalusutrera\/secretaria\/\" target=\"_blank\" rel=\"noopener\">Secretar\u00eda<\/a>.<\/h5>\n","protected":false},"excerpt":{"rendered":"<p>Nuestro centro ofrece el servicio de Aula Matinal a todas aquellas familias que lo necesiten en horario de 7:30 h. a 9:00 h. Puede solicitar&hellip;<\/p>\n","protected":false},"author":4061,"featured_media":0,"parent":0,"menu_order":0,"comment_status":"closed","ping_status":"closed","template":"","meta":{"ngg_post_thumbnail":0,"footnotes":"","_mc_calendar":[]},"aioseo_notices":[],"_links":{"self":[{"href":"https:\/\/blogsaverroes.juntadeandalucia.es\/ceipalandalusutrera\/wp-json\/wp\/v2\/pages\/2773"}],"collection":[{"href":"https:\/\/blogsaverroes.juntadeandalucia.es\/ceipalandalusutrera\/wp-json\/wp\/v2\/pages"}],"about":[{"href":"https:\/\/blogsaverroes.juntadeandalucia.es\/ceipalandalusutrera\/wp-json\/wp\/v2\/types\/page"}],"author":[{"embeddable":true,"href":"https:\/\/blogsaverroes.juntadeandalucia.es\/ceipalandalusutrera\/wp-json\/wp\/v2\/users\/4061"}],"replies":[{"embeddable":true,"href":"https:\/\/blogsaverroes.juntadeandalucia.es\/ceipalandalusutrera\/wp-json\/wp\/v2\/comments?post=2773"}],"version-history":[{"count":6,"href":"https:\/\/blogsaverroes.juntadeandalucia.es\/ceipalandalusutrera\/wp-json\/wp\/v2\/pages\/2773\/revisions"}],"predecessor-version":[{"id":7673,"href":"https:\/\/blogsaverroes.juntadeandalucia.es\/ceipalandalusutrera\/wp-json\/wp\/v2\/pages\/2773\/revisions\/7673"}],"wp:attachment":[{"href":"https:\/\/blogsaverroes.juntadeandalucia.es\/ceipalandalusutrera\/wp-json\/wp\/v2\/media?parent=2773"}],"curies":[{"name":"wp","href":"https:\/\/api.w.org\/{rel}","templated":true}]}}