{"id":42,"date":"2015-03-13T08:40:47","date_gmt":"2015-03-13T08:40:47","guid":{"rendered":"http:\/\/blogsaverroes.juntadeandalucia.es\/pre\/ceip\/?page_id=42"},"modified":"2022-11-04T17:11:28","modified_gmt":"2022-11-04T16:11:28","slug":"equipo-directivo","status":"publish","type":"page","link":"https:\/\/blogsaverroes.juntadeandalucia.es\/ceipalandalusutrera\/equipo-directivo\/","title":{"rendered":"Equipo Directivo"},"content":{"rendered":"<h5>&nbsp;<\/h5>\n<h5><strong>Direcci\u00f3n<\/strong>: Manuela Guti\u00e9rrez Borrego<strong><br \/>\n<\/strong><\/h5>\n<h5><strong>Jefatura de Estudios<\/strong>: Miriam Vega Bermejo<strong><br \/>\n<\/strong><\/h5>\n<h5><strong>Secretar\u00eda<\/strong>: Yolanda Guerra Fern\u00e1ndez<strong><br \/>\n<\/strong><\/h5>\n<p>&nbsp;<\/p>\n","protected":false},"excerpt":{"rendered":"<p>&nbsp; Direcci\u00f3n: Manuela Guti\u00e9rrez Borrego Jefatura de Estudios: Miriam Vega Bermejo Secretar\u00eda: Yolanda Guerra Fern\u00e1ndez &nbsp;<\/p>\n","protected":false},"author":1,"featured_media":0,"parent":0,"menu_order":0,"comment_status":"closed","ping_status":"open","template":"","meta":{"ngg_post_thumbnail":0,"footnotes":"","_mc_calendar":[]},"aioseo_notices":[],"_links":{"self":[{"href":"https:\/\/blogsaverroes.juntadeandalucia.es\/ceipalandalusutrera\/wp-json\/wp\/v2\/pages\/42"}],"collection":[{"href":"https:\/\/blogsaverroes.juntadeandalucia.es\/ceipalandalusutrera\/wp-json\/wp\/v2\/pages"}],"about":[{"href":"https:\/\/blogsaverroes.juntadeandalucia.es\/ceipalandalusutrera\/wp-json\/wp\/v2\/types\/page"}],"author":[{"embeddable":true,"href":"https:\/\/blogsaverroes.juntadeandalucia.es\/ceipalandalusutrera\/wp-json\/wp\/v2\/users\/1"}],"replies":[{"embeddable":true,"href":"https:\/\/blogsaverroes.juntadeandalucia.es\/ceipalandalusutrera\/wp-json\/wp\/v2\/comments?post=42"}],"version-history":[{"count":11,"href":"https:\/\/blogsaverroes.juntadeandalucia.es\/ceipalandalusutrera\/wp-json\/wp\/v2\/pages\/42\/revisions"}],"predecessor-version":[{"id":7165,"href":"https:\/\/blogsaverroes.juntadeandalucia.es\/ceipalandalusutrera\/wp-json\/wp\/v2\/pages\/42\/revisions\/7165"}],"wp:attachment":[{"href":"https:\/\/blogsaverroes.juntadeandalucia.es\/ceipalandalusutrera\/wp-json\/wp\/v2\/media?parent=42"}],"curies":[{"name":"wp","href":"https:\/\/api.w.org\/{rel}","templated":true}]}}