{"id":44,"date":"2015-03-13T08:42:15","date_gmt":"2015-03-13T08:42:15","guid":{"rendered":"http:\/\/blogsaverroes.juntadeandalucia.es\/pre\/ceip\/?page_id=44"},"modified":"2024-10-08T16:39:20","modified_gmt":"2024-10-08T15:39:20","slug":"planes-y-proyectos","status":"publish","type":"page","link":"https:\/\/blogsaverroes.juntadeandalucia.es\/ceipalandalusutrera\/planes-y-proyectos\/","title":{"rendered":"Planes y Programas Educativos"},"content":{"rendered":"<p><img loading=\"lazy\" decoding=\"async\" class=\"aligncenter wp-image-2548 size-full\" src=\"http:\/\/blogsaverroes.juntadeandalucia.es\/ceipalandalusutrera\/files\/2015\/03\/planesyprogramas.png\" alt=\"planesyprogramas\" width=\"370\" height=\"150\" srcset=\"https:\/\/blogsaverroes.juntadeandalucia.es\/ceipalandalusutrera\/files\/2015\/03\/planesyprogramas.png 370w, https:\/\/blogsaverroes.juntadeandalucia.es\/ceipalandalusutrera\/files\/2015\/03\/planesyprogramas-300x122.png 300w\" sizes=\"(max-width: 370px) 100vw, 370px\" \/><\/p>\n<h5>Nuestro Centro lleva a cabo los siguientes <strong>Planes y Programas<\/strong> <strong>educativos<\/strong> promovidos desde la Consejer\u00eda de Educaci\u00f3n, Cultura y Deporte:<\/h5>\n<p>&nbsp;<\/p>\n<ul>\n<li>\n<h5><strong>Proyecto Biling\u00fce<\/strong> (Coordinaci\u00f3n: Blanca Nieto Maestre)<\/h5>\n<\/li>\n<\/ul>\n<p><a href=\"http:\/\/www.juntadeandalucia.es\/educacion\/webportal\/web\/portal-de-plurilinguismo\" target=\"_blank\" rel=\"noopener noreferrer\"><img loading=\"lazy\" decoding=\"async\" class=\" size-medium wp-image-2539 alignleft\" src=\"http:\/\/blogsaverroes.juntadeandalucia.es\/ceipalandalusutrera\/files\/2015\/03\/plurilinguismo-300x65.png\" alt=\"plurilinguismo\" width=\"300\" height=\"65\" srcset=\"https:\/\/blogsaverroes.juntadeandalucia.es\/ceipalandalusutrera\/files\/2015\/03\/plurilinguismo-300x65.png 300w, https:\/\/blogsaverroes.juntadeandalucia.es\/ceipalandalusutrera\/files\/2015\/03\/plurilinguismo.png 463w\" sizes=\"(max-width: 300px) 100vw, 300px\" \/><\/a><\/p>\n<p>&nbsp;<\/p>\n<p>&nbsp;<\/p>\n<p>&nbsp;<\/p>\n<p>&nbsp;<\/p>\n<ul>\n<li>\n<h5><strong>Transformaci\u00f3n Digital Educativa&nbsp;<\/strong> (Coordinaci\u00f3n: Antonio Cremades Begines)<\/h5>\n<\/li>\n<\/ul>\n<p><a href=\"https:\/\/www.juntadeandalucia.es\/educacion\/portals\/web\/transformacion-digital-educativa\" target=\"_blank\" rel=\"noopener noreferrer\"><img loading=\"lazy\" decoding=\"async\" class=\"alignleft wp-image-6934 size-full\" src=\"https:\/\/blogsaverroes.juntadeandalucia.es\/ceipalandalusutrera\/files\/2020\/11\/ltde.png\" alt=\"\" width=\"100\" height=\"100\" srcset=\"https:\/\/blogsaverroes.juntadeandalucia.es\/ceipalandalusutrera\/files\/2020\/11\/ltde.png 100w, https:\/\/blogsaverroes.juntadeandalucia.es\/ceipalandalusutrera\/files\/2020\/11\/ltde-24x24.png 24w, https:\/\/blogsaverroes.juntadeandalucia.es\/ceipalandalusutrera\/files\/2020\/11\/ltde-36x36.png 36w, https:\/\/blogsaverroes.juntadeandalucia.es\/ceipalandalusutrera\/files\/2020\/11\/ltde-48x48.png 48w\" sizes=\"(max-width: 100px) 100vw, 100px\" \/><\/a><\/p>\n<p>&nbsp;<\/p>\n<p>&nbsp;<\/p>\n<p>&nbsp;<\/p>\n<p>&nbsp;<\/p>\n<p>&nbsp;<\/p>\n<ul>\n<li>\n<h5><strong>Organizaci\u00f3n y Funcionamiento de las Bibliotecas Escolares<\/strong><\/h5>\n<h5>(Coordinaci\u00f3n: Ana M\u00aa Pastor Navarro)<\/h5>\n<\/li>\n<\/ul>\n<p><a href=\"http:\/\/www.juntadeandalucia.es\/educacion\/webportal\/web\/lecturas-y-bibliotecas-escolares\/bibliotecas-escolares\" target=\"_blank\" rel=\"noopener noreferrer\"><img loading=\"lazy\" decoding=\"async\" class=\"alignleft size-medium wp-image-2540\" src=\"http:\/\/blogsaverroes.juntadeandalucia.es\/ceipalandalusutrera\/files\/2015\/03\/lecturasybibliotecas-300x56.png\" alt=\"lecturasybibliotecas\" width=\"300\" height=\"56\" srcset=\"https:\/\/blogsaverroes.juntadeandalucia.es\/ceipalandalusutrera\/files\/2015\/03\/lecturasybibliotecas-300x56.png 300w, https:\/\/blogsaverroes.juntadeandalucia.es\/ceipalandalusutrera\/files\/2015\/03\/lecturasybibliotecas.png 463w\" sizes=\"(max-width: 300px) 100vw, 300px\" \/><\/a><\/p>\n<p>&nbsp;<\/p>\n<p>&nbsp;<\/p>\n<p>&nbsp;<\/p>\n<p>&nbsp;<\/p>\n<ul>\n<li>\n<h5><strong>Creciendo en Salud<\/strong> (Coordinaci\u00f3n: M\u00aa Carmen Mart\u00edn Revuelta)<\/h5>\n<\/li>\n<\/ul>\n<p><a href=\"http:\/\/www.juntadeandalucia.es\/educacion\/webportal\/web\/vida-saludable\/creciendoensalud\" target=\"_blank\" rel=\"noopener noreferrer\"><img loading=\"lazy\" decoding=\"async\" class=\"alignleft wp-image-2541\" src=\"http:\/\/blogsaverroes.juntadeandalucia.es\/ceipalandalusutrera\/files\/2015\/03\/creciendoensalud-300x44.png\" alt=\"creciendoensalud\" width=\"300\" height=\"44\" srcset=\"https:\/\/blogsaverroes.juntadeandalucia.es\/ceipalandalusutrera\/files\/2015\/03\/creciendoensalud-300x44.png 300w, https:\/\/blogsaverroes.juntadeandalucia.es\/ceipalandalusutrera\/files\/2015\/03\/creciendoensalud.png 637w\" sizes=\"(max-width: 300px) 100vw, 300px\" \/><\/a><\/p>\n<p>&nbsp;<\/p>\n<p>&nbsp;<\/p>\n<p>&nbsp;<\/p>\n<p>&nbsp;<\/p>\n<ul>\n<li>\n<h5><strong>Coeducaci\u00f3n<\/strong> (Coordinaci\u00f3n: Miriam Vega Bermejo)<\/h5>\n<\/li>\n<\/ul>\n<p><a href=\"http:\/\/www.juntadeandalucia.es\/educacion\/webportal\/web\/portal-de-igualdad\" target=\"_blank\" rel=\"noopener noreferrer\"><img loading=\"lazy\" decoding=\"async\" class=\"wp-image-2542 size-full alignleft\" src=\"https:\/\/blogsaverroes.juntadeandalucia.es\/ceipalandalusutrera\/files\/2015\/03\/coeducacion.png\" alt=\"\" width=\"317\" height=\"141\" srcset=\"https:\/\/blogsaverroes.juntadeandalucia.es\/ceipalandalusutrera\/files\/2015\/03\/coeducacion.png 317w, https:\/\/blogsaverroes.juntadeandalucia.es\/ceipalandalusutrera\/files\/2015\/03\/coeducacion-300x133.png 300w\" sizes=\"(max-width: 317px) 100vw, 317px\" \/><\/a><\/p>\n<p>&nbsp;<\/p>\n<p>&nbsp;<\/p>\n<p>&nbsp;<\/p>\n<p>&nbsp;<\/p>\n<p>&nbsp;<\/p>\n<ul>\n<li>\n<h5><strong>Escuela \u00abEspacio de paz\u00bb<\/strong> (Coordinaci\u00f3n: Miriam Vega Bermejo)<\/h5>\n<\/li>\n<\/ul>\n<p><a href=\"http:\/\/www.juntadeandalucia.es\/educacion\/webportal\/web\/convivencia-escolar\/eep\" target=\"_blank\" rel=\"noopener noreferrer\"><img loading=\"lazy\" decoding=\"async\" class=\"wp-image-2543 size-full alignleft\" src=\"https:\/\/blogsaverroes.juntadeandalucia.es\/ceipalandalusutrera\/files\/2015\/03\/escuelaespaciopaz.png\" alt=\"\" width=\"322\" height=\"147\" srcset=\"https:\/\/blogsaverroes.juntadeandalucia.es\/ceipalandalusutrera\/files\/2015\/03\/escuelaespaciopaz.png 322w, https:\/\/blogsaverroes.juntadeandalucia.es\/ceipalandalusutrera\/files\/2015\/03\/escuelaespaciopaz-300x137.png 300w\" sizes=\"(max-width: 322px) 100vw, 322px\" \/><\/a><\/p>\n","protected":false},"excerpt":{"rendered":"<p>Nuestro Centro lleva a cabo los siguientes Planes y Programas educativos promovidos desde la Consejer\u00eda de Educaci\u00f3n, Cultura y Deporte: &nbsp; Proyecto Biling\u00fce (Coordinaci\u00f3n: Blanca&hellip;<\/p>\n","protected":false},"author":1,"featured_media":0,"parent":0,"menu_order":0,"comment_status":"closed","ping_status":"closed","template":"","meta":{"ngg_post_thumbnail":0,"footnotes":"","_mc_calendar":[]},"aioseo_notices":[],"_links":{"self":[{"href":"https:\/\/blogsaverroes.juntadeandalucia.es\/ceipalandalusutrera\/wp-json\/wp\/v2\/pages\/44"}],"collection":[{"href":"https:\/\/blogsaverroes.juntadeandalucia.es\/ceipalandalusutrera\/wp-json\/wp\/v2\/pages"}],"about":[{"href":"https:\/\/blogsaverroes.juntadeandalucia.es\/ceipalandalusutrera\/wp-json\/wp\/v2\/types\/page"}],"author":[{"embeddable":true,"href":"https:\/\/blogsaverroes.juntadeandalucia.es\/ceipalandalusutrera\/wp-json\/wp\/v2\/users\/1"}],"replies":[{"embeddable":true,"href":"https:\/\/blogsaverroes.juntadeandalucia.es\/ceipalandalusutrera\/wp-json\/wp\/v2\/comments?post=44"}],"version-history":[{"count":30,"href":"https:\/\/blogsaverroes.juntadeandalucia.es\/ceipalandalusutrera\/wp-json\/wp\/v2\/pages\/44\/revisions"}],"predecessor-version":[{"id":7629,"href":"https:\/\/blogsaverroes.juntadeandalucia.es\/ceipalandalusutrera\/wp-json\/wp\/v2\/pages\/44\/revisions\/7629"}],"wp:attachment":[{"href":"https:\/\/blogsaverroes.juntadeandalucia.es\/ceipalandalusutrera\/wp-json\/wp\/v2\/media?parent=44"}],"curies":[{"name":"wp","href":"https:\/\/api.w.org\/{rel}","templated":true}]}}