{"id":49,"date":"2015-03-13T08:47:05","date_gmt":"2015-03-13T08:47:05","guid":{"rendered":"http:\/\/blogsaverroes.juntadeandalucia.es\/pre\/ceip\/?page_id=49"},"modified":"2025-10-02T20:04:55","modified_gmt":"2025-10-02T19:04:55","slug":"proyecto-educativo","status":"publish","type":"page","link":"https:\/\/blogsaverroes.juntadeandalucia.es\/ceipalandalusutrera\/proyecto-educativo\/","title":{"rendered":"Plan de Centro"},"content":{"rendered":"<h5 style=\"text-align: justify\">&nbsp;<\/h5>\n<h5 style=\"text-align: justify\"><img loading=\"lazy\" decoding=\"async\" class=\"aligncenter wp-image-2143 size-medium\" src=\"http:\/\/blogsaverroes.juntadeandalucia.es\/ceipalandalusutrera\/files\/2015\/05\/slider_01-300x150.png\" alt=\"slider_01\" width=\"300\" height=\"150\" srcset=\"https:\/\/blogsaverroes.juntadeandalucia.es\/ceipalandalusutrera\/files\/2015\/05\/slider_01-300x150.png 300w, https:\/\/blogsaverroes.juntadeandalucia.es\/ceipalandalusutrera\/files\/2015\/05\/slider_01-1024x512.png 1024w, https:\/\/blogsaverroes.juntadeandalucia.es\/ceipalandalusutrera\/files\/2015\/05\/slider_01-700x350.png 700w, https:\/\/blogsaverroes.juntadeandalucia.es\/ceipalandalusutrera\/files\/2015\/05\/slider_01.png 1280w\" sizes=\"(max-width: 300px) 100vw, 300px\" \/><\/h5>\n<p>&nbsp;<\/p>\n<h5 style=\"text-align: justify\">El <strong>Plan de Centro<\/strong> est\u00e1 compuesto por el <em>Proyecto Educativo<\/em>, el <em>Reglamento de Organizaci\u00f3n y Funcionamiento<\/em> y el <em>Plan de Gesti\u00f3n. <\/em>En ellos se define la identidad de nuestro centro desde el punto de vista pedag\u00f3gico, organizativo y de gesti\u00f3n econ\u00f3mica.<\/h5>\n<h5 style=\"text-align: justify\">Estos documentos est\u00e1n aprobados por el Consejo Escolar y se actualizan, incorporando las modificaciones oportunas, al comienzo de cada a\u00f1o acad\u00e9mico. El Plan de Centro est\u00e1 a disposici\u00f3n de la toda la comunidad educativa. Puede consultarlo y descargarlo aqu\u00ed:<\/h5>\n<p>&nbsp;<\/p>\n<h3 style=\"text-align: center\"><a href=\"https:\/\/blogsaverroes.juntadeandalucia.es\/ceipalandalusutrera\/files\/2025\/10\/Documento_Plan_de_Centro_24-25.zip\" target=\"_blank\" rel=\"noopener\">PLAN DE CENTRO<\/a><\/h3>\n<h5 style=\"text-align: center\"><img loading=\"lazy\" decoding=\"async\" class=\"aligncenter wp-image-546 size-thumbnail\" src=\"http:\/\/blogsaverroes.juntadeandalucia.es\/ceipalandalusutrera\/files\/2014\/12\/lapices1-150x150.jpg\" alt=\"lapices1\" width=\"150\" height=\"150\" srcset=\"https:\/\/blogsaverroes.juntadeandalucia.es\/ceipalandalusutrera\/files\/2014\/12\/lapices1-150x150.jpg 150w, https:\/\/blogsaverroes.juntadeandalucia.es\/ceipalandalusutrera\/files\/2014\/12\/lapices1-432x432.jpg 432w, https:\/\/blogsaverroes.juntadeandalucia.es\/ceipalandalusutrera\/files\/2014\/12\/lapices1-268x268.jpg 268w\" sizes=\"(max-width: 150px) 100vw, 150px\" \/><\/h5>\n<h5 style=\"text-align: justify\">&nbsp;<\/h5>\n<h5 style=\"text-align: justify\">&nbsp;<\/h5>\n","protected":false},"excerpt":{"rendered":"<p>&nbsp; &nbsp; El Plan de Centro est\u00e1 compuesto por el Proyecto Educativo, el Reglamento de Organizaci\u00f3n y Funcionamiento y el Plan de Gesti\u00f3n. En ellos&hellip;<\/p>\n","protected":false},"author":1,"featured_media":0,"parent":0,"menu_order":0,"comment_status":"closed","ping_status":"open","template":"","meta":{"ngg_post_thumbnail":0,"footnotes":"","_mc_calendar":[]},"aioseo_notices":[],"_links":{"self":[{"href":"https:\/\/blogsaverroes.juntadeandalucia.es\/ceipalandalusutrera\/wp-json\/wp\/v2\/pages\/49"}],"collection":[{"href":"https:\/\/blogsaverroes.juntadeandalucia.es\/ceipalandalusutrera\/wp-json\/wp\/v2\/pages"}],"about":[{"href":"https:\/\/blogsaverroes.juntadeandalucia.es\/ceipalandalusutrera\/wp-json\/wp\/v2\/types\/page"}],"author":[{"embeddable":true,"href":"https:\/\/blogsaverroes.juntadeandalucia.es\/ceipalandalusutrera\/wp-json\/wp\/v2\/users\/1"}],"replies":[{"embeddable":true,"href":"https:\/\/blogsaverroes.juntadeandalucia.es\/ceipalandalusutrera\/wp-json\/wp\/v2\/comments?post=49"}],"version-history":[{"count":23,"href":"https:\/\/blogsaverroes.juntadeandalucia.es\/ceipalandalusutrera\/wp-json\/wp\/v2\/pages\/49\/revisions"}],"predecessor-version":[{"id":7813,"href":"https:\/\/blogsaverroes.juntadeandalucia.es\/ceipalandalusutrera\/wp-json\/wp\/v2\/pages\/49\/revisions\/7813"}],"wp:attachment":[{"href":"https:\/\/blogsaverroes.juntadeandalucia.es\/ceipalandalusutrera\/wp-json\/wp\/v2\/media?parent=49"}],"curies":[{"name":"wp","href":"https:\/\/api.w.org\/{rel}","templated":true}]}}