{"id":6939,"date":"2020-11-09T14:03:53","date_gmt":"2020-11-09T13:03:53","guid":{"rendered":"https:\/\/blogsaverroes.juntadeandalucia.es\/ceipalandalusutrera\/?page_id=6939"},"modified":"2025-11-19T11:32:11","modified_gmt":"2025-11-19T10:32:11","slug":"transformacion-digital-educativa","status":"publish","type":"page","link":"https:\/\/blogsaverroes.juntadeandalucia.es\/ceipalandalusutrera\/transformacion-digital-educativa\/","title":{"rendered":"Transformaci\u00f3n Digital Educativa"},"content":{"rendered":"<p><iframe loading=\"lazy\" title=\"#TDE, Transformaci\u00f3n Digital Educativa\" width=\"843\" height=\"474\" src=\"https:\/\/www.youtube.com\/embed\/ij2RFtZeTUs?feature=oembed\" frameborder=\"0\" allow=\"accelerometer; autoplay; clipboard-write; encrypted-media; gyroscope; picture-in-picture; web-share\" referrerpolicy=\"strict-origin-when-cross-origin\" allowfullscreen><\/iframe><\/p>\n<h4 style=\"text-align: center\"><a href=\"https:\/\/www.juntadeandalucia.es\/educacion\/portals\/web\/transformacion-digital-educativa\" target=\"_blank\" rel=\"noopener noreferrer\">PORTAL <em>TRANSFORMACI\u00d3N DIGITAL EDUCATIVA<\/em> (TDE)<\/a><\/h4>\n<p style=\"text-align: center\">&nbsp;<\/p>\n<p>&nbsp;<\/p>\n<h3 style=\"text-align: center\"><strong>PLAN DE ACTUACI\u00d3N DIGITAL<\/strong><\/h3>\n<p style=\"text-align: center\">&nbsp;<\/p>\n<p>&nbsp;<\/p>\n<h5 style=\"text-align: center\"><a href=\"https:\/\/blogsaverroes.juntadeandalucia.es\/ceipalandalusutrera\/files\/2025\/11\/PAD2526.pdf\" target=\"_blank\" rel=\"noopener\"><img loading=\"lazy\" decoding=\"async\" class=\"aligncenter wp-image-7849 size-large\" src=\"https:\/\/blogsaverroes.juntadeandalucia.es\/ceipalandalusutrera\/files\/2025\/11\/imadespad2526-1024x488.png\" alt=\"\" width=\"843\" height=\"402\" srcset=\"https:\/\/blogsaverroes.juntadeandalucia.es\/ceipalandalusutrera\/files\/2025\/11\/imadespad2526-1024x488.png 1024w, https:\/\/blogsaverroes.juntadeandalucia.es\/ceipalandalusutrera\/files\/2025\/11\/imadespad2526-300x143.png 300w, https:\/\/blogsaverroes.juntadeandalucia.es\/ceipalandalusutrera\/files\/2025\/11\/imadespad2526-768x366.png 768w, https:\/\/blogsaverroes.juntadeandalucia.es\/ceipalandalusutrera\/files\/2025\/11\/imadespad2526.png 1400w\" sizes=\"(max-width: 843px) 100vw, 843px\" \/><\/a><\/h5>\n<p>&nbsp;<\/p>\n<p>&nbsp;<\/p>\n<h3 style=\"text-align: center\"><strong>GU\u00cdAS DE USO SEGURO Y RESPONSABLE DE LAS TIC<\/strong><\/h3>\n<h6 style=\"text-align: center\">(Actualizaci\u00f3n Curso 2024-25)<\/h6>\n<p><a href=\"https:\/\/blogsaverroes.juntadeandalucia.es\/ceipalandalusutrera\/files\/2025\/02\/Guia-uso-TIC-CEIP-Al-Andalus-def2425-red.pdf\" target=\"_blank\" rel=\"noopener noreferrer\"><img loading=\"lazy\" decoding=\"async\" class=\"aligncenter wp-image-7099 size-full\" src=\"https:\/\/blogsaverroes.juntadeandalucia.es\/ceipalandalusutrera\/files\/2022\/04\/guticportada.png\" alt=\"\" width=\"1582\" height=\"829\" srcset=\"https:\/\/blogsaverroes.juntadeandalucia.es\/ceipalandalusutrera\/files\/2022\/04\/guticportada.png 1582w, https:\/\/blogsaverroes.juntadeandalucia.es\/ceipalandalusutrera\/files\/2022\/04\/guticportada-300x157.png 300w, https:\/\/blogsaverroes.juntadeandalucia.es\/ceipalandalusutrera\/files\/2022\/04\/guticportada-1024x537.png 1024w, https:\/\/blogsaverroes.juntadeandalucia.es\/ceipalandalusutrera\/files\/2022\/04\/guticportada-768x402.png 768w, https:\/\/blogsaverroes.juntadeandalucia.es\/ceipalandalusutrera\/files\/2022\/04\/guticportada-1536x805.png 1536w, https:\/\/blogsaverroes.juntadeandalucia.es\/ceipalandalusutrera\/files\/2022\/04\/guticportada-700x367.png 700w, https:\/\/blogsaverroes.juntadeandalucia.es\/ceipalandalusutrera\/files\/2022\/04\/guticportada-332x174.png 332w\" sizes=\"(max-width: 1582px) 100vw, 1582px\" \/><\/a><\/p>\n<p style=\"text-align: center\">&nbsp;<\/p>\n<div style=\"width: 100%;text-align: center\">\n<div style=\"padding-bottom: 56.25%;padding-top: 0;height: 0\"><iframe loading=\"lazy\" src=\"https:\/\/view.genial.ly\/64357479d0efeb0012182f64\" width=\"600\" height=\"350\" frameborder=\"0\" scrolling=\"yes\"><\/iframe><\/div>\n<\/div>\n<p style=\"text-align: center\">&nbsp;<\/p>\n<div style=\"width: 100%;text-align: center\">\n<div style=\"padding-bottom: 56.25%;padding-top: 0;height: 0\"><iframe loading=\"lazy\" src=\"https:\/\/view.genial.ly\/64352ffb7f7b770017dc448e\" width=\"600\" height=\"350\" frameborder=\"0\" scrolling=\"yes\"><\/iframe><\/div>\n<\/div>\n<p style=\"text-align: center\">&nbsp;<\/p>\n<p style=\"text-align: center\">&nbsp;<\/p>\n<p>&nbsp;<\/p>\n<p>&nbsp;<\/p>\n<h3 style=\"text-align: center\"><strong>APPS Y HERRAMIENTAS DE CONTROL PARENTAL<\/strong><\/h3>\n<p style=\"text-align: center\">&nbsp;<\/p>\n<p style=\"text-align: center\"><img loading=\"lazy\" decoding=\"async\" class=\"aligncenter wp-image-7402 size-medium\" src=\"https:\/\/blogsaverroes.juntadeandalucia.es\/ceipalandalusutrera\/files\/2023\/12\/apps-gratuitas-de-control-parental-300x193.jpg\" alt=\"\" width=\"300\" height=\"193\" srcset=\"https:\/\/blogsaverroes.juntadeandalucia.es\/ceipalandalusutrera\/files\/2023\/12\/apps-gratuitas-de-control-parental-300x193.jpg 300w, https:\/\/blogsaverroes.juntadeandalucia.es\/ceipalandalusutrera\/files\/2023\/12\/apps-gratuitas-de-control-parental-332x213.jpg 332w, https:\/\/blogsaverroes.juntadeandalucia.es\/ceipalandalusutrera\/files\/2023\/12\/apps-gratuitas-de-control-parental.jpg 700w\" sizes=\"(max-width: 300px) 100vw, 300px\" \/><a href=\"https:\/\/saposyprincesas.elmundo.es\/ocio-en-casa\/apps-videojuegos\/mejores-apps-gratuitas-control-parental\/\" target=\"_blank\" rel=\"noopener\">Smartphones y tabletas<\/a><\/p>\n<p style=\"text-align: center\">&nbsp;<\/p>\n<p style=\"text-align: center\"><img loading=\"lazy\" decoding=\"async\" class=\"aligncenter size-medium wp-image-7660\" src=\"https:\/\/blogsaverroes.juntadeandalucia.es\/ceipalandalusutrera\/files\/2024\/10\/w11-300x200.jpg\" alt=\"\" width=\"300\" height=\"200\" srcset=\"https:\/\/blogsaverroes.juntadeandalucia.es\/ceipalandalusutrera\/files\/2024\/10\/w11-300x200.jpg 300w, https:\/\/blogsaverroes.juntadeandalucia.es\/ceipalandalusutrera\/files\/2024\/10\/w11-768x512.jpg 768w, https:\/\/blogsaverroes.juntadeandalucia.es\/ceipalandalusutrera\/files\/2024\/10\/w11-700x467.jpg 700w, https:\/\/blogsaverroes.juntadeandalucia.es\/ceipalandalusutrera\/files\/2024\/10\/w11-332x221.jpg 332w, https:\/\/blogsaverroes.juntadeandalucia.es\/ceipalandalusutrera\/files\/2024\/10\/w11.jpg 960w\" sizes=\"(max-width: 300px) 100vw, 300px\" \/><\/p>\n<p style=\"text-align: center\"><a href=\"https:\/\/blogsaverroes.juntadeandalucia.es\/ceipalandalusutrera\/files\/2024\/05\/Como-instalar-control-parental-en-w11.pdf\" target=\"_blank\" rel=\"noopener\">Control parental en PC &#8211; Windows 11<\/a><\/p>\n<p style=\"text-align: center\">(<a href=\"https:\/\/www.internetmatters.org\/es\/parental-controls\/smartphones-and-other-devices\/windows-11-parental-controls\/\" target=\"_blank\" rel=\"noopener\">Tutorial \u00abpaso a paso\u00bb<\/a>)<\/p>\n<h5>&nbsp;<\/h5>\n<h5>&nbsp;<\/h5>\n<h5 style=\"text-align: center\"><strong>ENTRADAS CON LA ETIQUETA<\/strong><\/h5>\n<p><a href=\"https:\/\/blogsaverroes.juntadeandalucia.es\/ceipalandalusutrera\/tag\/tde\/\" target=\"_blank\" rel=\"noopener noreferrer\"><img loading=\"lazy\" decoding=\"async\" class=\"aligncenter wp-image-7421\" src=\"https:\/\/blogsaverroes.juntadeandalucia.es\/ceipalandalusutrera\/files\/2024\/01\/etiqueta-tde.png\" alt=\"\" width=\"150\" height=\"87\"><\/a><\/p>\n<h5 style=\"text-align: center\">&nbsp;<\/h5>\n","protected":false},"excerpt":{"rendered":"<p>PORTAL TRANSFORMACI\u00d3N DIGITAL EDUCATIVA (TDE) &nbsp; &nbsp; PLAN DE ACTUACI\u00d3N DIGITAL &nbsp; &nbsp; &nbsp; &nbsp; GU\u00cdAS DE USO SEGURO Y RESPONSABLE DE LAS TIC (Actualizaci\u00f3n&hellip;<\/p>\n","protected":false},"author":4061,"featured_media":0,"parent":0,"menu_order":0,"comment_status":"closed","ping_status":"closed","template":"","meta":{"ngg_post_thumbnail":0,"footnotes":"","_mc_calendar":[]},"aioseo_notices":[],"_links":{"self":[{"href":"https:\/\/blogsaverroes.juntadeandalucia.es\/ceipalandalusutrera\/wp-json\/wp\/v2\/pages\/6939"}],"collection":[{"href":"https:\/\/blogsaverroes.juntadeandalucia.es\/ceipalandalusutrera\/wp-json\/wp\/v2\/pages"}],"about":[{"href":"https:\/\/blogsaverroes.juntadeandalucia.es\/ceipalandalusutrera\/wp-json\/wp\/v2\/types\/page"}],"author":[{"embeddable":true,"href":"https:\/\/blogsaverroes.juntadeandalucia.es\/ceipalandalusutrera\/wp-json\/wp\/v2\/users\/4061"}],"replies":[{"embeddable":true,"href":"https:\/\/blogsaverroes.juntadeandalucia.es\/ceipalandalusutrera\/wp-json\/wp\/v2\/comments?post=6939"}],"version-history":[{"count":49,"href":"https:\/\/blogsaverroes.juntadeandalucia.es\/ceipalandalusutrera\/wp-json\/wp\/v2\/pages\/6939\/revisions"}],"predecessor-version":[{"id":7852,"href":"https:\/\/blogsaverroes.juntadeandalucia.es\/ceipalandalusutrera\/wp-json\/wp\/v2\/pages\/6939\/revisions\/7852"}],"wp:attachment":[{"href":"https:\/\/blogsaverroes.juntadeandalucia.es\/ceipalandalusutrera\/wp-json\/wp\/v2\/media?parent=6939"}],"curies":[{"name":"wp","href":"https:\/\/api.w.org\/{rel}","templated":true}]}}