{"id":649,"date":"2023-02-11T12:37:02","date_gmt":"2023-02-11T11:37:02","guid":{"rendered":"https:\/\/blogsaverroes.juntadeandalucia.es\/ceipalanis\/?page_id=649"},"modified":"2023-03-13T12:36:57","modified_gmt":"2023-03-13T11:36:57","slug":"nuestra-historia","status":"publish","type":"page","link":"https:\/\/blogsaverroes.juntadeandalucia.es\/ceipalanis\/nuestra-historia\/","title":{"rendered":"Nuestra Historia"},"content":{"rendered":"<p style=\"text-align: left\">Nuestro centro est\u00e1 situado en el barrio de <em>&#8220;El Campillo&#8221;<\/em>, de la localidad de <strong>Alan\u00eds<\/strong>,&nbsp; <strong>Sevilla<\/strong>. Se trata de un <strong>centro p\u00fablico Semi D<\/strong>, es decir, abarca desde el segundo ciclo de Educaci\u00f3n Infantil hasta el primer ciclo de la Educaci\u00f3n Secundaria Obligatoria. Nos dedicamos a la educaci\u00f3n integral de su alumnado, basada en valores y fomentando la convivencia positiva con alegr\u00eda, respeto y solidaridad.&nbsp;<\/p>\n<p>El <strong>edificio abri\u00f3 sus puertas en septiembre de 2012<\/strong>, aunque est\u00e1 inacabado. Se encuentra en proceso de construcci\u00f3n de la 2\u00aa fase del proyecto de renovaci\u00f3n de nuestro nuevo colegio.&nbsp;<\/p>\n<p>Contamos con una <strong>plantilla de 25 personas<\/strong>, incluy\u00e9ndose aqu\u00ed personal docente y no docente, que atienden a unos<strong> 150 alumnos y alumnas aproximadamente<\/strong> desde los 3 a los 14 a\u00f1os de edad.&nbsp;<\/p>\n<p>&nbsp;<\/p>\n<p>&nbsp;<\/p>\n","protected":false},"excerpt":{"rendered":"<p>Nuestro centro est\u00e1 situado en el barrio de &#8220;El Campillo&#8221;, de la localidad de Alan\u00eds,&nbsp; Sevilla. Se trata de un centro p\u00fablico Semi D, es decir, abarca desde el segundo ciclo de Educaci\u00f3n Infantil&#46;&#46;&#46;<\/p>\n","protected":false},"author":15297,"featured_media":0,"parent":0,"menu_order":0,"comment_status":"closed","ping_status":"closed","template":"","meta":{"ngg_post_thumbnail":0,"footnotes":""},"aioseo_notices":[],"_links":{"self":[{"href":"https:\/\/blogsaverroes.juntadeandalucia.es\/ceipalanis\/wp-json\/wp\/v2\/pages\/649"}],"collection":[{"href":"https:\/\/blogsaverroes.juntadeandalucia.es\/ceipalanis\/wp-json\/wp\/v2\/pages"}],"about":[{"href":"https:\/\/blogsaverroes.juntadeandalucia.es\/ceipalanis\/wp-json\/wp\/v2\/types\/page"}],"author":[{"embeddable":true,"href":"https:\/\/blogsaverroes.juntadeandalucia.es\/ceipalanis\/wp-json\/wp\/v2\/users\/15297"}],"replies":[{"embeddable":true,"href":"https:\/\/blogsaverroes.juntadeandalucia.es\/ceipalanis\/wp-json\/wp\/v2\/comments?post=649"}],"version-history":[{"count":4,"href":"https:\/\/blogsaverroes.juntadeandalucia.es\/ceipalanis\/wp-json\/wp\/v2\/pages\/649\/revisions"}],"predecessor-version":[{"id":787,"href":"https:\/\/blogsaverroes.juntadeandalucia.es\/ceipalanis\/wp-json\/wp\/v2\/pages\/649\/revisions\/787"}],"wp:attachment":[{"href":"https:\/\/blogsaverroes.juntadeandalucia.es\/ceipalanis\/wp-json\/wp\/v2\/media?parent=649"}],"curies":[{"name":"wp","href":"https:\/\/api.w.org\/{rel}","templated":true}]}}