{"id":1023,"date":"2021-05-11T19:34:25","date_gmt":"2021-05-11T18:34:25","guid":{"rendered":"https:\/\/blogsaverroes.juntadeandalucia.es\/ceipalcaldejoaquingarcia\/?page_id=1023"},"modified":"2023-05-18T21:10:12","modified_gmt":"2023-05-18T20:10:12","slug":"equipo-directivo","status":"publish","type":"page","link":"https:\/\/blogsaverroes.juntadeandalucia.es\/ceipalcaldejoaquingarcia\/equipo-directivo\/","title":{"rendered":"Equipo directivo"},"content":{"rendered":"<p>[et_pb_section fb_built=&#8221;1&#8243; _builder_version=&#8221;4.5.0&#8243; _module_preset=&#8221;default&#8221;][et_pb_row _builder_version=&#8221;4.5.0&#8243; _module_preset=&#8221;default&#8221;][et_pb_column type=&#8221;4_4&#8243; _builder_version=&#8221;4.5.0&#8243; _module_preset=&#8221;default&#8221;][et_pb_text _builder_version=&#8221;4.5.0&#8243; _module_preset=&#8221;default&#8221; box_shadow_style=&#8221;preset6&#8243;]<\/p>\n<p style=\"text-align: center\"><img loading=\"lazy\" decoding=\"async\" class=\"wp-image-1048 alignnone size-medium\" src=\"https:\/\/blogsaverroes.juntadeandalucia.es\/ceipalcaldejoaquingarcia\/files\/2021\/05\/L\u00c1PICES-300x200.jpg\" alt=\"\" width=\"337\" height=\"224\" srcset=\"https:\/\/blogsaverroes.juntadeandalucia.es\/ceipalcaldejoaquingarcia\/files\/2021\/05\/L\u00c1PICES-300x200.jpg 300w, https:\/\/blogsaverroes.juntadeandalucia.es\/ceipalcaldejoaquingarcia\/files\/2021\/05\/L\u00c1PICES-768x513.jpg 768w, https:\/\/blogsaverroes.juntadeandalucia.es\/ceipalcaldejoaquingarcia\/files\/2021\/05\/L\u00c1PICES-980x655.jpg 980w, https:\/\/blogsaverroes.juntadeandalucia.es\/ceipalcaldejoaquingarcia\/files\/2021\/05\/L\u00c1PICES-480x321.jpg 480w, https:\/\/blogsaverroes.juntadeandalucia.es\/ceipalcaldejoaquingarcia\/files\/2021\/05\/L\u00c1PICES.jpg 1024w\" sizes=\"(max-width: 337px) 100vw, 337px\" \/><\/p>\n<p style=\"text-align: center\"><strong>Direcci\u00f3n: D\u00aa ANA M\u00aa GARC\u00cdA AG\u00dcERO<\/strong><\/p>\n<p style=\"text-align: center\"><strong>Jefatura de estudios: D\u00aa CARMEN M\u00aa BERM\u00daDEZ HOLGUIN<\/strong><\/p>\n<p style=\"text-align: center\"><strong>Secretar\u00eda: D. JOAQU\u00cdN CELIS BARQUERO<\/strong><\/p>\n<p style=\"text-align: center\"><strong>Atenci\u00f3n en direcci\u00f3n ( PREVIA CITA POR ESCRITO Y\/\u00d3 CONSULTA EN SECRETAR\u00cdA)<\/strong><\/p>\n<p style=\"text-align: center\">DIRECTORA: De lunes a viernes&nbsp;(previa cita)<\/p>\n<p style=\"text-align: center\">JEFA DE ESTUDIOS: De lunes a viernes (previa cita)<\/p>\n<p style=\"text-align: center\">SECRETAR\u00cdA: Todos los d\u00edas en horario de 9.30 h a 12.00h<\/p>\n<p style=\"text-align: center\"><strong>&nbsp;SE ATENDER\u00c1 POR&nbsp; &nbsp;Ipasen y\/o tel\u00e9fono&nbsp;<\/strong><\/p>\n<p style=\"text-align: center\">955622736 ( De 9 a 14 horas de lunes a viernes)<\/p>\n<p style=\"text-align: center\">Correo corporativo: 41000296.edu@juntadeandalucia.es<\/p>\n<p>[\/et_pb_text][\/et_pb_column][\/et_pb_row][\/et_pb_section]<\/p>\n","protected":false},"excerpt":{"rendered":"<p>[et_pb_section fb_built=&#8221;1&#8243; _builder_version=&#8221;4.5.0&#8243; _module_preset=&#8221;default&#8221;][et_pb_row _builder_version=&#8221;4.5.0&#8243; _module_preset=&#8221;default&#8221;][et_pb_column type=&#8221;4_4&#8243; _builder_version=&#8221;4.5.0&#8243; _module_preset=&#8221;default&#8221;][et_pb_text _builder_version=&#8221;4.5.0&#8243; _module_preset=&#8221;default&#8221; box_shadow_style=&#8221;preset6&#8243;] Direcci\u00f3n: D\u00aa ANA M\u00aa GARC\u00cdA AG\u00dcERO Jefatura de estudios: D\u00aa CARMEN M\u00aa BERM\u00daDEZ HOLGUIN Secretar\u00eda: D. JOAQU\u00cdN CELIS BARQUERO Atenci\u00f3n en direcci\u00f3n ( PREVIA CITA POR ESCRITO Y\/\u00d3 CONSULTA EN SECRETAR\u00cdA) DIRECTORA: De lunes a viernes&nbsp;(previa cita) JEFA DE ESTUDIOS: De lunes a [&hellip;]<\/p>\n","protected":false},"author":1655,"featured_media":0,"parent":0,"menu_order":0,"comment_status":"closed","ping_status":"closed","template":"","meta":{"_et_pb_use_builder":"off","_et_pb_old_content":"","_et_gb_content_width":"","ngg_post_thumbnail":0,"footnotes":""},"aioseo_notices":[],"_links":{"self":[{"href":"https:\/\/blogsaverroes.juntadeandalucia.es\/ceipalcaldejoaquingarcia\/wp-json\/wp\/v2\/pages\/1023"}],"collection":[{"href":"https:\/\/blogsaverroes.juntadeandalucia.es\/ceipalcaldejoaquingarcia\/wp-json\/wp\/v2\/pages"}],"about":[{"href":"https:\/\/blogsaverroes.juntadeandalucia.es\/ceipalcaldejoaquingarcia\/wp-json\/wp\/v2\/types\/page"}],"author":[{"embeddable":true,"href":"https:\/\/blogsaverroes.juntadeandalucia.es\/ceipalcaldejoaquingarcia\/wp-json\/wp\/v2\/users\/1655"}],"replies":[{"embeddable":true,"href":"https:\/\/blogsaverroes.juntadeandalucia.es\/ceipalcaldejoaquingarcia\/wp-json\/wp\/v2\/comments?post=1023"}],"version-history":[{"count":12,"href":"https:\/\/blogsaverroes.juntadeandalucia.es\/ceipalcaldejoaquingarcia\/wp-json\/wp\/v2\/pages\/1023\/revisions"}],"predecessor-version":[{"id":2294,"href":"https:\/\/blogsaverroes.juntadeandalucia.es\/ceipalcaldejoaquingarcia\/wp-json\/wp\/v2\/pages\/1023\/revisions\/2294"}],"wp:attachment":[{"href":"https:\/\/blogsaverroes.juntadeandalucia.es\/ceipalcaldejoaquingarcia\/wp-json\/wp\/v2\/media?parent=1023"}],"curies":[{"name":"wp","href":"https:\/\/api.w.org\/{rel}","templated":true}]}}