{"id":1113,"date":"2015-03-12T11:00:55","date_gmt":"2015-03-12T11:00:55","guid":{"rendered":"http:\/\/blogsaverroes.juntadeandalucia.es\/pre\/ceip\/?page_id=2"},"modified":"2021-02-28T19:44:32","modified_gmt":"2021-02-28T19:44:32","slug":"secretaria-2","status":"publish","type":"page","link":"https:\/\/blogsaverroes.juntadeandalucia.es\/ceipalcaldeleonrios\/secretaria-2\/","title":{"rendered":"Secretar\u00eda"},"content":{"rendered":"<p>En este espacio de la secretar\u00eda podr\u00e1 descargar los siguientes impresos pinch\u00e1ndo sobre \u00e9l:<\/p>\n<ul>\n<li><a href=\"https:\/\/drive.google.com\/file\/d\/15AmW9IFjGnD6WlHUs9XFmdMzj0vVJhHX\/view?usp=sharing\">Solicitud de admisi\u00f3n (Anexo III).<\/a><\/li>\n<li><a href=\"https:\/\/drive.google.com\/file\/d\/1x2W08TlGVySM2u2BTUXuEZF7jjHjkT0C\/view?usp=sharing\">Matr\u00edcula Ed. Infantil (Anexo IV),<\/a><\/li>\n<li><a href=\"https:\/\/drive.google.com\/file\/d\/1D2JohkfK4cHzUZseSnyIxxE8o8AzVfBu\/view?usp=sharing\">Matr\u00edcula Ed. Primaria (Anexo V).<\/a><\/li>\n<li><a href=\"https:\/\/drive.google.com\/file\/d\/18OhE_bvoRqI1lG0CB0dDqxat9MCRs-yi\/view?usp=sharing\">Solicitud de admisi\u00f3n procedimiento extraordinario (Anexo IX).<\/a><\/li>\n<li><a href=\"https:\/\/drive.google.com\/drive\/folders\/14S-KaV13FSfWMlW7e-PqfTvAqvVCjN6g?usp=sharing\"><strong>Impresos necesarios para adjuntar a la matr\u00edcula.<\/strong><\/a><\/li>\n<\/ul>\n","protected":false},"excerpt":{"rendered":"<p>En este espacio de la secretar\u00eda podr\u00e1 descargar los siguientes impresos pinch\u00e1ndo sobre \u00e9l: Solicitud de admisi\u00f3n (Anexo III). Matr\u00edcula Ed. Infantil (Anexo IV), Matr\u00edcula Ed. Primaria (Anexo V). Solicitud de admisi\u00f3n procedimiento extraordinario&#46;&#46;&#46;<\/p>\n","protected":false},"author":1,"featured_media":0,"parent":0,"menu_order":0,"comment_status":"closed","ping_status":"open","template":"page-c.php","meta":{"ngg_post_thumbnail":0,"footnotes":"","_mc_calendar":[]},"aioseo_notices":[],"_links":{"self":[{"href":"https:\/\/blogsaverroes.juntadeandalucia.es\/ceipalcaldeleonrios\/wp-json\/wp\/v2\/pages\/1113"}],"collection":[{"href":"https:\/\/blogsaverroes.juntadeandalucia.es\/ceipalcaldeleonrios\/wp-json\/wp\/v2\/pages"}],"about":[{"href":"https:\/\/blogsaverroes.juntadeandalucia.es\/ceipalcaldeleonrios\/wp-json\/wp\/v2\/types\/page"}],"author":[{"embeddable":true,"href":"https:\/\/blogsaverroes.juntadeandalucia.es\/ceipalcaldeleonrios\/wp-json\/wp\/v2\/users\/1"}],"replies":[{"embeddable":true,"href":"https:\/\/blogsaverroes.juntadeandalucia.es\/ceipalcaldeleonrios\/wp-json\/wp\/v2\/comments?post=1113"}],"version-history":[{"count":12,"href":"https:\/\/blogsaverroes.juntadeandalucia.es\/ceipalcaldeleonrios\/wp-json\/wp\/v2\/pages\/1113\/revisions"}],"predecessor-version":[{"id":2645,"href":"https:\/\/blogsaverroes.juntadeandalucia.es\/ceipalcaldeleonrios\/wp-json\/wp\/v2\/pages\/1113\/revisions\/2645"}],"wp:attachment":[{"href":"https:\/\/blogsaverroes.juntadeandalucia.es\/ceipalcaldeleonrios\/wp-json\/wp\/v2\/media?parent=1113"}],"curies":[{"name":"wp","href":"https:\/\/api.w.org\/{rel}","templated":true}]}}