{"id":113,"date":"2015-03-16T08:06:00","date_gmt":"2015-03-16T08:06:00","guid":{"rendered":"http:\/\/blogsaverroes.juntadeandalucia.es\/pre\/ceip\/?page_id=113"},"modified":"2025-09-16T11:25:39","modified_gmt":"2025-09-16T11:25:39","slug":"biblioteca","status":"publish","type":"page","link":"https:\/\/blogsaverroes.juntadeandalucia.es\/ceipalcaldeleonrios\/biblioteca\/","title":{"rendered":"Biblioteca Escolar B\u00daHOLEO"},"content":{"rendered":"<p><em><strong>COORDINADOR: JOS\u00c9 MANUEL JIM\u00c9NEZ CARRI\u00d3N.<\/strong><\/em><\/p>\n<p>La Biblioteca del CEIP ALCALDE LE\u00d3N R\u00cdOS en estos cursos 2021\/22 y 2025\/26 se ha organizado pasando a tener:<\/p>\n<ul>\n<li>2547 libros registrados en s\u00e9neca. (Se ha actualizado la biblioteca con nuevas colecciones, con la partida presupuestaria del centro dedicada al PLAN DE BIBLIOTECA).<\/li>\n<li>576 carnets de biblioteca.<\/li>\n<\/ul>\n<p>Estos libros se han organizado por ciclos, para que nuestros\/as alumnos\/as puedan disfrutar de todos los libros&nbsp; de la biblioteca.<\/p>\n<p>El n\u00famero de libros registrados ha sido ampliado debido a que se han comprado muchos libros desde el presupuesto del cole.<\/p>\n<p>El d\u00eda 5 de febrero pasaremos a elegir la nueva mascota de la biblioteca, que se har\u00e1 desde un concurso, d\u00f3nde los alumnos\/as por clases dise\u00f1ar\u00e1n su mascota.<\/p>\n<p><a title=\"Bibliotecas escolares\" href=\"http:\/\/www.juntadeandalucia.es\/educacion\/webportal\/web\/lecturas-y-bibliotecas-escolares\/bibliotecas-escolares\" target=\"_blank\" rel=\"noopener noreferrer\">Enlace al portal sobre las Bibliotecas Escolares.<\/a><\/p>\n","protected":false},"excerpt":{"rendered":"<p>COORDINADOR: JOS\u00c9 MANUEL JIM\u00c9NEZ CARRI\u00d3N. La Biblioteca del CEIP ALCALDE LE\u00d3N R\u00cdOS en estos cursos 2021\/22 y 2025\/26 se ha organizado pasando a tener: 2547 libros registrados en s\u00e9neca. (Se ha actualizado la biblioteca&#46;&#46;&#46;<\/p>\n","protected":false},"author":1,"featured_media":0,"parent":0,"menu_order":0,"comment_status":"closed","ping_status":"open","template":"","meta":{"ngg_post_thumbnail":0,"footnotes":"","_mc_calendar":[]},"aioseo_notices":[],"_links":{"self":[{"href":"https:\/\/blogsaverroes.juntadeandalucia.es\/ceipalcaldeleonrios\/wp-json\/wp\/v2\/pages\/113"}],"collection":[{"href":"https:\/\/blogsaverroes.juntadeandalucia.es\/ceipalcaldeleonrios\/wp-json\/wp\/v2\/pages"}],"about":[{"href":"https:\/\/blogsaverroes.juntadeandalucia.es\/ceipalcaldeleonrios\/wp-json\/wp\/v2\/types\/page"}],"author":[{"embeddable":true,"href":"https:\/\/blogsaverroes.juntadeandalucia.es\/ceipalcaldeleonrios\/wp-json\/wp\/v2\/users\/1"}],"replies":[{"embeddable":true,"href":"https:\/\/blogsaverroes.juntadeandalucia.es\/ceipalcaldeleonrios\/wp-json\/wp\/v2\/comments?post=113"}],"version-history":[{"count":17,"href":"https:\/\/blogsaverroes.juntadeandalucia.es\/ceipalcaldeleonrios\/wp-json\/wp\/v2\/pages\/113\/revisions"}],"predecessor-version":[{"id":5306,"href":"https:\/\/blogsaverroes.juntadeandalucia.es\/ceipalcaldeleonrios\/wp-json\/wp\/v2\/pages\/113\/revisions\/5306"}],"wp:attachment":[{"href":"https:\/\/blogsaverroes.juntadeandalucia.es\/ceipalcaldeleonrios\/wp-json\/wp\/v2\/media?parent=113"}],"curies":[{"name":"wp","href":"https:\/\/api.w.org\/{rel}","templated":true}]}}