{"id":1725,"date":"2015-05-21T19:52:41","date_gmt":"2015-05-21T19:52:41","guid":{"rendered":"https:\/\/blogsaverroes.juntadeandalucia.es\/ceipalcaldeleonrios\/?page_id=1725"},"modified":"2025-09-17T09:10:01","modified_gmt":"2025-09-17T09:10:01","slug":"informacion","status":"publish","type":"page","link":"https:\/\/blogsaverroes.juntadeandalucia.es\/ceipalcaldeleonrios\/informacion\/","title":{"rendered":"M\u00c1S EQUIDAD"},"content":{"rendered":"<p><em><strong>COORDINADORA: MAR\u00cdA DOLORES BEN\u00cdTEZ ALGABA<\/strong><\/em><\/p>\n<p>En este curso 2025-2026 hemos decidido en el Le\u00f3n R\u00edos subirnos al carro de la Inclusi\u00f3n.<\/p>\n<p>El Programa&nbsp;<b>M\u00e1s Equidad<\/b>&nbsp;2025\/2026, es un programa dirigido a fomentar actuaciones y medidas innovadoras de atenci\u00f3n al alumnado vulnerable con el fin de favorecer la inclusi\u00f3n y el \u00e9xito&nbsp;<b>educativo<\/b>, as\u00ed como reducir el abandono escolar.<\/p>\n<div class=\"field__label\"><em><strong>Descripci\u00f3n<\/strong><\/em><\/div>\n<div class=\"field__item\">\n<p>El Programa M\u00e1s Equidad se concibe como un conjunto de actuaciones dirigidas a potenciar la cultura inclusiva de los centros docentes y a mejorar el grado de adquisici\u00f3n de competencias a trav\u00e9s de la mejora de los recursos en el aula y\/o de la realizaci\u00f3n de experiencias innovadoras, activas y experimentales que promuevan el saber hacer del alumnado, partiendo de sus conocimientos y fomentando actitudes como la autonom\u00eda, la responsabilidad, el respeto y el trabajo en equipo, bajo los principios de la atenci\u00f3n a la diversidad y la igualdad de g\u00e9nero. El Programa M\u00e1s Equidad se desarrollar\u00e1 a trav\u00e9s de Proyectos en tres l\u00edneas de actuaci\u00f3n: a) M\u00e1s Equidad INNOVACI\u00d3N con medidas innovadoras espec\u00edficas que contribuyan al \u00e9xito educativo y a la prevenci\u00f3n del absentismo y del abandono escolar. Se dirige a los centros docentes p\u00fablicos en las zonas ERACIS o que tengan Planes de compensaci\u00f3n educativa y que impartan las ense\u00f1anzas de Educaci\u00f3n Primaria, de Educaci\u00f3n Secundaria Obligatoria y de Bachillerato. Tambi\u00e9n se dirige a las Residencias Escolares, as\u00ed como a los centros espec\u00edficos de Educaci\u00f3n Especial p\u00fablicos. b) M\u00e1s Equidad INCLUSI\u00d3N con medidas innovadoras espec\u00edficas que contribuyan a la accesibilidad universal y al desarrollo de las competencias del alumnado escolarizado en unidades espec\u00edficas de Educaci\u00f3n Especial ubicadas en centros ordinarios. Se dirige a centros docentes p\u00fablicos que tengan autorizadas aulas espec\u00edficas de Educaci\u00f3n Especial. c) M\u00e1s Equidad IGUALDAD con medidas innovadoras espec\u00edficas que contribuyen al \u00e9xito escolar del alumnado en situaci\u00f3n de desventaja por razones geogr\u00e1ficas. Se dirige a centros p\u00fablicos rurales, sin necesidad de que los mismos se encuentren ubicados en zonas ERACIS o que posean Planes de compensaci\u00f3n educativa.<\/p>\n<div class=\"field__label\"><em><strong>Objetivos concretos<\/strong><\/em><\/div>\n<div class=\"field__item\">\n<p>La implementaci\u00f3n del Programa en los centros docentes de Andaluc\u00eda sostenido con fondos p\u00fablicos persigue los siguientes objetivos: 1. Promover estrategias y medidas que contribuyan al desarrollo integral del alumnado y a la permanencia del alumnado en el Sistema Educativo.2. Propiciar la inclusi\u00f3n educativa y social del alumnado mejorando la motivaci\u00f3n y el clima de convivencia del centro docente. 3. Potenciar el desarrollo integral del alumnado en aspectos tales como el respeto, la igualdad, la autodeterminaci\u00f3n, la estimulaci\u00f3n cognitiva, la comunicaci\u00f3n, las habilidades personales y sociales, la interdependencia y la innovaci\u00f3n. 4. Estimular en el alumnado el inter\u00e9s por la educaci\u00f3n, adquiriendo estrategias que les permitan la adquisici\u00f3n y mejora de sus competencias a lo largo de toda la vida. 5. Desarrollar actuaciones que favorezcan la aplicaci\u00f3n de metodolog\u00edas activas y participativas que contribuyan al cambio en las pr\u00e1cticas docentes y que fomenten el desarrollo de las competencias clave del alumnado. 6. Impulsar la capacidad motivadora y creativa del profesorado y del alumnado con estrategias innovadoras de \u00e9xito. 7. Favorecer la creaci\u00f3n de recursos did\u00e1cticos que puedan ser extrapolables a otros centros docentes y que se conviertan en sostenibles en el tiempo. 8. Mejorar los recursos existentes en el aula espec\u00edfica, que faciliten el proceso de aprendizaje. 9. Mejorar los recursos existentes en los centros docentes, con la finalidad de implementar y llevar a cabo experiencias innovadoras. 10. Favorecer el desarrollo de actuaciones que potencien la interacci\u00f3n del centro con su entorno, con la participaci\u00f3n de las familias y otros agentes educativos, para el enriquecimiento en relaci\u00f3n con la diversidad de contextos educativos y aprendizajes competenciales. 11. Desarrollar competencias cognitivas, psicol\u00f3gicas y emocionales, que favorezcan la permanencia en el sistema educativo y la prevenci\u00f3n del abandono escolar temprano. 12. Favorecer el desarrollo de actuaciones que promuevan la investigaci\u00f3n e innovaci\u00f3n, que promuevan tanto el pensamiento convergente como el divergente. 13. Complementar los Proyectos de M\u00e1s Equidad a desarrollar por el centro.<\/p>\n<div class=\"block block-layout-builder block-field-blocknodeplanes-y-programasfield-planes-adjuntos-group\">\n<div class=\"content\">\n<div class=\"field\">&nbsp;<\/div>\n<div class=\"enlaces-documentos-del-plan\">\n<div class=\"list-link\">&nbsp;<\/div>\n<\/div>\n<\/div>\n<\/div>\n<div class=\"block block-layout-builder block-field-blocknodeplanes-y-programasfield-planes-normativa\">\n<div class=\"content\">\n<div class=\"field\">\n<p>&nbsp;<\/p>\n<h2 class=\"field__label\">Normativa<\/h2>\n<\/div>\n<div class=\"field field--name-field-planes-normativa field--type-entity-reference-revisions field--label-hidden field__items\">\n<div class=\"field__item\">\n<div class=\"paragraph paragraph--type--normativa-de-referencia paragraph--view-mode--default list-link\"><a title=\"PROGRAMA M\u00c1S EQUIDAD\" href=\"https:\/\/www.juntadeandalucia.es\/sites\/default\/files\/2023-10\/Resoluci%C3%B3n%20Convocatoria%20M%C3%A1s%20Equidad%2023_24%28F%29%20%281%29_0.pdf\">PROGRAMA M\u00c1S EQUIDAD<\/a><\/div>\n<\/div>\n<div class=\"field__item\">\n<div class=\"paragraph paragraph--type--normativa-de-referencia paragraph--view-mode--default list-link\"><a title=\"Resoluci\u00f3n de 4 de noviembre de 2021 de la Direcci\u00f3n General de Atenci\u00f3n a la Diversidad, Participaci\u00f3n y Convivencia Escolar, por la que se establece la convocatoria, la organizaci\u00f3n y el funcionamiento del programa Impulsa en los centros docentes p\u00fablicos dependientes de la Consejer\u00eda de Educaci\u00f3n y Deporte de la Junta de Andaluc\u00eda para el curso 2021\/2022. \" href=\"https:\/\/www.juntadeandalucia.es\/educacion\/portals\/web\/ced\/normativa\/-\/normativas\/detalle\/resolucion-de-4-de-noviembre-de-2021-de-la-direccion-general-de-atencion-a-la-diversidad-participacion-y-convivencia\">Resoluci\u00f3n de 4 de noviembre de 2021 de la Direcci\u00f3n General de Atenci\u00f3n a la Diversidad, Participaci\u00f3n y Convivencia Escolar, por la que se establece la convocatoria, la organizaci\u00f3n y el funcionamiento del programa Impulsa en los centros docentes p\u00fablicos dependientes de la Consejer\u00eda de Educaci\u00f3n y Deporte de la Junta de Andaluc\u00eda para el curso 2021\/2022.<\/a><\/div>\n<\/div>\n<div class=\"field__item\">\n<div class=\"paragraph paragraph--type--normativa-de-referencia paragraph--view-mode--default list-link\"><a title=\"Resoluci\u00f3n de 22 de septiembre de 2023 de la Direcci\u00f3n General de Ordenaci\u00f3n, Inclusi\u00f3n, Participaci\u00f3n y Evaluaci\u00f3n Educativa, por la que se establece la convocatoria, la organizaci\u00f3n y el funcionamiento del programa M\u00e1s Equidad en los centros docentes p\u00fablicos dependientes de la consejer\u00eda de desarrollo educativo y formaci\u00f3n profesional de la Junta de Andaluc\u00eda para el curso 2023\/2024\" href=\"https:\/\/www.juntadeandalucia.es\/educacion\/portals\/web\/ced\/normativa\/-\/normativas\/detalle\/resolucion-de-22-de-septiembre-de-2023-de-la-direccion-general-de-ordenacion-inclusion-participacion-y-evaluacion-1jvf6a4fk1mpm\">Resoluci\u00f3n de 22 de septiembre de 2023 de la Direcci\u00f3n General de Ordenaci\u00f3n, Inclusi\u00f3n, Participaci\u00f3n y Evaluaci\u00f3n Educativa, por la que se establece la convocatoria, la organizaci\u00f3n y el funcionamiento del programa M\u00e1s Equidad en los centros docentes p\u00fablicos dependientes de la consejer\u00eda de desarrollo educativo y formaci\u00f3n profesional de la Junta de Andaluc\u00eda para el curso 2023\/2024<\/a><\/div>\n<\/div>\n<div class=\"field__item\">\n<div class=\"paragraph paragraph--type--normativa-de-referencia paragraph--view-mode--default list-link\"><a title=\"Resoluci\u00f3n de 7 de junio de 2024 de la Direcci\u00f3n General de Ordenaci\u00f3n, Inclusi\u00f3n, Participaci\u00f3n y Evaluaci\u00f3n Educativa, por la que se establece la Convocatoria, la organizaci\u00f3n y el funcionamiento del Programa M\u00e1s Equidad en los centros docentes p\u00fablicos dependientes de la Consejer\u00eda de Desarrollo Educativo y Formaci\u00f3n Profesional de la Junta de Andaluc\u00eda para el curso 2024\/2025\" href=\"https:\/\/www.juntadeandalucia.es\/educacion\/portals\/web\/inspeccion-educativa\/normativa-d\/-\/contenidos\/detalle\/resolucion-de-7-de-junio-de-2024-de-la-direccion-general-de-ordenacion-inclusion-participacion-y-evaluacion-educativa-1ax1nhs9w8dw9\">Resoluci\u00f3n de 7 de junio de 2024 de la Direcci\u00f3n General de Ordenaci\u00f3n, Inclusi\u00f3n, Participaci\u00f3n y Evaluaci\u00f3n Educativa, por la que se establece la Convocatoria, la organizaci\u00f3n y el funcionamiento del Programa M\u00e1s Equidad en los centros docentes p\u00fablicos dependientes de la Consejer\u00eda de Desarrollo Educativo y Formaci\u00f3n Profesional de la Junta de Andaluc\u00eda para el curso 2024\/2025<\/a><\/div>\n<\/div>\n<\/div>\n<\/div>\n<\/div>\n<\/div>\n<\/div>\n<p>&nbsp;<\/p>\n<p>&nbsp;<\/p>\n","protected":false},"excerpt":{"rendered":"<p>COORDINADORA: MAR\u00cdA DOLORES BEN\u00cdTEZ ALGABA En este curso 2025-2026 hemos decidido en el Le\u00f3n R\u00edos subirnos al carro de la Inclusi\u00f3n. El Programa&nbsp;M\u00e1s Equidad&nbsp;2025\/2026, es un programa dirigido a fomentar actuaciones y medidas innovadoras&#46;&#46;&#46;<\/p>\n","protected":false},"author":1,"featured_media":0,"parent":0,"menu_order":0,"comment_status":"closed","ping_status":"closed","template":"","meta":{"ngg_post_thumbnail":0,"footnotes":"","_mc_calendar":[]},"aioseo_notices":[],"_links":{"self":[{"href":"https:\/\/blogsaverroes.juntadeandalucia.es\/ceipalcaldeleonrios\/wp-json\/wp\/v2\/pages\/1725"}],"collection":[{"href":"https:\/\/blogsaverroes.juntadeandalucia.es\/ceipalcaldeleonrios\/wp-json\/wp\/v2\/pages"}],"about":[{"href":"https:\/\/blogsaverroes.juntadeandalucia.es\/ceipalcaldeleonrios\/wp-json\/wp\/v2\/types\/page"}],"author":[{"embeddable":true,"href":"https:\/\/blogsaverroes.juntadeandalucia.es\/ceipalcaldeleonrios\/wp-json\/wp\/v2\/users\/1"}],"replies":[{"embeddable":true,"href":"https:\/\/blogsaverroes.juntadeandalucia.es\/ceipalcaldeleonrios\/wp-json\/wp\/v2\/comments?post=1725"}],"version-history":[{"count":10,"href":"https:\/\/blogsaverroes.juntadeandalucia.es\/ceipalcaldeleonrios\/wp-json\/wp\/v2\/pages\/1725\/revisions"}],"predecessor-version":[{"id":5326,"href":"https:\/\/blogsaverroes.juntadeandalucia.es\/ceipalcaldeleonrios\/wp-json\/wp\/v2\/pages\/1725\/revisions\/5326"}],"wp:attachment":[{"href":"https:\/\/blogsaverroes.juntadeandalucia.es\/ceipalcaldeleonrios\/wp-json\/wp\/v2\/media?parent=1725"}],"curies":[{"name":"wp","href":"https:\/\/api.w.org\/{rel}","templated":true}]}}