{"id":200,"date":"2015-03-17T10:04:24","date_gmt":"2015-03-17T10:04:24","guid":{"rendered":"http:\/\/blogsaverroes.juntadeandalucia.es\/pre\/ceip\/?page_id=200"},"modified":"2025-11-21T10:34:42","modified_gmt":"2025-11-21T10:34:42","slug":"quienes-formamos-el-ampa","status":"publish","type":"page","link":"https:\/\/blogsaverroes.juntadeandalucia.es\/ceipalcaldeleonrios\/quienes-formamos-el-ampa\/","title":{"rendered":"Documentos Oficiales del CEIP ALCALDE LE\u00d3N R\u00cdOS"},"content":{"rendered":"<p>En este rinc\u00f3n de nuestro Blog del CEIP ALCALDE LE\u00d3N R\u00cdOS, encontraremos los documentos oficiales de nuestro centro, <em><strong>actualizados y aprobados a fecha de 27 de octubre de 2025<\/strong><\/em>, en nuestro claustro y Consejo escolar.<\/p>\n<p>Aquellos que sigan con la misma fecha, es que no han sufrido ninguna modificaci\u00f3n hasta el momento.<\/p>\n<ul>\n<li><strong>PROYECTO EDUCATIVO<\/strong>.\n<ul>\n<li><a href=\"https:\/\/drive.google.com\/file\/d\/1DnYeSp8o-F0o8E0__vuUHjC7cC5cFSB4\/view?usp=drive_link\">https:\/\/drive.google.com\/file\/d\/1DnYeSp8o-F0o8E0__vuUHjC7cC5cFSB4\/view?usp=drive_link<\/a><\/li>\n<\/ul>\n<\/li>\n<li><strong>PLAN DE ACOGIDA DEL PROFESORADO<\/strong>.\n<ul>\n<li><a href=\"https:\/\/drive.google.com\/file\/d\/1dXG8n2XNs8kxyl-DeyeRF0zl1J_PQxQd\/view?usp=drive_link\">https:\/\/drive.google.com\/file\/d\/1dXG8n2XNs8kxyl-DeyeRF0zl1J_PQxQd\/view?usp=drive_link<\/a><\/li>\n<\/ul>\n<\/li>\n<li><strong>PLAN DE CONVIVENCIA<\/strong>.\n<ul>\n<li><a href=\"https:\/\/drive.google.com\/file\/d\/1FR0ax8yFo9zUldA2X3_5PieV4s5xEMzb\/view?usp=drive_link\">https:\/\/drive.google.com\/file\/d\/1FR0ax8yFo9zUldA2X3_5PieV4s5xEMzb\/view?usp=drive_link<\/a><\/li>\n<\/ul>\n<\/li>\n<li><strong>PROGRAMA DE TR\u00c1NSITO.<\/strong>\n<ul>\n<li><a href=\"https:\/\/drive.google.com\/file\/d\/1wVMumWAFhMUp-ub1NgMjHVjbzjwNueRE\/view?usp=drive_link\">https:\/\/drive.google.com\/file\/d\/1wVMumWAFhMUp-ub1NgMjHVjbzjwNueRE\/view?usp=drive_link<\/a><\/li>\n<\/ul>\n<\/li>\n<li><strong>PLAN DE ORIENTACI\u00d3N Y ACCI\u00d3N<\/strong> TUTORIAL.<a href=\"https:\/\/drive.google.com\/file\/d\/1uuoZ1lb4sOW67NEbHm0ezG4LY1mhuAX5\/view?usp=drive_link\">https:\/\/drive.google.com\/file\/d\/1uuoZ1lb4sOW67NEbHm0ezG4LY1mhuAX5\/view?usp=drive_link<\/a><\/li>\n<li><strong>PROYECTO DE GESTI\u00d3N<\/strong>\n<ul>\n<li><a href=\"https:\/\/drive.google.com\/file\/d\/14GMRRCsdqDj0cqppzFoSkcx2IbxJn2eK\/view?usp=drive_link\">https:\/\/drive.google.com\/file\/d\/14GMRRCsdqDj0cqppzFoSkcx2IbxJn2eK\/view?usp=drive_link<\/a><\/li>\n<\/ul>\n<\/li>\n<li><strong>REGLAMENTO DE ORGANIZACI\u00d3N Y FUNCIONAMIENTO<\/strong>\n<ul>\n<li><a href=\"https:\/\/drive.google.com\/file\/d\/1kvKubU7tQbw3CfkITdGoAAWBr0hcy8tO\/view?usp=drive_link\">https:\/\/drive.google.com\/file\/d\/1kvKubU7tQbw3CfkITdGoAAWBr0hcy8tO\/view?usp=drive_link<\/a><\/li>\n<\/ul>\n<\/li>\n<li><strong>PLAN DE ATENCI\u00d3N A LA DIVERSIDAD.<\/strong>\n<ul>\n<li><a href=\"https:\/\/drive.google.com\/file\/d\/14MC5DnjKz9p90onAyME4qGAxaS0uOi0G\/view?usp=drive_link\">https:\/\/drive.google.com\/file\/d\/14MC5DnjKz9p90onAyME4qGAxaS0uOi0G\/view?usp=drive_link<\/a><\/li>\n<\/ul>\n<\/li>\n<li><strong>PLAN DE ACTUACI\u00d3N PARA LA CONVIVENCIA (actividades tipos para las tutor\u00edas).<\/strong>\n<ul>\n<li><a href=\"https:\/\/drive.google.com\/drive\/folders\/1COPmipLvpatKWreFZHuN4BCUZsAPr2iD?usp=sharing\">https:\/\/drive.google.com\/drive\/folders\/1COPmipLvpatKWreFZHuN4BCUZsAPr2iD?usp=sharing<\/a><\/li>\n<\/ul>\n<\/li>\n<\/ul>\n","protected":false},"excerpt":{"rendered":"<p>En este rinc\u00f3n de nuestro Blog del CEIP ALCALDE LE\u00d3N R\u00cdOS, encontraremos los documentos oficiales de nuestro centro, actualizados y aprobados a fecha de 27 de octubre de 2025, en nuestro claustro y Consejo&#46;&#46;&#46;<\/p>\n","protected":false},"author":1,"featured_media":0,"parent":0,"menu_order":0,"comment_status":"closed","ping_status":"open","template":"","meta":{"ngg_post_thumbnail":0,"footnotes":"","_mc_calendar":[]},"aioseo_notices":[],"_links":{"self":[{"href":"https:\/\/blogsaverroes.juntadeandalucia.es\/ceipalcaldeleonrios\/wp-json\/wp\/v2\/pages\/200"}],"collection":[{"href":"https:\/\/blogsaverroes.juntadeandalucia.es\/ceipalcaldeleonrios\/wp-json\/wp\/v2\/pages"}],"about":[{"href":"https:\/\/blogsaverroes.juntadeandalucia.es\/ceipalcaldeleonrios\/wp-json\/wp\/v2\/types\/page"}],"author":[{"embeddable":true,"href":"https:\/\/blogsaverroes.juntadeandalucia.es\/ceipalcaldeleonrios\/wp-json\/wp\/v2\/users\/1"}],"replies":[{"embeddable":true,"href":"https:\/\/blogsaverroes.juntadeandalucia.es\/ceipalcaldeleonrios\/wp-json\/wp\/v2\/comments?post=200"}],"version-history":[{"count":25,"href":"https:\/\/blogsaverroes.juntadeandalucia.es\/ceipalcaldeleonrios\/wp-json\/wp\/v2\/pages\/200\/revisions"}],"predecessor-version":[{"id":5376,"href":"https:\/\/blogsaverroes.juntadeandalucia.es\/ceipalcaldeleonrios\/wp-json\/wp\/v2\/pages\/200\/revisions\/5376"}],"wp:attachment":[{"href":"https:\/\/blogsaverroes.juntadeandalucia.es\/ceipalcaldeleonrios\/wp-json\/wp\/v2\/media?parent=200"}],"curies":[{"name":"wp","href":"https:\/\/api.w.org\/{rel}","templated":true}]}}