{"id":2258,"date":"2021-02-10T17:51:53","date_gmt":"2021-02-10T17:51:53","guid":{"rendered":"https:\/\/blogsaverroes.juntadeandalucia.es\/ceipalcaldeleonrios\/?page_id=2258"},"modified":"2021-02-10T18:07:38","modified_gmt":"2021-02-10T18:07:38","slug":"enlaces-de-interes","status":"publish","type":"page","link":"https:\/\/blogsaverroes.juntadeandalucia.es\/ceipalcaldeleonrios\/enlaces-de-interes\/","title":{"rendered":"Enlaces de Inter\u00e9s"},"content":{"rendered":"<p><a href=\"https:\/\/www.juntadeandalucia.es\/educacion\/portals\/web\/ced\">Consejer\u00eda de Educaci\u00f3n y Deporte<\/a><\/p>\n<p><a href=\"https:\/\/www.juntadeandalucia.es\/educacion\/portals\/web\/ced\/delegaciones\/sevilla\">Delegaci\u00f3n de Educaci\u00f3n de Sevilla<\/a><\/p>\n<p><a href=\"https:\/\/www.juntadeandalucia.es\/educacion\/portals\/web\/cep-alcala-guadaira\">CEP Alcal\u00e1 de Guadaira<\/a><\/p>\n<p><a href=\"http:\/\/www.elvisodelalcor.org\/\">Ayuntamiento El Viso del Alcor<\/a><\/p>\n<p><a href=\"https:\/\/aulavirtual.santillana.es\/av3online\/login\">Santillana Aula Virtual<\/a><\/p>\n<p><a href=\"https:\/\/www.anayaeducacion.es\/index_alumnado.php\">Anaya Educaci\u00f3n<\/a><\/p>\n<p><a href=\"http:\/\/www.ceiploreto.es\/\">CEIP Loreto<\/a><\/p>\n<p><a href=\"https:\/\/www.cokitos.com\/\">Cokitos<\/a><\/p>\n<p><a href=\"https:\/\/scratch.mit.edu\/\">Scratch<\/a><\/p>\n<p>&nbsp;<\/p>\n","protected":false},"excerpt":{"rendered":"<p>Consejer\u00eda de Educaci\u00f3n y Deporte Delegaci\u00f3n de Educaci\u00f3n de Sevilla CEP Alcal\u00e1 de Guadaira Ayuntamiento El Viso del Alcor Santillana Aula Virtual Anaya Educaci\u00f3n CEIP Loreto Cokitos Scratch &nbsp;<\/p>\n","protected":false},"author":11952,"featured_media":0,"parent":0,"menu_order":0,"comment_status":"closed","ping_status":"closed","template":"","meta":{"ngg_post_thumbnail":0,"footnotes":"","_mc_calendar":[]},"aioseo_notices":[],"_links":{"self":[{"href":"https:\/\/blogsaverroes.juntadeandalucia.es\/ceipalcaldeleonrios\/wp-json\/wp\/v2\/pages\/2258"}],"collection":[{"href":"https:\/\/blogsaverroes.juntadeandalucia.es\/ceipalcaldeleonrios\/wp-json\/wp\/v2\/pages"}],"about":[{"href":"https:\/\/blogsaverroes.juntadeandalucia.es\/ceipalcaldeleonrios\/wp-json\/wp\/v2\/types\/page"}],"author":[{"embeddable":true,"href":"https:\/\/blogsaverroes.juntadeandalucia.es\/ceipalcaldeleonrios\/wp-json\/wp\/v2\/users\/11952"}],"replies":[{"embeddable":true,"href":"https:\/\/blogsaverroes.juntadeandalucia.es\/ceipalcaldeleonrios\/wp-json\/wp\/v2\/comments?post=2258"}],"version-history":[{"count":3,"href":"https:\/\/blogsaverroes.juntadeandalucia.es\/ceipalcaldeleonrios\/wp-json\/wp\/v2\/pages\/2258\/revisions"}],"predecessor-version":[{"id":2265,"href":"https:\/\/blogsaverroes.juntadeandalucia.es\/ceipalcaldeleonrios\/wp-json\/wp\/v2\/pages\/2258\/revisions\/2265"}],"wp:attachment":[{"href":"https:\/\/blogsaverroes.juntadeandalucia.es\/ceipalcaldeleonrios\/wp-json\/wp\/v2\/media?parent=2258"}],"curies":[{"name":"wp","href":"https:\/\/api.w.org\/{rel}","templated":true}]}}