{"id":2281,"date":"2021-02-10T19:05:45","date_gmt":"2021-02-10T19:05:45","guid":{"rendered":"https:\/\/blogsaverroes.juntadeandalucia.es\/ceipalcaldeleonrios\/?page_id=2281"},"modified":"2021-12-21T22:38:36","modified_gmt":"2021-12-21T22:38:36","slug":"tutoriales","status":"publish","type":"page","link":"https:\/\/blogsaverroes.juntadeandalucia.es\/ceipalcaldeleonrios\/tutoriales\/","title":{"rendered":"Tutoriales"},"content":{"rendered":"<ul>\n<li><a href=\"https:\/\/youtu.be\/toQjQCEWVxQ\">Autologin o registro en Ipasen, recordar contrase\u00f1a y cambio de contrase\u00f1a.<\/a><\/li>\n<li><a href=\"https:\/\/youtu.be\/ls7EritoyC0\" target=\"_blank\" rel=\"noopener noreferrer\">Descarga informaci\u00f3n y boletines Punto de Recogida.<\/a><\/li>\n<li><a href=\"https:\/\/youtu.be\/-mNn45UXx2A\">Justificar faltas desde Ipasen,<\/a><\/li>\n<li><a href=\"https:\/\/youtu.be\/Cuw_tF16s_I\">Ver las calificaciones de actividades evaluables en Ipasen.<\/a><\/li>\n<li><a href=\"https:\/\/youtu.be\/3sC2GQIFrAI\">Soluci\u00f3n descarga pdf Punto de recogida Ipasen.<\/a><\/li>\n<li><a href=\"https:\/\/youtu.be\/rJW7ceiQkm0\">Env\u00edo de comunicaciones al profesorado.<\/a><\/li>\n<li><a href=\"https:\/\/www.xataka.com\/basics\/telegram-45-trucos-consejos-para-exprimir-al-maximo-app-que-no-solo-sirve-para-mensajeria\">Aprende m\u00e1s sobre Telegram.<\/a><\/li>\n<li><a href=\"https:\/\/youtu.be\/y8wMn9EJqjo\">Iniciaci\u00f3n al Classroom.<\/a><\/li>\n<li><a href=\"https:\/\/www.juntadeandalucia.es\/educacion\/secretariavirtual\/autenticacion\/registroUsuarioIANDE\/\">Registro de usuario en la Secretar\u00eda Virtual (Obtenci\u00f3n de la Clave iANDE)<\/a><\/li>\n<li><a href=\"https:\/\/youtube.com\/playlist?list=PLmkFps6Bh12GK5f608a1MDsskILYc2_aM\">Procedimiento electr\u00f3nico de matriculaci\u00f3n.<\/a><\/li>\n<li><a href=\"https:\/\/youtu.be\/9nODycxm9zM\">Usuario y contrase\u00f1a cuentas @g.educaand.es<\/a>.<\/li>\n<li><a href=\"https:\/\/sites.google.com\/ceipalcaldeleonrios.es\/informacion\/inicio?authuser=0\">Site informativo Plataformas Digitales<\/a><\/li>\n<\/ul>\n","protected":false},"excerpt":{"rendered":"<p>Autologin o registro en Ipasen, recordar contrase\u00f1a y cambio de contrase\u00f1a. Descarga informaci\u00f3n y boletines Punto de Recogida. Justificar faltas desde Ipasen, Ver las calificaciones de actividades evaluables en Ipasen. Soluci\u00f3n descarga pdf Punto&#46;&#46;&#46;<\/p>\n","protected":false},"author":11952,"featured_media":0,"parent":0,"menu_order":0,"comment_status":"closed","ping_status":"closed","template":"","meta":{"ngg_post_thumbnail":0,"footnotes":"","_mc_calendar":[]},"aioseo_notices":[],"_links":{"self":[{"href":"https:\/\/blogsaverroes.juntadeandalucia.es\/ceipalcaldeleonrios\/wp-json\/wp\/v2\/pages\/2281"}],"collection":[{"href":"https:\/\/blogsaverroes.juntadeandalucia.es\/ceipalcaldeleonrios\/wp-json\/wp\/v2\/pages"}],"about":[{"href":"https:\/\/blogsaverroes.juntadeandalucia.es\/ceipalcaldeleonrios\/wp-json\/wp\/v2\/types\/page"}],"author":[{"embeddable":true,"href":"https:\/\/blogsaverroes.juntadeandalucia.es\/ceipalcaldeleonrios\/wp-json\/wp\/v2\/users\/11952"}],"replies":[{"embeddable":true,"href":"https:\/\/blogsaverroes.juntadeandalucia.es\/ceipalcaldeleonrios\/wp-json\/wp\/v2\/comments?post=2281"}],"version-history":[{"count":13,"href":"https:\/\/blogsaverroes.juntadeandalucia.es\/ceipalcaldeleonrios\/wp-json\/wp\/v2\/pages\/2281\/revisions"}],"predecessor-version":[{"id":2837,"href":"https:\/\/blogsaverroes.juntadeandalucia.es\/ceipalcaldeleonrios\/wp-json\/wp\/v2\/pages\/2281\/revisions\/2837"}],"wp:attachment":[{"href":"https:\/\/blogsaverroes.juntadeandalucia.es\/ceipalcaldeleonrios\/wp-json\/wp\/v2\/media?parent=2281"}],"curies":[{"name":"wp","href":"https:\/\/api.w.org\/{rel}","templated":true}]}}