{"id":2343,"date":"2021-02-14T21:52:01","date_gmt":"2021-02-14T21:52:01","guid":{"rendered":"https:\/\/blogsaverroes.juntadeandalucia.es\/ceipalcaldeleonrios\/?page_id=2343"},"modified":"2025-09-16T11:11:47","modified_gmt":"2025-09-16T11:11:47","slug":"covid","status":"publish","type":"page","link":"https:\/\/blogsaverroes.juntadeandalucia.es\/ceipalcaldeleonrios\/covid\/","title":{"rendered":"SEGUNDO"},"content":{"rendered":"<ul>\n<li><strong>2\u00ba A -ROC\u00cdO JIM\u00c9NEZ G\u00d3MEZ, 21 ALUMNOS\/AS<\/strong><\/li>\n<li><strong>2\u00ba B -HERMINIA FALC\u00d3N FRANCO, 21 ALUMNOS\/AS<\/strong><\/li>\n<li><strong>2\u00ba C- MAR\u00cdA JOS\u00c9 PAREJA NAVARRO, 21 ALUMNOS\/AS<\/strong><\/li>\n<\/ul>\n","protected":false},"excerpt":{"rendered":"<p>2\u00ba A -ROC\u00cdO JIM\u00c9NEZ G\u00d3MEZ, 21 ALUMNOS\/AS 2\u00ba B -HERMINIA FALC\u00d3N FRANCO, 21 ALUMNOS\/AS 2\u00ba C- MAR\u00cdA JOS\u00c9 PAREJA NAVARRO, 21 ALUMNOS\/AS<\/p>\n","protected":false},"author":11952,"featured_media":0,"parent":0,"menu_order":0,"comment_status":"closed","ping_status":"closed","template":"","meta":{"ngg_post_thumbnail":0,"footnotes":"","_mc_calendar":[]},"aioseo_notices":[],"_links":{"self":[{"href":"https:\/\/blogsaverroes.juntadeandalucia.es\/ceipalcaldeleonrios\/wp-json\/wp\/v2\/pages\/2343"}],"collection":[{"href":"https:\/\/blogsaverroes.juntadeandalucia.es\/ceipalcaldeleonrios\/wp-json\/wp\/v2\/pages"}],"about":[{"href":"https:\/\/blogsaverroes.juntadeandalucia.es\/ceipalcaldeleonrios\/wp-json\/wp\/v2\/types\/page"}],"author":[{"embeddable":true,"href":"https:\/\/blogsaverroes.juntadeandalucia.es\/ceipalcaldeleonrios\/wp-json\/wp\/v2\/users\/11952"}],"replies":[{"embeddable":true,"href":"https:\/\/blogsaverroes.juntadeandalucia.es\/ceipalcaldeleonrios\/wp-json\/wp\/v2\/comments?post=2343"}],"version-history":[{"count":11,"href":"https:\/\/blogsaverroes.juntadeandalucia.es\/ceipalcaldeleonrios\/wp-json\/wp\/v2\/pages\/2343\/revisions"}],"predecessor-version":[{"id":5299,"href":"https:\/\/blogsaverroes.juntadeandalucia.es\/ceipalcaldeleonrios\/wp-json\/wp\/v2\/pages\/2343\/revisions\/5299"}],"wp:attachment":[{"href":"https:\/\/blogsaverroes.juntadeandalucia.es\/ceipalcaldeleonrios\/wp-json\/wp\/v2\/media?parent=2343"}],"curies":[{"name":"wp","href":"https:\/\/api.w.org\/{rel}","templated":true}]}}