{"id":2353,"date":"2021-02-14T22:06:53","date_gmt":"2021-02-14T22:06:53","guid":{"rendered":"https:\/\/blogsaverroes.juntadeandalucia.es\/ceipalcaldeleonrios\/?page_id=2353"},"modified":"2025-09-16T11:10:15","modified_gmt":"2025-09-16T11:10:15","slug":"4-anos","status":"publish","type":"page","link":"https:\/\/blogsaverroes.juntadeandalucia.es\/ceipalcaldeleonrios\/educacion-infantil\/4-anos\/","title":{"rendered":"4 a\u00f1os curso 2025\/26"},"content":{"rendered":"<p><strong><em>4 a\u00f1os A: ANA MAR\u00cdA S\u00c1NCHEZ VECINO (25 alumnos\/as)<\/em><\/strong><\/p>\n<p><strong><em>4 a\u00f1os B: EVA PRADAS VIEGAS (24 alumnos\/as)<\/em><\/strong><\/p>\n<p>&nbsp;<\/p>\n<p>&nbsp;<\/p>\n","protected":false},"excerpt":{"rendered":"<p>4 a\u00f1os A: ANA MAR\u00cdA S\u00c1NCHEZ VECINO (25 alumnos\/as) 4 a\u00f1os B: EVA PRADAS VIEGAS (24 alumnos\/as) &nbsp; &nbsp;<\/p>\n","protected":false},"author":11952,"featured_media":0,"parent":424,"menu_order":1,"comment_status":"closed","ping_status":"closed","template":"","meta":{"ngg_post_thumbnail":0,"footnotes":"","_mc_calendar":[]},"aioseo_notices":[],"_links":{"self":[{"href":"https:\/\/blogsaverroes.juntadeandalucia.es\/ceipalcaldeleonrios\/wp-json\/wp\/v2\/pages\/2353"}],"collection":[{"href":"https:\/\/blogsaverroes.juntadeandalucia.es\/ceipalcaldeleonrios\/wp-json\/wp\/v2\/pages"}],"about":[{"href":"https:\/\/blogsaverroes.juntadeandalucia.es\/ceipalcaldeleonrios\/wp-json\/wp\/v2\/types\/page"}],"author":[{"embeddable":true,"href":"https:\/\/blogsaverroes.juntadeandalucia.es\/ceipalcaldeleonrios\/wp-json\/wp\/v2\/users\/11952"}],"replies":[{"embeddable":true,"href":"https:\/\/blogsaverroes.juntadeandalucia.es\/ceipalcaldeleonrios\/wp-json\/wp\/v2\/comments?post=2353"}],"version-history":[{"count":11,"href":"https:\/\/blogsaverroes.juntadeandalucia.es\/ceipalcaldeleonrios\/wp-json\/wp\/v2\/pages\/2353\/revisions"}],"predecessor-version":[{"id":5298,"href":"https:\/\/blogsaverroes.juntadeandalucia.es\/ceipalcaldeleonrios\/wp-json\/wp\/v2\/pages\/2353\/revisions\/5298"}],"up":[{"embeddable":true,"href":"https:\/\/blogsaverroes.juntadeandalucia.es\/ceipalcaldeleonrios\/wp-json\/wp\/v2\/pages\/424"}],"wp:attachment":[{"href":"https:\/\/blogsaverroes.juntadeandalucia.es\/ceipalcaldeleonrios\/wp-json\/wp\/v2\/media?parent=2353"}],"curies":[{"name":"wp","href":"https:\/\/api.w.org\/{rel}","templated":true}]}}