{"id":2416,"date":"2021-02-22T16:59:59","date_gmt":"2021-02-22T16:59:59","guid":{"rendered":"https:\/\/blogsaverroes.juntadeandalucia.es\/ceipalcaldeleonrios\/?page_id=2416"},"modified":"2024-05-30T08:02:23","modified_gmt":"2024-05-30T08:02:23","slug":"cuarto","status":"publish","type":"page","link":"https:\/\/blogsaverroes.juntadeandalucia.es\/ceipalcaldeleonrios\/cuarto\/","title":{"rendered":"PLAN DE TRANSFORMACI\u00d3N DIGITAL"},"content":{"rendered":"<p><em><strong>COORDINADOR: ANTONIO JIM\u00c9NEZ MU\u00d1OZ.<\/strong><\/em><\/p>\n<p>En este enlace podemos encontrar toda la informaci\u00f3n necesaria para conocer el Proyecto.<\/p>\n<p><a href=\"https:\/\/eaprendizaje.ced.junta-andalucia.es\/tde\/\">https:\/\/eaprendizaje.ced.junta-andalucia.es\/tde\/<\/a><\/p>\n<p>&nbsp;<\/p>\n","protected":false},"excerpt":{"rendered":"<p>COORDINADOR: ANTONIO JIM\u00c9NEZ MU\u00d1OZ. En este enlace podemos encontrar toda la informaci\u00f3n necesaria para conocer el Proyecto. https:\/\/eaprendizaje.ced.junta-andalucia.es\/tde\/ &nbsp;<\/p>\n","protected":false},"author":11952,"featured_media":0,"parent":0,"menu_order":0,"comment_status":"closed","ping_status":"closed","template":"","meta":{"ngg_post_thumbnail":0,"footnotes":"","_mc_calendar":[]},"aioseo_notices":[],"_links":{"self":[{"href":"https:\/\/blogsaverroes.juntadeandalucia.es\/ceipalcaldeleonrios\/wp-json\/wp\/v2\/pages\/2416"}],"collection":[{"href":"https:\/\/blogsaverroes.juntadeandalucia.es\/ceipalcaldeleonrios\/wp-json\/wp\/v2\/pages"}],"about":[{"href":"https:\/\/blogsaverroes.juntadeandalucia.es\/ceipalcaldeleonrios\/wp-json\/wp\/v2\/types\/page"}],"author":[{"embeddable":true,"href":"https:\/\/blogsaverroes.juntadeandalucia.es\/ceipalcaldeleonrios\/wp-json\/wp\/v2\/users\/11952"}],"replies":[{"embeddable":true,"href":"https:\/\/blogsaverroes.juntadeandalucia.es\/ceipalcaldeleonrios\/wp-json\/wp\/v2\/comments?post=2416"}],"version-history":[{"count":11,"href":"https:\/\/blogsaverroes.juntadeandalucia.es\/ceipalcaldeleonrios\/wp-json\/wp\/v2\/pages\/2416\/revisions"}],"predecessor-version":[{"id":4890,"href":"https:\/\/blogsaverroes.juntadeandalucia.es\/ceipalcaldeleonrios\/wp-json\/wp\/v2\/pages\/2416\/revisions\/4890"}],"wp:attachment":[{"href":"https:\/\/blogsaverroes.juntadeandalucia.es\/ceipalcaldeleonrios\/wp-json\/wp\/v2\/media?parent=2416"}],"curies":[{"name":"wp","href":"https:\/\/api.w.org\/{rel}","templated":true}]}}