{"id":2419,"date":"2021-02-22T17:00:46","date_gmt":"2021-02-22T17:00:46","guid":{"rendered":"https:\/\/blogsaverroes.juntadeandalucia.es\/ceipalcaldeleonrios\/?page_id=2419"},"modified":"2024-09-19T09:33:50","modified_gmt":"2024-09-19T09:33:50","slug":"quinto","status":"publish","type":"page","link":"https:\/\/blogsaverroes.juntadeandalucia.es\/ceipalcaldeleonrios\/quinto\/","title":{"rendered":"PREVENCI\u00d3N DE LA VIOLENCIA DE G\u00c9NERO"},"content":{"rendered":"<p><em><strong>COORDINADORA: CYNTHIA ALGAR NAVARRO.<\/strong><\/em><\/p>\n<p>El II Plan Estrat\u00e9gico de Igualdad de G\u00e9nero en Educaci\u00f3n establece entre sus l\u00edneas estrat\u00e9gicas la prevenci\u00f3n de la violencia de g\u00e9nero, proponiendo para ello la inclusi\u00f3n en el Plan de Igualdad de G\u00e9nero de los centros docentes actuaciones de sensibilizaci\u00f3n, formaci\u00f3n e implicaci\u00f3n de la comunidad educativa en la prevenci\u00f3n de la violencia de g\u00e9nero.<\/p>\n<p>Por su parte, el Pacto de Estado contra la Violencia de G\u00e9nero, aprobado por el Pleno del Congreso de los Diputados del d\u00eda 28 de septiembre de 2017, nace de la necesidad de aumentar la protecci\u00f3n de las mujeres frente a la violencia de g\u00e9nero y ser m\u00e1s eficaces en la lucha por la eliminaci\u00f3n de esta violencia estructural.<\/p>\n<p>La eliminaci\u00f3n de la violencia contra las mujeres, uno de los problemas m\u00e1s graves y complejos que afronta nuestra sociedad, es una tarea conjunta que requiere la colaboraci\u00f3n y cooperaci\u00f3n de multitud de agentes, tanto p\u00fablicos como privados. Es la sociedad en su totalidad la que debe implicarse para lograr su erradicaci\u00f3n.<\/p>\n<p>En este cometido destaca el papel clave e indispensable de los centros docentes por ser contextos privilegiados para fomentar valores igualitarios, libres de prejuicios y de estereotipos sexistas y para proporcionar modelos de relaciones interpersonales basadas en el respeto y el rechazo de cualquier tipo de violencia.<\/p>\n<p>&nbsp;La Consejer\u00eda de Desarrollo Educativo y Formaci\u00f3n Profesional, con la aportaci\u00f3n presupuestaria del Pacto de Estado contra la Violencia de G\u00e9nero, promueve anualmente la Convocatoria para la realizaci\u00f3n de medidas y actuaciones destinadas a la prevenci\u00f3n de la violencia de g\u00e9nero en los centros docentes p\u00fablicos dependientes de la Junta de Andaluc\u00eda.<\/p>\n<p>Objetivos de esta convocatoria:<\/p>\n<ul>\n<li>Promover programas de educaci\u00f3n emocional y de resoluci\u00f3n pac\u00edfica de conflictos que permitan el establecimiento de relaciones de equidad que protejan de cualquier situaci\u00f3n de violencia.<\/li>\n<li>Impulsar, entre los centros docentes, actuaciones formativas en materia de prevenci\u00f3n de la violencia de g\u00e9nero como factor clave que fortalezca a adolescentes ante el riesgo de padecerla o ejercerla.<\/li>\n<li>Desarrollar entre el alumnado la capacidad para percibir e identificar conductas sexistas en situaciones cotidianas de su vida.<\/li>\n<li>Implicar a la comunidad educativa en el desarrollo de medidas que promuevan la igualdad y la prevenci\u00f3n de la violencia de g\u00e9nero.<\/li>\n<li>Favorecer la creaci\u00f3n de recursos did\u00e1cticos que puedan ser extrapolables a otros centros docentes y que se conviertan en sostenibles en el tiempo.<\/li>\n<\/ul>\n<p>La clave de la prevenci\u00f3n de la violencia de g\u00e9nero,&nbsp;<b>se encuentra en una socializaci\u00f3n y una educaci\u00f3n basada en la igualdad<\/b>&nbsp;con tal de desempe\u00f1ar una labor de prevenci\u00f3n. La socializaci\u00f3n es el proceso en el cual asumimos las reglas y normas de comportamiento seg\u00fan la familia, la escuela, los amigos, etc.<\/p>\n<p><a href=\"https:\/\/portals.ced.junta-andalucia.es\/educacion\/portals\/web\/igualdad\/contenidos\/-\/contenidos\/detalle\/resolucion-de-27-de-septiembre-de-2022-de-la-direccion-general-de-ordenacion-inclusion-participacion-y-evaluacion\">https:\/\/portals.ced.junta-andalucia.es\/educacion\/portals\/web\/igualdad\/contenidos\/-\/contenidos\/detalle\/resolucion-de-27-de-septiembre-de-2022-de-la-direccion-general-de-ordenacion-inclusion-participacion-y-evaluacion<\/a><\/p>\n<p><a href=\"https:\/\/portals.ced.junta-andalucia.es\/educacion\/portals\/web\/igualdad\/contenidos\/-\/contenidos\/detalle\/resolucion-de-7-de-diciembre-de-2022-de-la-direccion-general-de-ordenacion-inclusion-participacion-y-evaluacion-173ae4vfgo13r\">https:\/\/portals.ced.junta-andalucia.es\/educacion\/portals\/web\/igualdad\/contenidos\/-\/contenidos\/detalle\/resolucion-de-7-de-diciembre-de-2022-de-la-direccion-general-de-ordenacion-inclusion-participacion-y-evaluacion-173ae4vfgo13r<\/a><\/p>\n<p><a href=\"https:\/\/portals.ced.junta-andalucia.es\/educacion\/portals\/web\/igualdad\/contenidos\/-\/contenidos\/detalle\/resolucion-de-23-de-diciembre-de-2022-de-la-direccion-general-de-ordenacion-inclusion-participacion-y-evaluacion-1i4bo7o62snhg\">https:\/\/portals.ced.junta-andalucia.es\/educacion\/portals\/web\/igualdad\/contenidos\/-\/contenidos\/detalle\/resolucion-de-23-de-diciembre-de-2022-de-la-direccion-general-de-ordenacion-inclusion-participacion-y-evaluacion-1i4bo7o62snhg<\/a><\/p>\n<p>&nbsp;<\/p>\n","protected":false},"excerpt":{"rendered":"<p>COORDINADORA: CYNTHIA ALGAR NAVARRO. El II Plan Estrat\u00e9gico de Igualdad de G\u00e9nero en Educaci\u00f3n establece entre sus l\u00edneas estrat\u00e9gicas la prevenci\u00f3n de la violencia de g\u00e9nero, proponiendo para ello la inclusi\u00f3n en el Plan&#46;&#46;&#46;<\/p>\n","protected":false},"author":11952,"featured_media":0,"parent":0,"menu_order":0,"comment_status":"closed","ping_status":"closed","template":"","meta":{"ngg_post_thumbnail":0,"footnotes":"","_mc_calendar":[]},"aioseo_notices":[],"_links":{"self":[{"href":"https:\/\/blogsaverroes.juntadeandalucia.es\/ceipalcaldeleonrios\/wp-json\/wp\/v2\/pages\/2419"}],"collection":[{"href":"https:\/\/blogsaverroes.juntadeandalucia.es\/ceipalcaldeleonrios\/wp-json\/wp\/v2\/pages"}],"about":[{"href":"https:\/\/blogsaverroes.juntadeandalucia.es\/ceipalcaldeleonrios\/wp-json\/wp\/v2\/types\/page"}],"author":[{"embeddable":true,"href":"https:\/\/blogsaverroes.juntadeandalucia.es\/ceipalcaldeleonrios\/wp-json\/wp\/v2\/users\/11952"}],"replies":[{"embeddable":true,"href":"https:\/\/blogsaverroes.juntadeandalucia.es\/ceipalcaldeleonrios\/wp-json\/wp\/v2\/comments?post=2419"}],"version-history":[{"count":12,"href":"https:\/\/blogsaverroes.juntadeandalucia.es\/ceipalcaldeleonrios\/wp-json\/wp\/v2\/pages\/2419\/revisions"}],"predecessor-version":[{"id":4936,"href":"https:\/\/blogsaverroes.juntadeandalucia.es\/ceipalcaldeleonrios\/wp-json\/wp\/v2\/pages\/2419\/revisions\/4936"}],"wp:attachment":[{"href":"https:\/\/blogsaverroes.juntadeandalucia.es\/ceipalcaldeleonrios\/wp-json\/wp\/v2\/media?parent=2419"}],"curies":[{"name":"wp","href":"https:\/\/api.w.org\/{rel}","templated":true}]}}