{"id":2428,"date":"2021-02-22T17:02:24","date_gmt":"2021-02-22T17:02:24","guid":{"rendered":"https:\/\/blogsaverroes.juntadeandalucia.es\/ceipalcaldeleonrios\/?page_id=2428"},"modified":"2024-09-19T09:27:53","modified_gmt":"2024-09-19T09:27:53","slug":"sexto","status":"publish","type":"page","link":"https:\/\/blogsaverroes.juntadeandalucia.es\/ceipalcaldeleonrios\/sexto\/","title":{"rendered":"PROYECTO PRACTICUM GRADO MAESTRO CURSO 2024\/25"},"content":{"rendered":"<section class=\"cuerpo detalle_html\">\n<div>En el actual curso 2024\/25, el CEIP ALCALDE LE\u00d3N R\u00cdOS, participa en el convenio de pr\u00e1cticas externas para estudiantes entre la Universidad de Sevilla y Universidad de osuna.<\/div>\n<div>&nbsp;<\/div>\n<div>&nbsp;<\/div>\n<div><span style=\"color: #800080\"><em><strong>Este a\u00f1o 2024\/25 tuvimos&nbsp; la suerte de contar con dos alumnos\/as que tienen una gran disponibilidad para trabajar, aprender y ayudar:<\/strong><\/em><\/span><\/div>\n<div>&nbsp;<\/div>\n<div><span style=\"color: #800080\"><em><strong>&#8211; <\/strong><\/em><\/span><\/div>\n<div>&nbsp;<\/div>\n<div><span style=\"color: #800080\"><em><strong>Las pr\u00e1cticas comenzaron el 20 de febrero y finalizar\u00e1n el 19 de mayo.<\/strong><\/em><\/span><\/div>\n<div>&nbsp;<\/div>\n<div class=\"inner_cuerpo\">Se da traslado de la&nbsp; Instrucci\u00f3n 15 de julio de 2021 de la Direcci\u00f3n General de Formaci\u00f3n del Profesorado e Innovaci\u00f3n Educativa para el desarrollo del Pr\u00e1cticum universitario de las titulaciones de Grado, M\u00e1ster y Equivalente al M\u00e1ster, vinculadas con la docencia en centros sostenidos con fondos p\u00fablicos, donde se imparten ense\u00f1anzas no universitarias para el curso 2022\/2023 e informaci\u00f3n sobre el Practicum en los centros educativos de la provincia de Sevilla .<br \/>\nLa solicitud de las distintas modalidades de Practicum en S\u00e9neca se ajustar\u00e1 al siguiente calendario:<br \/>\na) Practicum Grado Maestro&nbsp;<br \/>\nb) Practicum CC.E. y Psicolog\u00eda, Practicum M\u00e1ster de Secundaria y Practicum COFPYDE&nbsp;<br \/>\nLa ruta de grabaci\u00f3n en S\u00e9neca se incorpora como Anexo en las citadas Instrucciones Se ha remitido informaci\u00f3n por mensajer\u00eda S\u00e9neca a los equipos directivos de los centros educativos sostenidos por fondos p\u00fablicos de la provincia.<br \/>\nPara cualquier aclaraci\u00f3n relacionada con la presente convocatoria, pueden contactar con la Delegaci\u00f3n Territorial de Educaci\u00f3n en Sevilla &#8211; Servicio de Ordenaci\u00f3n Educativa: Formaci\u00f3n del Profesorado:&nbsp;<br \/>\n955 03 43 32 (corporativo 33 43 32) &#8211; Mercedes Nieto (mariamercedes.nieto.edu@juntadeandalucia.es)<\/div>\n<\/section>\n<section class=\"section_widget_abaco documentos doc_relacionados_web\">\n<header><\/header>\n<\/section>\n<p><a href=\"https:\/\/blogsaverroes.juntadeandalucia.es\/carlosprimero\/files\/2021\/11\/PR%C3%81CTICUM-GRADO-MAESTRO.pdf\">https:\/\/blogsaverroes.juntadeandalucia.es\/carlosprimero\/files\/2021\/11\/PR%C3%81CTICUM-GRADO-MAESTRO.pdf<\/a><\/p>\n","protected":false},"excerpt":{"rendered":"<p>En el actual curso 2024\/25, el CEIP ALCALDE LE\u00d3N R\u00cdOS, participa en el convenio de pr\u00e1cticas externas para estudiantes entre la Universidad de Sevilla y Universidad de osuna. &nbsp; &nbsp; Este a\u00f1o 2024\/25 tuvimos&nbsp;&#46;&#46;&#46;<\/p>\n","protected":false},"author":11952,"featured_media":0,"parent":0,"menu_order":0,"comment_status":"closed","ping_status":"closed","template":"","meta":{"ngg_post_thumbnail":0,"footnotes":"","_mc_calendar":[]},"aioseo_notices":[],"_links":{"self":[{"href":"https:\/\/blogsaverroes.juntadeandalucia.es\/ceipalcaldeleonrios\/wp-json\/wp\/v2\/pages\/2428"}],"collection":[{"href":"https:\/\/blogsaverroes.juntadeandalucia.es\/ceipalcaldeleonrios\/wp-json\/wp\/v2\/pages"}],"about":[{"href":"https:\/\/blogsaverroes.juntadeandalucia.es\/ceipalcaldeleonrios\/wp-json\/wp\/v2\/types\/page"}],"author":[{"embeddable":true,"href":"https:\/\/blogsaverroes.juntadeandalucia.es\/ceipalcaldeleonrios\/wp-json\/wp\/v2\/users\/11952"}],"replies":[{"embeddable":true,"href":"https:\/\/blogsaverroes.juntadeandalucia.es\/ceipalcaldeleonrios\/wp-json\/wp\/v2\/comments?post=2428"}],"version-history":[{"count":15,"href":"https:\/\/blogsaverroes.juntadeandalucia.es\/ceipalcaldeleonrios\/wp-json\/wp\/v2\/pages\/2428\/revisions"}],"predecessor-version":[{"id":4934,"href":"https:\/\/blogsaverroes.juntadeandalucia.es\/ceipalcaldeleonrios\/wp-json\/wp\/v2\/pages\/2428\/revisions\/4934"}],"wp:attachment":[{"href":"https:\/\/blogsaverroes.juntadeandalucia.es\/ceipalcaldeleonrios\/wp-json\/wp\/v2\/media?parent=2428"}],"curies":[{"name":"wp","href":"https:\/\/api.w.org\/{rel}","templated":true}]}}