{"id":2438,"date":"2021-02-22T17:35:06","date_gmt":"2021-02-22T17:35:06","guid":{"rendered":"https:\/\/blogsaverroes.juntadeandalucia.es\/ceipalcaldeleonrios\/?page_id=2438"},"modified":"2025-09-16T11:24:18","modified_gmt":"2025-09-16T11:24:18","slug":"noticias-3ociclo","status":"publish","type":"page","link":"https:\/\/blogsaverroes.juntadeandalucia.es\/ceipalcaldeleonrios\/noticias-3ociclo\/","title":{"rendered":"Aula Espec\u00edfica curso 2025-26"},"content":{"rendered":"<p><strong><em>Tutora del Aula Espec\u00edfica<\/em>: LOURDES ROMERO JIM\u00c9NEZ, sustituta: MAR\u00cdA DEL CARMEN GARC\u00cdA GUILL\u00c9N.<\/strong><\/p>\n<p>En este curso 2025-26 hay 3 alumnos\/as en el Aula espec\u00edfica.<\/p>\n<p>&nbsp;<\/p>\n","protected":false},"excerpt":{"rendered":"<p>Tutora del Aula Espec\u00edfica: LOURDES ROMERO JIM\u00c9NEZ, sustituta: MAR\u00cdA DEL CARMEN GARC\u00cdA GUILL\u00c9N. En este curso 2025-26 hay 3 alumnos\/as en el Aula espec\u00edfica. &nbsp;<\/p>\n","protected":false},"author":11952,"featured_media":0,"parent":0,"menu_order":0,"comment_status":"closed","ping_status":"closed","template":"","meta":{"ngg_post_thumbnail":0,"footnotes":"","_mc_calendar":[]},"aioseo_notices":[],"_links":{"self":[{"href":"https:\/\/blogsaverroes.juntadeandalucia.es\/ceipalcaldeleonrios\/wp-json\/wp\/v2\/pages\/2438"}],"collection":[{"href":"https:\/\/blogsaverroes.juntadeandalucia.es\/ceipalcaldeleonrios\/wp-json\/wp\/v2\/pages"}],"about":[{"href":"https:\/\/blogsaverroes.juntadeandalucia.es\/ceipalcaldeleonrios\/wp-json\/wp\/v2\/types\/page"}],"author":[{"embeddable":true,"href":"https:\/\/blogsaverroes.juntadeandalucia.es\/ceipalcaldeleonrios\/wp-json\/wp\/v2\/users\/11952"}],"replies":[{"embeddable":true,"href":"https:\/\/blogsaverroes.juntadeandalucia.es\/ceipalcaldeleonrios\/wp-json\/wp\/v2\/comments?post=2438"}],"version-history":[{"count":10,"href":"https:\/\/blogsaverroes.juntadeandalucia.es\/ceipalcaldeleonrios\/wp-json\/wp\/v2\/pages\/2438\/revisions"}],"predecessor-version":[{"id":5305,"href":"https:\/\/blogsaverroes.juntadeandalucia.es\/ceipalcaldeleonrios\/wp-json\/wp\/v2\/pages\/2438\/revisions\/5305"}],"wp:attachment":[{"href":"https:\/\/blogsaverroes.juntadeandalucia.es\/ceipalcaldeleonrios\/wp-json\/wp\/v2\/media?parent=2438"}],"curies":[{"name":"wp","href":"https:\/\/api.w.org\/{rel}","templated":true}]}}