{"id":2758,"date":"2021-10-13T16:31:54","date_gmt":"2021-10-13T16:31:54","guid":{"rendered":"https:\/\/blogsaverroes.juntadeandalucia.es\/ceipalcaldeleonrios\/?page_id=2758"},"modified":"2025-09-17T08:58:11","modified_gmt":"2025-09-17T08:58:11","slug":"profesorado","status":"publish","type":"page","link":"https:\/\/blogsaverroes.juntadeandalucia.es\/ceipalcaldeleonrios\/el-centro-2\/profesorado\/","title":{"rendered":"Plantilla profesorado curso 2025\/26"},"content":{"rendered":"<p><!--td {border: 1px solid #ccc;}br {mso-data-placement:same-cell;}--><\/p>\n<p style=\"text-align: center\"><em><strong>EL CLAUSTRO DE MAESTROS Y MAESTRAS DEL CEIP ALCALDE LE\u00d3N R\u00cdOS PARA EL CURSO 2025\/26 ES&nbsp; EL SIGUIENTE:<\/strong><\/em><\/p>\n<table dir=\"ltr\" style=\"width: 94.5419%;height: 1091px\" border=\"1\" cellspacing=\"0\" cellpadding=\"0\">\n<colgroup>\n<col width=\"290\">\n<col width=\"306\"><\/colgroup>\n<tbody>\n<tr style=\"height: 24px\">\n<td style=\"height: 24px;width: 36.2954%;text-align: center\" data-sheets-value=\"{&quot;1&quot;:2,&quot;2&quot;:&quot;MAESTROS\/AS&quot;}\"><em><strong><span style=\"color: #0000ff\">MAESTROS\/AS<\/span><\/strong><\/em><\/td>\n<td style=\"height: 24px;width: 38.2979%;text-align: center\" data-sheets-value=\"{&quot;1&quot;:2,&quot;2&quot;:&quot;EMAIL&quot;}\"><em><strong><span style=\"color: #0000ff\">EMAIL<\/span><\/strong><\/em><\/td>\n<td style=\"width: 25.1564%;height: 24px\">&nbsp;<\/td>\n<\/tr>\n<tr style=\"height: 24px\">\n<td style=\"height: 24px;width: 36.2954%\" data-sheets-value=\"{&quot;1&quot;:2,&quot;2&quot;:&quot;Anguita Izquierdo, Mar\u00eda Carmen&quot;}\">Anguita Izquierdo, Mar\u00eda Carmen<\/td>\n<td style=\"height: 24px;width: 38.2979%\" data-sheets-value=\"{&quot;1&quot;:2,&quot;2&quot;:&quot;maricarmenanguita@g.educaand.es&quot;}\" data-sheets-hyperlink=\"mailto:maricarmenanguita@g.educaand.es\">mangizq451@g.educaand.es<\/td>\n<td style=\"width: 25.1564%;height: 24px\">&nbsp;<\/td>\n<\/tr>\n<tr style=\"height: 24px\">\n<td style=\"height: 24px;width: 36.2954%\" data-sheets-value=\"{&quot;1&quot;:2,&quot;2&quot;:&quot;Ben\u00edtez Algaba, Mar\u00eda Dolores&quot;}\">Ben\u00edtez Algaba, Mar\u00eda Dolores<\/td>\n<td style=\"height: 24px;width: 38.2979%\" data-sheets-value=\"{&quot;1&quot;:2,&quot;2&quot;:&quot;mariadoloresbenitez@g.educaand.es&quot;}\" data-sheets-hyperlink=\"mailto:mariadoloresbenitez@g.educaand.es\">mbenalg473@g.educaand.es<\/td>\n<td style=\"width: 25.1564%;height: 24px\">&nbsp;<\/td>\n<\/tr>\n<tr style=\"height: 24px\">\n<td style=\"height: 24px;width: 36.2954%\" data-sheets-value=\"{&quot;1&quot;:2,&quot;2&quot;:&quot;Bermudo Ben\u00edtez, Mar\u00eda del Carmen&quot;}\">Borreguero Jim\u00e9nez, Javier Nolasco<\/td>\n<td style=\"height: 24px;width: 38.2979%\" data-sheets-value=\"{&quot;1&quot;:2,&quot;2&quot;:&quot;maricarmenbermudo@g.educaand.es&quot;}\">jborjim062@g.educaand.es<\/td>\n<td style=\"width: 25.1564%;height: 24px\">&nbsp;<\/td>\n<\/tr>\n<tr style=\"height: 24px\">\n<td style=\"height: 24px;width: 36.2954%\" data-sheets-value=\"{&quot;1&quot;:2,&quot;2&quot;:&quot;Caballero Gil, M\u00aa Carmen&quot;}\">Ben\u00edtez Bonilla, Roc\u00edo<\/td>\n<td style=\"height: 24px;width: 38.2979%\" data-sheets-value=\"{&quot;1&quot;:2,&quot;2&quot;:&quot;maricarmencaballero@g.educaand.es&quot;}\">rbenbon444@g.educaand.es<\/td>\n<td style=\"width: 25.1564%;height: 24px\">&nbsp;<\/td>\n<\/tr>\n<tr style=\"height: 24px\">\n<td style=\"height: 24px;width: 36.2954%\" data-sheets-value=\"{&quot;1&quot;:2,&quot;2&quot;:&quot;Calvo Moreno, Mar\u00eda Jos\u00e9&quot;}\">Calvo Moreno, Mar\u00eda Jos\u00e9<\/td>\n<td style=\"height: 24px;width: 38.2979%\" data-sheets-value=\"{&quot;1&quot;:2,&quot;2&quot;:&quot;fefi@g.educaand.es&quot;}\" data-sheets-hyperlink=\"mailto:fefi@g.educaand.es\">mcalmor332@g.educaand.es<\/td>\n<td style=\"width: 25.1564%;height: 24px\">&nbsp;<\/td>\n<\/tr>\n<tr style=\"height: 24px\">\n<td style=\"height: 24px;width: 36.2954%\" data-sheets-value=\"{&quot;1&quot;:2,&quot;2&quot;:&quot;Cantalejo Rodr\u00edguez, Francisco Javier&quot;}\">Cuadrado Izquiano, Irene<\/td>\n<td style=\"height: 24px;width: 38.2979%\" data-sheets-value=\"{&quot;1&quot;:2,&quot;2&quot;:&quot;javiercantalejo@g.educaand.es&quot;}\" data-sheets-hyperlink=\"mailto:javiercantalejo@g.educaand.es\">icuaizq325@g.educaand.es<\/td>\n<td style=\"width: 25.1564%;height: 24px\">&nbsp;<\/td>\n<\/tr>\n<tr style=\"height: 24px\">\n<td style=\"height: 24px;width: 36.2954%\" data-sheets-value=\"{&quot;1&quot;:2,&quot;2&quot;:&quot;Capita Prieto, Roc\u00edo&quot;}\">Borreguero Cadenas, Sandra<\/td>\n<td style=\"height: 24px;width: 38.2979%\" data-sheets-value=\"{&quot;1&quot;:2,&quot;2&quot;:&quot;rociocapitas@g.educaand.es&quot;}\" data-sheets-hyperlink=\"mailto:rociocapitas@g.educaand.es\">sborcad462@g.educaand.es<\/td>\n<td style=\"width: 25.1564%;height: 24px\">&nbsp;<\/td>\n<\/tr>\n<tr style=\"height: 24px\">\n<td style=\"height: 24px;width: 36.2954%\" data-sheets-value=\"{&quot;1&quot;:2,&quot;2&quot;:&quot;Caraver Rivero, Asunci\u00f3n&quot;}\">Fernandez Rom\u00e1n, Cristina<\/td>\n<td style=\"height: 24px;width: 38.2979%\" data-sheets-value=\"{&quot;1&quot;:2,&quot;2&quot;:&quot;asuncion@g.educaand.es&quot;}\" data-sheets-hyperlink=\"mailto:asuncion@g.educaand.es\">cferrom029@g.educaand.es<\/td>\n<td style=\"width: 25.1564%;height: 24px\">&nbsp;<\/td>\n<\/tr>\n<tr style=\"height: 24px\">\n<td style=\"height: 24px;width: 36.2954%\" data-sheets-value=\"{&quot;1&quot;:2,&quot;2&quot;:&quot;De los Santos V\u00e1zquez, Rosario&quot;}\">De los Santos V\u00e1zquez, Rosario<\/td>\n<td style=\"height: 24px;width: 38.2979%\" data-sheets-value=\"{&quot;1&quot;:2,&quot;2&quot;:&quot;rosariodelossantos@g.educaand.es&quot;}\" data-sheets-hyperlink=\"mailto:rosariodelossantos@g.educaand.es\">rlosvaz089@g.educaand.es<\/td>\n<td style=\"width: 25.1564%;height: 24px\">&nbsp;<\/td>\n<\/tr>\n<tr style=\"height: 24px\">\n<td style=\"height: 24px;width: 36.2954%\" data-sheets-value=\"{&quot;1&quot;:2,&quot;2&quot;:&quot;Dom\u00ednguez Carri\u00f3n, Mar\u00eda Isabel&quot;}\">Dom\u00ednguez Carri\u00f3n, Mar\u00eda Isabel<\/td>\n<td style=\"height: 24px;width: 38.2979%\" data-sheets-value=\"{&quot;1&quot;:2,&quot;2&quot;:&quot;isabeldominguez@g.educaand.es&quot;}\" data-sheets-hyperlink=\"mailto:isabeldominguez@g.educaand.es\">mdomcar786@g.educaand.es<\/td>\n<td style=\"width: 25.1564%;height: 24px\">&nbsp;<\/td>\n<\/tr>\n<tr style=\"height: 24px\">\n<td style=\"height: 24px;width: 36.2954%\" data-sheets-value=\"{&quot;1&quot;:2,&quot;2&quot;:&quot;Dom\u00ednguez Mar\u00edn, Roc\u00edo&quot;}\">Falc\u00f3n Franco, Herminia<\/td>\n<td style=\"height: 24px;width: 38.2979%\" data-sheets-value=\"{&quot;1&quot;:2,&quot;2&quot;:&quot;rociodominguez@g.educaand.es&quot;}\" data-sheets-hyperlink=\"mailto:rociodominguez@g.educaand.es\">hfalfra069@g.educaand.es<\/td>\n<td style=\"width: 25.1564%;height: 24px\">&nbsp;<\/td>\n<\/tr>\n<tr style=\"height: 24px\">\n<td style=\"height: 24px;width: 36.2954%\" data-sheets-value=\"{&quot;1&quot;:2,&quot;2&quot;:&quot;Falc\u00f3n Franco, Herminia&quot;}\">Garc\u00eda Guill\u00e9n, Mar\u00eda del Carmen<\/td>\n<td style=\"height: 24px;width: 38.2979%\" data-sheets-value=\"{&quot;1&quot;:2,&quot;2&quot;:&quot;herminiafalcon@g.educaand.es&quot;}\" data-sheets-hyperlink=\"mailto:herminiafalcon@g.educaand.es\">mgargui707@g.educaand.es<\/td>\n<td style=\"width: 25.1564%;height: 24px\">&nbsp;<\/td>\n<\/tr>\n<tr style=\"height: 24px\">\n<td style=\"height: 24px;width: 36.2954%\" data-sheets-value=\"{&quot;1&quot;:2,&quot;2&quot;:&quot;Fern\u00e1ndez Ram\u00edrez, Isabel&quot;}\">L\u00f3pez Escribano, Estrella<\/td>\n<td class=\"text-left cuerpo1Reducido snc-col-7 celdaConEnlaces\" style=\"width: 38.2979%;height: 24px\">\n<div class=\"d-block\">elopesc305@g.educaand.es<\/div>\n<\/td>\n<td style=\"width: 25.1564%;height: 24px\">&nbsp;<\/td>\n<\/tr>\n<tr style=\"height: 24px\">\n<td style=\"height: 24px;width: 36.2954%\" data-sheets-value=\"{&quot;1&quot;:2,&quot;2&quot;:&quot;Ferrusola Mu\u00f1oz, Mar\u00eda Dolores&quot;}\">Paterna Navarro, Roc\u00edo<\/td>\n<td style=\"height: 24px;width: 38.2979%\" data-sheets-value=\"{&quot;1&quot;:2,&quot;2&quot;:&quot;mariadoloresferrusola@g.educaand.es&quot;}\" data-sheets-hyperlink=\"mailto:mariadoloresferrusola@g.educaand.es\">rpatnav628@g.educaand.es<\/td>\n<td style=\"width: 25.1564%;height: 24px\">&nbsp;<\/td>\n<\/tr>\n<tr style=\"height: 24px\">\n<td style=\"height: 24px;width: 36.2954%\" data-sheets-value=\"{&quot;1&quot;:2,&quot;2&quot;:&quot;Franco Ruiz, Mar\u00eda Isabel&quot;}\">Jim\u00e9nez G\u00f3mez, Roc\u00edo<\/td>\n<td style=\"height: 24px;width: 38.2979%\" data-sheets-value=\"{&quot;1&quot;:2,&quot;2&quot;:&quot;isabelfranco@g.educaand.es&quot;}\" data-sheets-hyperlink=\"mailto:isabelfranco@g.educaand.es\">rjimgom096@g.educaand.es<\/td>\n<td style=\"width: 25.1564%;height: 24px\">&nbsp;<\/td>\n<\/tr>\n<tr style=\"height: 24px\">\n<td style=\"height: 24px;width: 36.2954%\" data-sheets-value=\"{&quot;1&quot;:2,&quot;2&quot;:&quot;Gallego Quero, Elvira&quot;}\">Pel\u00e1ez Hurtado, Vanesa<\/td>\n<td style=\"height: 24px;width: 38.2979%\" data-sheets-value=\"{&quot;1&quot;:2,&quot;2&quot;:&quot;elvira@g.educaand.es&quot;}\" data-sheets-hyperlink=\"mailto:elvira@g.educaand.es\">vpelhur813@g.educaand.es<\/td>\n<td style=\"width: 25.1564%;height: 24px\">&nbsp;<\/td>\n<\/tr>\n<tr style=\"height: 24px\">\n<td style=\"height: 24px;width: 36.2954%\" data-sheets-value=\"{&quot;1&quot;:2,&quot;2&quot;:&quot;G\u00f3mez Lillo, Rafael&quot;}\">Pareja Navarro, Mar\u00eda Jos\u00e9<\/td>\n<td style=\"height: 24px;width: 38.2979%\" data-sheets-value=\"{&quot;1&quot;:2,&quot;2&quot;:&quot;rafalillo@g.educaand.es&quot;}\" data-sheets-hyperlink=\"mailto:rafalillo@g.educaand.es\">mparnav490@g.educaand.es<\/td>\n<td style=\"width: 25.1564%;height: 24px\">&nbsp;<\/td>\n<\/tr>\n<tr style=\"height: 24px\">\n<td style=\"height: 24px;width: 36.2954%\" data-sheets-value=\"{&quot;1&quot;:2,&quot;2&quot;:&quot;Guill\u00e9n Garc\u00eda, Manuel&quot;}\">P\u00e9rez Cabeza, Isabel<\/td>\n<td style=\"height: 24px;width: 38.2979%\" data-sheets-value=\"{&quot;1&quot;:2,&quot;2&quot;:&quot;manolin@g.educaand.es&quot;}\" data-sheets-hyperlink=\"mailto:manolin@g.educaand.es\">ipercab481@g.educaand.es<\/td>\n<td style=\"width: 25.1564%;height: 24px\">&nbsp;<\/td>\n<\/tr>\n<tr style=\"height: 24px\">\n<td style=\"height: 24px;width: 36.2954%\" data-sheets-value=\"{&quot;1&quot;:2,&quot;2&quot;:&quot;Guill\u00e9n Rubio, Antonia&quot;}\">P\u00e9rez Rodr\u00edguez, Mar\u00eda Jos\u00e9<\/td>\n<td style=\"height: 24px;width: 38.2979%\" data-sheets-value=\"{&quot;1&quot;:2,&quot;2&quot;:&quot;antonioaguillen@g.educaand.es&quot;}\" data-sheets-hyperlink=\"mailto:antonioaguillen@g.educaand.es\">mperrod136j@g.educaand.es<\/td>\n<td style=\"width: 25.1564%;height: 24px\">&nbsp;<\/td>\n<\/tr>\n<tr style=\"height: 24px\">\n<td style=\"height: 24px;width: 36.2954%\" data-sheets-value=\"{&quot;1&quot;:2,&quot;2&quot;:&quot;Jim\u00e9nez Carri\u00f3n, Isabel&quot;}\">S\u00e1nchez P\u00e9rez, Elena<\/td>\n<td style=\"height: 24px;width: 38.2979%\" data-sheets-value=\"{&quot;1&quot;:2,&quot;2&quot;:&quot;isabeljimenez@g.educaand.es&quot;}\" data-sheets-hyperlink=\"mailto:isabeljimenez@g.educaand.es\">esanper875@g.educaand.es<\/td>\n<td style=\"width: 25.1564%;height: 24px\">&nbsp;<\/td>\n<\/tr>\n<tr style=\"height: 24px\">\n<td style=\"height: 24px;width: 36.2954%\" data-sheets-value=\"{&quot;1&quot;:2,&quot;2&quot;:&quot;Jim\u00e9nez Carri\u00f3n, Jos\u00e9 Manuel&quot;}\">Jim\u00e9nez Carri\u00f3n, Jos\u00e9 Manuel<\/td>\n<td style=\"height: 24px;width: 38.2979%\" data-sheets-value=\"{&quot;1&quot;:2,&quot;2&quot;:&quot;josemanueljimenez@g.educaand.es&quot;}\" data-sheets-hyperlink=\"mailto:josemanueljimenez@g.educaand.es\">jjimcar666@g.educaand.es<\/td>\n<td style=\"width: 25.1564%;height: 24px\">&nbsp;<\/td>\n<\/tr>\n<tr style=\"height: 24px\">\n<td style=\"height: 24px;width: 36.2954%\" data-sheets-value=\"{&quot;1&quot;:2,&quot;2&quot;:&quot;Jim\u00e9nez Mu\u00f1oz, Antonio&quot;}\">Jim\u00e9nez Mu\u00f1oz, Antonio<\/td>\n<td style=\"height: 24px;width: 38.2979%\" data-sheets-value=\"{&quot;1&quot;:2,&quot;2&quot;:&quot;ajimmun398@g.educaand.es&quot;}\">ajimmun398@g.educaand.es<\/td>\n<td style=\"width: 25.1564%;height: 24px\">&nbsp;<\/td>\n<\/tr>\n<tr style=\"height: 24px\">\n<td style=\"height: 24px;width: 36.2954%\" data-sheets-value=\"{&quot;1&quot;:2,&quot;2&quot;:&quot;Lama S\u00e1nchez, Mar\u00eda Pilar&quot;}\">Lama S\u00e1nchez, Mar\u00eda Pilar<\/td>\n<td style=\"height: 24px;width: 38.2979%\" data-sheets-value=\"{&quot;1&quot;:2,&quot;2&quot;:&quot;pilar@g.educaand.es&quot;}\" data-sheets-hyperlink=\"mailto:pilar@g.educaand.es\">mlamsan231@g.educaand.es<\/td>\n<td style=\"width: 25.1564%;height: 24px\">&nbsp;<\/td>\n<\/tr>\n<tr style=\"height: 24px\">\n<td style=\"height: 24px;width: 36.2954%\" data-sheets-value=\"{&quot;1&quot;:2,&quot;2&quot;:&quot;L\u00f3pez Pel\u00e1ez, Felisa&quot;}\">Rodr\u00edguez Bonilla, Mar\u00eda del Carmen<\/td>\n<td style=\"height: 24px;width: 38.2979%\" data-sheets-value=\"{&quot;1&quot;:2,&quot;2&quot;:&quot;felisa@g.educaand.es&quot;}\" data-sheets-hyperlink=\"mailto:felisa@g.educaand.es\">mrodbon776@g.educaand.es<\/td>\n<td style=\"width: 25.1564%;height: 24px\">&nbsp;<\/td>\n<\/tr>\n<tr style=\"height: 24px\">\n<td style=\"height: 24px;width: 36.2954%\" data-sheets-value=\"{&quot;1&quot;:2,&quot;2&quot;:&quot;M\u00e1rquez Alonso, Marta&quot;}\">M\u00e1rquez Alonso, Marta<\/td>\n<td style=\"height: 24px;width: 38.2979%\" data-sheets-value=\"{&quot;1&quot;:2,&quot;2&quot;:&quot;mmaralo274@g.educaand.es&quot;}\"><a href=\"mailto:mmaralo274@g.educaand.es\"><span style=\"color: #000000\">mmaralo274@g.educaand.es<\/span><\/a><\/td>\n<td style=\"width: 25.1564%;height: 24px\">&nbsp;<\/td>\n<\/tr>\n<tr style=\"height: 24px\">\n<td style=\"height: 24px;width: 36.2954%\" data-sheets-value=\"{&quot;1&quot;:2,&quot;2&quot;:&quot;Mart\u00edn De los Santos, \u00c1ngela&quot;}\">Romero Jim\u00e9nez, Lourdes<\/td>\n<td style=\"height: 24px;width: 38.2979%\" data-sheets-value=\"{&quot;1&quot;:2,&quot;2&quot;:&quot;angelamartin@g.educaand.es&quot;}\" data-sheets-hyperlink=\"mailto:angelamartin@g.educaand.es\">lromjim940@g.educaand.es<\/td>\n<td style=\"width: 25.1564%;height: 24px\">&nbsp;<\/td>\n<\/tr>\n<tr style=\"height: 24px\">\n<td style=\"height: 24px;width: 36.2954%\" data-sheets-value=\"{&quot;1&quot;:2,&quot;2&quot;:&quot;Mart\u00edn Garc\u00eda, Inmaculada&quot;}\">Rubio Corbacho, Emilio Jes\u00fas<\/td>\n<td style=\"height: 24px;width: 38.2979%\" data-sheets-value=\"{&quot;1&quot;:2,&quot;2&quot;:&quot;inmaculadamartin@g.educaand.es&quot;}\" data-sheets-hyperlink=\"mailto:inmaculadamartin@g.educaand.es\">erubcor418@g.educaand.es<\/td>\n<td style=\"width: 25.1564%;height: 24px\">&nbsp;<\/td>\n<\/tr>\n<tr style=\"height: 24px\">\n<td style=\"height: 24px;width: 36.2954%\" data-sheets-value=\"{&quot;1&quot;:2,&quot;2&quot;:&quot;Maya Rodr\u00edguez, Mar\u00eda Josefa&quot;}\">Maya Rodr\u00edguez, Mar\u00eda Josefa<\/td>\n<td style=\"height: 24px;width: 38.2979%\" data-sheets-value=\"{&quot;1&quot;:2,&quot;2&quot;:&quot;mmayrod001@g.educaand.es&quot;}\" data-sheets-hyperlink=\"mailto:mmayrod001@g.educaand.es\">mmayrod001@g.educaand.es<\/td>\n<td style=\"width: 25.1564%;height: 24px\">&nbsp;<\/td>\n<\/tr>\n<tr style=\"height: 48px\">\n<td style=\"height: 35px;width: 36.2954%\" data-sheets-value=\"{&quot;1&quot;:2,&quot;2&quot;:&quot;Morales Fern\u00e1ndez, Mar\u00eda de los \u00c1ngeles&quot;}\">Morales Fern\u00e1ndez, Mar\u00eda de los \u00c1ngeles<\/td>\n<td style=\"height: 35px;width: 38.2979%\" data-sheets-value=\"{&quot;1&quot;:2,&quot;2&quot;:&quot;mariangeles@g.educaand.es&quot;}\" data-sheets-hyperlink=\"mailto:mariangeles@g.educaand.es\">mmorfer886@g.educaand.es<\/td>\n<td style=\"width: 25.1564%;height: 35px\">&nbsp;<\/td>\n<\/tr>\n<tr style=\"height: 24px\">\n<td style=\"height: 24px;width: 36.2954%\" data-sheets-value=\"{&quot;1&quot;:2,&quot;2&quot;:&quot;Mu\u00f1oz Gonz\u00e1lez, Francisco&quot;}\">S\u00e1nchez Vecino, Ana Mar\u00eda<\/td>\n<td style=\"height: 24px;width: 38.2979%\" data-sheets-value=\"{&quot;1&quot;:2,&quot;2&quot;:&quot;paco@g.educaand.es&quot;}\" data-sheets-hyperlink=\"mailto:paco@g.educaand.es\">asanvec075@g.educaand.es<\/td>\n<td style=\"width: 25.1564%;height: 24px\">&nbsp;<\/td>\n<\/tr>\n<tr style=\"height: 24px\">\n<td style=\"height: 24px;width: 36.2954%\" data-sheets-value=\"{&quot;1&quot;:2,&quot;2&quot;:&quot;N\u00fa\u00f1ez Portillo, Mar\u00eda del Carmen&quot;}\">Monjo Araujo, Juan Antonio<\/td>\n<td style=\"height: 24px;width: 38.2979%\" data-sheets-value=\"{&quot;1&quot;:2,&quot;2&quot;:&quot;maricarmennunez@g.educaand.es&quot;}\" data-sheets-hyperlink=\"mailto:maricarmennunez@g.educaand.es\">jmonara384@g.educaand.es<\/td>\n<td style=\"width: 25.1564%;height: 24px\">&nbsp;<\/td>\n<\/tr>\n<tr style=\"height: 24px\">\n<td style=\"height: 24px;width: 36.2954%\" data-sheets-value=\"{&quot;1&quot;:2,&quot;2&quot;:&quot;Ortiz Cuesta, Ana Mar\u00eda&quot;}\">&nbsp;<\/td>\n<td style=\"height: 24px;width: 38.2979%\" data-sheets-value=\"{&quot;1&quot;:2,&quot;2&quot;:&quot;anaortiz@g.educaand.es&quot;}\" data-sheets-hyperlink=\"mailto:anaortiz@g.educaand.es\">&nbsp;<\/td>\n<td style=\"width: 25.1564%;height: 24px\">&nbsp;<\/td>\n<\/tr>\n<tr style=\"height: 24px\">\n<td style=\"height: 24px;width: 36.2954%\" data-sheets-value=\"{&quot;1&quot;:2,&quot;2&quot;:&quot;Pineda Falc\u00f3n, Josefa&quot;}\">&nbsp;<\/td>\n<td style=\"height: 24px;width: 38.2979%\" data-sheets-value=\"{&quot;1&quot;:2,&quot;2&quot;:&quot;josefina@g.educaand.es&quot;}\" data-sheets-hyperlink=\"mailto:josefina@g.educaand.es\">&nbsp;<\/td>\n<td style=\"width: 25.1564%;height: 24px\">&nbsp;<\/td>\n<\/tr>\n<tr style=\"height: 24px\">\n<td style=\"height: 24px;width: 36.2954%\" data-sheets-value=\"{&quot;1&quot;:2,&quot;2&quot;:&quot;Prada Rold\u00e1n, Francisco Jos\u00e9&quot;}\">&nbsp;<\/td>\n<td style=\"height: 24px;width: 38.2979%\" data-sheets-value=\"{&quot;1&quot;:2,&quot;2&quot;:&quot;franciscoprada@g.educaand.es&quot;}\" data-sheets-hyperlink=\"mailto:franciscoprada@g.educaand.es\">&nbsp;<\/td>\n<td style=\"width: 25.1564%;height: 24px\">&nbsp;<\/td>\n<\/tr>\n<tr style=\"height: 24px\">\n<td style=\"height: 24px;width: 36.2954%\" data-sheets-value=\"{&quot;1&quot;:2,&quot;2&quot;:&quot;Pradas Viegas, Eva Mar\u00eda&quot;}\">Pradas Viegas, Eva Mar\u00eda<\/td>\n<td class=\"text-left cuerpo1Reducido snc-col-7 celdaConEnlaces\" style=\"width: 38.2979%;height: 24px\">\n<div class=\"d-block\"><span class=\"texto-SNC \">epravie100@g.educaand.es<\/span><\/div>\n<\/td>\n<td class=\"text-left cuerpo1Reducido cuerpo1 celdaConEnlaces snc-col-8\" style=\"width: 25.1564%;height: 24px\">\n<div class=\"d-block text-center\">\n<div class=\"form-check-inline single mb-auto\">&nbsp;<\/div>\n<\/div>\n<\/td>\n<\/tr>\n<tr style=\"height: 24px\">\n<td style=\"height: 24px;width: 36.2954%\" data-sheets-value=\"{&quot;1&quot;:2,&quot;2&quot;:&quot;Rold\u00e1n Rodr\u00edguez, Jos\u00e9 Mar\u00eda&quot;}\">&nbsp;<\/td>\n<td style=\"height: 24px;width: 38.2979%\" data-sheets-value=\"{&quot;1&quot;:2,&quot;2&quot;:&quot;josemaria@g.educaand.es&quot;}\" data-sheets-hyperlink=\"mailto:josemaria@g.educaand.es\">&nbsp;<\/td>\n<td style=\"width: 25.1564%;height: 24px\">&nbsp;<\/td>\n<\/tr>\n<tr style=\"height: 24px\">\n<td style=\"height: 24px;width: 36.2954%\" data-sheets-value=\"{&quot;1&quot;:2,&quot;2&quot;:&quot;Ruiz Mart\u00ednez, Antonio Javier&quot;}\">&nbsp;<\/td>\n<td style=\"height: 24px;width: 38.2979%\" data-sheets-value=\"{&quot;1&quot;:2,&quot;2&quot;:&quot;antoniojavier@g.educaand.es&quot;}\" data-sheets-hyperlink=\"mailto:antoniojavier@g.educaand.es\">&nbsp;<\/td>\n<td style=\"width: 25.1564%;height: 24px\">&nbsp;<\/td>\n<\/tr>\n<tr style=\"height: 24px\">\n<td style=\"height: 24px;width: 36.2954%\" data-sheets-value=\"{&quot;1&quot;:2,&quot;2&quot;:&quot;S\u00e1nchez Cueto, Rosa Mar\u00eda&quot;}\">&nbsp;<\/td>\n<td style=\"height: 24px;width: 38.2979%\" data-sheets-value=\"{&quot;1&quot;:2,&quot;2&quot;:&quot;rosamaria@g.educaand.es&quot;}\" data-sheets-hyperlink=\"mailto:rosamaria@g.educaand.es\">&nbsp;<\/td>\n<td style=\"width: 25.1564%;height: 24px\">&nbsp;<\/td>\n<\/tr>\n<tr style=\"height: 24px\">\n<td style=\"height: 24px;width: 36.2954%\" data-sheets-value=\"{&quot;1&quot;:2,&quot;2&quot;:&quot;S\u00e1nchez L\u00f3pez, Adoraci\u00f3n&quot;}\">Santos Bonilla, Mar\u00eda Rosario<\/td>\n<td style=\"height: 24px;width: 38.2979%\" data-sheets-value=\"{&quot;1&quot;:2,&quot;2&quot;:&quot;dori@g.educaand.es&quot;}\" data-sheets-hyperlink=\"mailto:dori@g.educaand.es\">msanbon337@g.educaand.es<\/td>\n<td style=\"width: 25.1564%;height: 24px\">&nbsp;<\/td>\n<\/tr>\n<tr style=\"height: 24px\">\n<td style=\"height: 24px;width: 36.2954%\" data-sheets-value=\"{&quot;1&quot;:2,&quot;2&quot;:&quot;S\u00e1nchez P\u00e9rez, Elena&quot;}\">De Los Santos V\u00e1zquez, Rosario<\/td>\n<td style=\"height: 24px;width: 38.2979%\" data-sheets-value=\"{&quot;1&quot;:2,&quot;2&quot;:&quot;elenasanchez@g.educaand.es&quot;}\" data-sheets-hyperlink=\"mailto:elenasanchez@g.educaand.es\">rlosvaz089@g.educaand.es<\/td>\n<td style=\"width: 25.1564%;height: 24px\">&nbsp;<\/td>\n<\/tr>\n<tr style=\"height: 24px\">\n<td style=\"height: 24px;width: 36.2954%\" data-sheets-value=\"{&quot;1&quot;:2,&quot;2&quot;:&quot;Santos Bonilla, Mar\u00eda Rosario&quot;}\">&nbsp;<\/td>\n<td style=\"height: 24px;width: 38.2979%\" data-sheets-value=\"{&quot;1&quot;:2,&quot;2&quot;:&quot;charo@g.educaand.es&quot;}\" data-sheets-hyperlink=\"mailto:charo@g.educaand.es\">&nbsp;<\/td>\n<td style=\"width: 25.1564%;height: 24px\">&nbsp;<\/td>\n<\/tr>\n<tr style=\"height: 24px\">\n<td style=\"height: 24px;width: 36.2954%\" data-sheets-value=\"{&quot;1&quot;:2,&quot;2&quot;:&quot;V\u00e1zquez Gonz\u00e1lez, Tatiana&quot;}\">&nbsp;<\/td>\n<td style=\"height: 24px;width: 38.2979%\" data-sheets-value=\"{&quot;1&quot;:2,&quot;2&quot;:&quot;tatiana@g.educaand.es&quot;}\" data-sheets-hyperlink=\"mailto:tatiana@g.educaand.es\">&nbsp;<\/td>\n<td style=\"width: 25.1564%;height: 24px\">&nbsp;<\/td>\n<\/tr>\n<tr style=\"height: 24px\">\n<td style=\"height: 24px;width: 36.2954%\" data-sheets-value=\"{&quot;1&quot;:2,&quot;2&quot;:&quot;Vergara P\u00e9rez, Mar\u00eda Carmen&quot;}\">Vergara P\u00e9rez, Mar\u00eda Carmen<\/td>\n<td style=\"height: 24px;width: 38.2979%\" data-sheets-value=\"{&quot;1&quot;:2,&quot;2&quot;:&quot;maricarmenvergara@g.educaand.es&quot;}\" data-sheets-hyperlink=\"mailto:maricarmenvergara@g.educaand.es\">mverper420@g.educaand.es<\/td>\n<td style=\"width: 25.1564%;height: 24px\">&nbsp;<\/td>\n<\/tr>\n<tr style=\"height: 24px\">\n<td style=\"height: 24px;width: 36.2954%\" data-sheets-value=\"{&quot;1&quot;:2,&quot;2&quot;:&quot;Vergara Rodr\u00edguez, Mar\u00eda Irene&quot;}\">Vergara Rodr\u00edguez, Mar\u00eda Irene<\/td>\n<td style=\"height: 24px;width: 38.2979%\" data-sheets-value=\"{&quot;1&quot;:2,&quot;2&quot;:&quot;irene@g.educaand.es&quot;}\" data-sheets-hyperlink=\"mailto:irene@g.educaand.es\">mverrod610@g.educaand.es<\/td>\n<td style=\"width: 25.1564%;height: 24px\">&nbsp;<\/td>\n<\/tr>\n<\/tbody>\n<\/table>\n<table style=\"border-collapse: collapse;width: 100%;height: 48px\">\n<tbody>\n<tr style=\"height: 24px\">\n<td style=\"width: 46.0947%;height: 24px\">&nbsp;<\/td>\n<td class=\"text-left cuerpo2Reducido snc-col-7 celdaConEnlaces\" style=\"width: 52.5444%\">&nbsp;<\/td>\n<td class=\"text-left cuerpo2Reducido cuerpo2 celdaConEnlaces snc-col-8\" style=\"width: 2.95858%\">\n<div class=\"d-block text-center\">\n<div class=\"form-check-inline single mb-auto\">&nbsp;<\/div>\n<\/div>\n<\/td>\n<\/tr>\n<tr style=\"height: 24px\">\n<td style=\"width: 46.0947%;height: 24px\">&nbsp;<\/td>\n<td style=\"width: 52.5444%;height: 24px\">&nbsp;<\/td>\n<td style=\"width: 2.95858%\">&nbsp;<\/td>\n<\/tr>\n<\/tbody>\n<\/table>\n<p><a href=\"https:\/\/blogsaverroes.juntadeandalucia.es\/ceipalcaldeleonrios\/files\/2025\/09\/Maestros.jpg\"><img loading=\"lazy\" decoding=\"async\" class=\"aligncenter size-full wp-image-5316\" src=\"https:\/\/blogsaverroes.juntadeandalucia.es\/ceipalcaldeleonrios\/files\/2025\/09\/Maestros.jpg\" alt=\"\" width=\"1920\" height=\"1440\" srcset=\"https:\/\/blogsaverroes.juntadeandalucia.es\/ceipalcaldeleonrios\/files\/2025\/09\/Maestros.jpg 1920w, https:\/\/blogsaverroes.juntadeandalucia.es\/ceipalcaldeleonrios\/files\/2025\/09\/Maestros-300x225.jpg 300w, https:\/\/blogsaverroes.juntadeandalucia.es\/ceipalcaldeleonrios\/files\/2025\/09\/Maestros-1024x768.jpg 1024w, https:\/\/blogsaverroes.juntadeandalucia.es\/ceipalcaldeleonrios\/files\/2025\/09\/Maestros-768x576.jpg 768w, https:\/\/blogsaverroes.juntadeandalucia.es\/ceipalcaldeleonrios\/files\/2025\/09\/Maestros-1536x1152.jpg 1536w\" sizes=\"(max-width: 1920px) 100vw, 1920px\" \/><\/a><\/p>\n<p>&nbsp;<\/p>\n<p>&nbsp;<\/p>\n","protected":false},"excerpt":{"rendered":"<p>EL CLAUSTRO DE MAESTROS Y MAESTRAS DEL CEIP ALCALDE LE\u00d3N R\u00cdOS PARA EL CURSO 2025\/26 ES&nbsp; EL SIGUIENTE: MAESTROS\/AS EMAIL &nbsp; Anguita Izquierdo, Mar\u00eda Carmen mangizq451@g.educaand.es &nbsp; Ben\u00edtez Algaba, Mar\u00eda Dolores mbenalg473@g.educaand.es &nbsp; Borreguero&#46;&#46;&#46;<\/p>\n","protected":false},"author":11952,"featured_media":0,"parent":35,"menu_order":0,"comment_status":"closed","ping_status":"closed","template":"","meta":{"ngg_post_thumbnail":0,"footnotes":"","_mc_calendar":[]},"aioseo_notices":[],"_links":{"self":[{"href":"https:\/\/blogsaverroes.juntadeandalucia.es\/ceipalcaldeleonrios\/wp-json\/wp\/v2\/pages\/2758"}],"collection":[{"href":"https:\/\/blogsaverroes.juntadeandalucia.es\/ceipalcaldeleonrios\/wp-json\/wp\/v2\/pages"}],"about":[{"href":"https:\/\/blogsaverroes.juntadeandalucia.es\/ceipalcaldeleonrios\/wp-json\/wp\/v2\/types\/page"}],"author":[{"embeddable":true,"href":"https:\/\/blogsaverroes.juntadeandalucia.es\/ceipalcaldeleonrios\/wp-json\/wp\/v2\/users\/11952"}],"replies":[{"embeddable":true,"href":"https:\/\/blogsaverroes.juntadeandalucia.es\/ceipalcaldeleonrios\/wp-json\/wp\/v2\/comments?post=2758"}],"version-history":[{"count":19,"href":"https:\/\/blogsaverroes.juntadeandalucia.es\/ceipalcaldeleonrios\/wp-json\/wp\/v2\/pages\/2758\/revisions"}],"predecessor-version":[{"id":5320,"href":"https:\/\/blogsaverroes.juntadeandalucia.es\/ceipalcaldeleonrios\/wp-json\/wp\/v2\/pages\/2758\/revisions\/5320"}],"up":[{"embeddable":true,"href":"https:\/\/blogsaverroes.juntadeandalucia.es\/ceipalcaldeleonrios\/wp-json\/wp\/v2\/pages\/35"}],"wp:attachment":[{"href":"https:\/\/blogsaverroes.juntadeandalucia.es\/ceipalcaldeleonrios\/wp-json\/wp\/v2\/media?parent=2758"}],"curies":[{"name":"wp","href":"https:\/\/api.w.org\/{rel}","templated":true}]}}