{"id":2797,"date":"2021-10-28T22:32:02","date_gmt":"2021-10-28T22:32:02","guid":{"rendered":"https:\/\/blogsaverroes.juntadeandalucia.es\/ceipalcaldeleonrios\/?page_id=2797"},"modified":"2025-09-17T09:05:09","modified_gmt":"2025-09-17T09:05:09","slug":"creciendo-en-salud","status":"publish","type":"page","link":"https:\/\/blogsaverroes.juntadeandalucia.es\/ceipalcaldeleonrios\/creciendo-en-salud\/","title":{"rendered":"Creciendo en Salud"},"content":{"rendered":"<p>Teniendo en cuenta las expectativas del profesorado que ha participado en las diferentes sesiones formativas de los programas de promoci\u00f3n H\u00e1bitos de Vida Saludable, la normativa vigente en materia de educaci\u00f3n, de salud y de prevenci\u00f3n de drogodependencias y adicciones, y las evidencias que demuestran la eficacia de las acciones de Promoci\u00f3n de la Salud en los centros educativos, se ha configurado el programa educativo&nbsp;<strong>Creciendo en Salud<\/strong>&nbsp;que a continuaci\u00f3n se describe.<\/p>\n<p><a href=\"https:\/\/portals.ced.junta-andalucia.es\/educacion\/portals\/ishare-servlet\/content\/7988a458-609a-473d-8733-c293fd4d1deb\">https:\/\/portals.ced.junta-andalucia.es\/educacion\/portals\/ishare-servlet\/content\/7988a458-609a-473d-8733-c293fd4d1deb<\/a><\/p>\n<p>&nbsp;<\/p>\n<h1><span style=\"color: #ff6600\">PLAN CONSUMO DE FRUTAS.<\/span><\/h1>\n<h1>Colegio: Alcalde Le\u00f3n R\u00edos<\/h1>\n<p><em><strong>COORDINADOR: EMILO RUBIO CORBACHO<\/strong><\/em><\/p>\n<div class=\"contenido\">&nbsp;<\/div>\n<p>&nbsp;<\/p>\n<p><a href=\"https:\/\/7phul.r.a.d.sendibm1.com\/mk\/cl\/f\/3j5PSnvxmypRD64sLAnZga_f30qQjRcpVIJVfTYsAnR4EfiNrGX2YOw8LjO6M7IjDkF0Ab0QqdiIMCbg65Fz4A2d485wqPSYNvuOycowiIfMwyh5PgTuxAzPbGAO4c7nJOR8ATfT9wN_3AryMTy1in1s52zPTter60ttSNIiaY1RZobRguNRsh76YsuT2RF27IozacdroFQsffhHEhA-sJmC2KP5lEu23rjN1pYFAAe9\">https:\/\/7phul.r.a.d.sendibm1.com\/mk\/cl\/f\/3j5PSnvxmypRD64sLAnZga_f30qQjRcpVIJVfTYsAnR4EfiNrGX2YOw8LjO6M7IjDkF0Ab0QqdiIMCbg65Fz4A2d485wqPSYNvuOycowiIfMwyh5PgTuxAzPbGAO4c7nJOR8ATfT9wN_3AryMTy1in1s52zPTter60ttSNIiaY1RZobRguNRsh76YsuT2RF27IozacdroFQsffhHEhA-sJmC2KP5lEu23rjN1pYFAAe9<\/a><\/p>\n<p>&nbsp;<\/p>\n","protected":false},"excerpt":{"rendered":"<p>Teniendo en cuenta las expectativas del profesorado que ha participado en las diferentes sesiones formativas de los programas de promoci\u00f3n H\u00e1bitos de Vida Saludable, la normativa vigente en materia de educaci\u00f3n, de salud y&#46;&#46;&#46;<\/p>\n","protected":false},"author":11952,"featured_media":0,"parent":0,"menu_order":0,"comment_status":"closed","ping_status":"closed","template":"","meta":{"ngg_post_thumbnail":0,"footnotes":"","_mc_calendar":[]},"aioseo_notices":[],"_links":{"self":[{"href":"https:\/\/blogsaverroes.juntadeandalucia.es\/ceipalcaldeleonrios\/wp-json\/wp\/v2\/pages\/2797"}],"collection":[{"href":"https:\/\/blogsaverroes.juntadeandalucia.es\/ceipalcaldeleonrios\/wp-json\/wp\/v2\/pages"}],"about":[{"href":"https:\/\/blogsaverroes.juntadeandalucia.es\/ceipalcaldeleonrios\/wp-json\/wp\/v2\/types\/page"}],"author":[{"embeddable":true,"href":"https:\/\/blogsaverroes.juntadeandalucia.es\/ceipalcaldeleonrios\/wp-json\/wp\/v2\/users\/11952"}],"replies":[{"embeddable":true,"href":"https:\/\/blogsaverroes.juntadeandalucia.es\/ceipalcaldeleonrios\/wp-json\/wp\/v2\/comments?post=2797"}],"version-history":[{"count":9,"href":"https:\/\/blogsaverroes.juntadeandalucia.es\/ceipalcaldeleonrios\/wp-json\/wp\/v2\/pages\/2797\/revisions"}],"predecessor-version":[{"id":5324,"href":"https:\/\/blogsaverroes.juntadeandalucia.es\/ceipalcaldeleonrios\/wp-json\/wp\/v2\/pages\/2797\/revisions\/5324"}],"wp:attachment":[{"href":"https:\/\/blogsaverroes.juntadeandalucia.es\/ceipalcaldeleonrios\/wp-json\/wp\/v2\/media?parent=2797"}],"curies":[{"name":"wp","href":"https:\/\/api.w.org\/{rel}","templated":true}]}}