{"id":2946,"date":"2022-11-02T12:34:51","date_gmt":"2022-11-02T12:34:51","guid":{"rendered":"https:\/\/blogsaverroes.juntadeandalucia.es\/ceipalcaldeleonrios\/contact-us\/"},"modified":"2025-09-16T11:12:55","modified_gmt":"2025-09-16T11:12:55","slug":"contact-us","status":"publish","type":"page","link":"https:\/\/blogsaverroes.juntadeandalucia.es\/ceipalcaldeleonrios\/contact-us\/","title":{"rendered":"PRIMERO"},"content":{"rendered":"<ul>\n<li><strong>1\u00ba A -MAR\u00cdA ISABEL FRANCO RU\u00cdZ, 23 ALUMNOS\/AS<\/strong><\/li>\n<li><strong>1\u00ba B NAR\u00cdA JOS\u00c9 MAYA RODR\u00cdGUEZ, 23 ALUMNOS\/AS<\/strong><\/li>\n<\/ul>\n","protected":false},"excerpt":{"rendered":"<p>1\u00ba A -MAR\u00cdA ISABEL FRANCO RU\u00cdZ, 23 ALUMNOS\/AS 1\u00ba B NAR\u00cdA JOS\u00c9 MAYA RODR\u00cdGUEZ, 23 ALUMNOS\/AS<\/p>\n","protected":false},"author":1,"featured_media":0,"parent":0,"menu_order":0,"comment_status":"closed","ping_status":"closed","template":"","meta":{"ngg_post_thumbnail":0,"footnotes":"","_mc_calendar":[]},"aioseo_notices":[],"_links":{"self":[{"href":"https:\/\/blogsaverroes.juntadeandalucia.es\/ceipalcaldeleonrios\/wp-json\/wp\/v2\/pages\/2946"}],"collection":[{"href":"https:\/\/blogsaverroes.juntadeandalucia.es\/ceipalcaldeleonrios\/wp-json\/wp\/v2\/pages"}],"about":[{"href":"https:\/\/blogsaverroes.juntadeandalucia.es\/ceipalcaldeleonrios\/wp-json\/wp\/v2\/types\/page"}],"author":[{"embeddable":true,"href":"https:\/\/blogsaverroes.juntadeandalucia.es\/ceipalcaldeleonrios\/wp-json\/wp\/v2\/users\/1"}],"replies":[{"embeddable":true,"href":"https:\/\/blogsaverroes.juntadeandalucia.es\/ceipalcaldeleonrios\/wp-json\/wp\/v2\/comments?post=2946"}],"version-history":[{"count":16,"href":"https:\/\/blogsaverroes.juntadeandalucia.es\/ceipalcaldeleonrios\/wp-json\/wp\/v2\/pages\/2946\/revisions"}],"predecessor-version":[{"id":5300,"href":"https:\/\/blogsaverroes.juntadeandalucia.es\/ceipalcaldeleonrios\/wp-json\/wp\/v2\/pages\/2946\/revisions\/5300"}],"wp:attachment":[{"href":"https:\/\/blogsaverroes.juntadeandalucia.es\/ceipalcaldeleonrios\/wp-json\/wp\/v2\/media?parent=2946"}],"curies":[{"name":"wp","href":"https:\/\/api.w.org\/{rel}","templated":true}]}}