{"id":2947,"date":"2022-11-02T12:34:51","date_gmt":"2022-11-02T12:34:51","guid":{"rendered":"https:\/\/blogsaverroes.juntadeandalucia.es\/ceipalcaldeleonrios\/about-us\/"},"modified":"2025-09-17T08:52:09","modified_gmt":"2025-09-17T08:52:09","slug":"about-us","status":"publish","type":"page","link":"https:\/\/blogsaverroes.juntadeandalucia.es\/ceipalcaldeleonrios\/about-us\/","title":{"rendered":"CONSEJO ESCOLAR 2025\/26"},"content":{"rendered":"<p>Este curso 2025\/26, en diciembre se ha renovado el Consejo Escolar de nuestro centro CEIP ALCALDE LE\u00d3N R\u00cdOS.<\/p>\n<p>Los nuevos miembros del Consejo Escolar son:<\/p>\n<ul>\n<li><span style=\"color: #008000\">MARTA M\u00c1RQUEZ ALONSO (DIRECTORA)<\/span><\/li>\n<li><span style=\"color: #008000\">JOS\u00c9 MANUEL JIM\u00c9NEZ CARRI\u00d3N (JEFE DE ESTUDIOS)<\/span><\/li>\n<li><span style=\"color: #008000\">JUAN MONJO ARAUJO (SECRETARIO)<\/span><\/li>\n<li><span style=\"color: #808000\">MAR\u00cdA DOLORES BEN\u00cdTEZ ALGABA (PROFESORADO)<\/span><\/li>\n<li><span style=\"color: #808000\">MAR\u00cdA JOS\u00c9 CALVO MORENO (PROFESORADO)<\/span><\/li>\n<li><span style=\"color: #808000\">MAR\u00cdA ISABEL DOM\u00cdNGUEZ CARRI\u00d3N (PROFESORADO)<\/span><\/li>\n<li><span style=\"color: #808000\">MAR\u00cdA DEL PILAR LAMA S\u00c1NCHEZ (PROFESORADO)<\/span><\/li>\n<li><span style=\"color: #808000\">MAR\u00cdA DEL CARMEN ANGUITA IZQUIERDO (PROFESORADO)<\/span><\/li>\n<li><span style=\"color: #808000\">MAR\u00cdA DE LOS \u00c1NGELES MORALES FERN\u00c1NDEZ (PROFESORADO) <\/span><\/li>\n<li><span style=\"color: #808000\">MAR\u00cdA JOSEFA MAYA RODR\u00cdGUEZ (PROFESORADO)<\/span><\/li>\n<li>Madres\/Padres\/Tutores Capitas Carre\u00f1o, Rosa M\u00aa<br \/>\nMadres\/Padres\/Tutores Gonz\u00e1lez Rodr\u00edguez, Isabel M\u00aa<br \/>\nMadres\/Padres\/Tutores Jim\u00e9nez Bonilla, Teresa<br \/>\nMadres\/Padres\/Tutores Navarro Medina, Elisa<br \/>\nMadres\/Padres\/Tutores Moreno D\u00edaz, Inmaculada<br \/>\nMadres\/Padres\/Tutores S\u00e1nchez Garc\u00eda, Davinia<br \/>\nMadres\/Padres\/Tutores Santos Fern\u00e1ndez, Sandra<br \/>\nMadres\/Padres\/Tutores Vel\u00e1zquez Jim\u00e9nez, Araceli<\/li>\n<li><span style=\"color: #ff00ff\">CRISTINA FALC\u00d3N VARGAS (REPRESENTANTE DEL AMPA)<\/span><\/li>\n<li><span style=\"color: #0000ff\">\u00c1NGELA ROLD\u00c1N BONILLA (CONCEJALA DEL AYUNTAMIENTO)<\/span><\/li>\n<li><span style=\"color: #800080\">IRENE VERGARA RODR\u00cdGUEZ (IMPULSORA MEDIDAS DE IGUALDAD)<\/span><\/li>\n<\/ul>\n","protected":false},"excerpt":{"rendered":"<p>Este curso 2025\/26, en diciembre se ha renovado el Consejo Escolar de nuestro centro CEIP ALCALDE LE\u00d3N R\u00cdOS. Los nuevos miembros del Consejo Escolar son: MARTA M\u00c1RQUEZ ALONSO (DIRECTORA) JOS\u00c9 MANUEL JIM\u00c9NEZ CARRI\u00d3N (JEFE&#46;&#46;&#46;<\/p>\n","protected":false},"author":1,"featured_media":0,"parent":0,"menu_order":0,"comment_status":"closed","ping_status":"closed","template":"","meta":{"ngg_post_thumbnail":0,"footnotes":"","_mc_calendar":[]},"aioseo_notices":[],"_links":{"self":[{"href":"https:\/\/blogsaverroes.juntadeandalucia.es\/ceipalcaldeleonrios\/wp-json\/wp\/v2\/pages\/2947"}],"collection":[{"href":"https:\/\/blogsaverroes.juntadeandalucia.es\/ceipalcaldeleonrios\/wp-json\/wp\/v2\/pages"}],"about":[{"href":"https:\/\/blogsaverroes.juntadeandalucia.es\/ceipalcaldeleonrios\/wp-json\/wp\/v2\/types\/page"}],"author":[{"embeddable":true,"href":"https:\/\/blogsaverroes.juntadeandalucia.es\/ceipalcaldeleonrios\/wp-json\/wp\/v2\/users\/1"}],"replies":[{"embeddable":true,"href":"https:\/\/blogsaverroes.juntadeandalucia.es\/ceipalcaldeleonrios\/wp-json\/wp\/v2\/comments?post=2947"}],"version-history":[{"count":8,"href":"https:\/\/blogsaverroes.juntadeandalucia.es\/ceipalcaldeleonrios\/wp-json\/wp\/v2\/pages\/2947\/revisions"}],"predecessor-version":[{"id":5319,"href":"https:\/\/blogsaverroes.juntadeandalucia.es\/ceipalcaldeleonrios\/wp-json\/wp\/v2\/pages\/2947\/revisions\/5319"}],"wp:attachment":[{"href":"https:\/\/blogsaverroes.juntadeandalucia.es\/ceipalcaldeleonrios\/wp-json\/wp\/v2\/media?parent=2947"}],"curies":[{"name":"wp","href":"https:\/\/api.w.org\/{rel}","templated":true}]}}