{"id":330,"date":"2015-03-18T07:11:43","date_gmt":"2015-03-18T07:11:43","guid":{"rendered":"http:\/\/blogsaverroes.juntadeandalucia.es\/pre\/ceip\/?page_id=330"},"modified":"2025-09-16T11:26:41","modified_gmt":"2025-09-16T11:26:41","slug":"bibliop","status":"publish","type":"page","link":"https:\/\/blogsaverroes.juntadeandalucia.es\/ceipalcaldeleonrios\/biblioteca\/bibliop\/","title":{"rendered":"BIBLIOTECA ESCOLAR 2025\/26"},"content":{"rendered":"<p>&nbsp;<\/p>\n<p>La <span style=\"color: #ff6600\"><em><strong>BIBLIOTECA<\/strong><\/em><\/span> del cole CEIP ALCALDE LE\u00d3N R\u00cdOS se actualiz\u00f3 en el curso 2021\/22 con la ayuda de todo el profesorado del centro.<\/p>\n<p>Se organiz\u00f3 por ciclo y niveles, para ayudar a que la elecci\u00f3n de los libros sea m\u00e1s \u00e1gil y ayude al alumno\/a a&nbsp; motivarse.&nbsp;<\/p>\n<p>Adem\u00e1s ayudados de las nuevas tecnolog\u00eda, se cre\u00f3 en S\u00e9neca una base de datos, d\u00f3nde quedan registrados los pr\u00e9stamos de los libros de esta biblioteca, a trav\u00e9s del lector de eduscan, que nos ayuda a registrar los pr\u00e9stamos de los alumnos\/as en dicha base de datos.<\/p>\n<p>Para este nuevo curso acad\u00e9mico 2025\/26, se seguir\u00e1 actualizando y creando actividades motivadoras, para que el alumno\/a contin\u00fae disfrutando con el maravilloso mundo de la lectura.<\/p>\n<p><em><strong>Coordinador: JOS\u00c9 MANUEL JIM\u00c9NEZ CARRI\u00d3N, con la inestimable ayuda de MARTA M\u00c1RQUEZ ALONSO.<\/strong><\/em><\/p>\n<p><a href=\"https:\/\/blogsaverroes.juntadeandalucia.es\/ceipalcaldeleonrios\/files\/2022\/11\/thumbnail_image2.jpg\"><img loading=\"lazy\" decoding=\"async\" class=\"alignnone wp-image-2992\" src=\"https:\/\/blogsaverroes.juntadeandalucia.es\/ceipalcaldeleonrios\/files\/2022\/11\/thumbnail_image2.jpg\" alt=\"\" width=\"423\" height=\"564\" srcset=\"https:\/\/blogsaverroes.juntadeandalucia.es\/ceipalcaldeleonrios\/files\/2022\/11\/thumbnail_image2.jpg 960w, https:\/\/blogsaverroes.juntadeandalucia.es\/ceipalcaldeleonrios\/files\/2022\/11\/thumbnail_image2-225x300.jpg 225w, https:\/\/blogsaverroes.juntadeandalucia.es\/ceipalcaldeleonrios\/files\/2022\/11\/thumbnail_image2-768x1024.jpg 768w\" sizes=\"(max-width: 423px) 100vw, 423px\" \/><\/a> <a href=\"https:\/\/blogsaverroes.juntadeandalucia.es\/ceipalcaldeleonrios\/files\/2022\/11\/thumbnail_image0.jpg\"><img loading=\"lazy\" decoding=\"async\" class=\"alignnone wp-image-2990\" src=\"https:\/\/blogsaverroes.juntadeandalucia.es\/ceipalcaldeleonrios\/files\/2022\/11\/thumbnail_image0.jpg\" alt=\"\" width=\"411\" height=\"309\" srcset=\"https:\/\/blogsaverroes.juntadeandalucia.es\/ceipalcaldeleonrios\/files\/2022\/11\/thumbnail_image0.jpg 1280w, https:\/\/blogsaverroes.juntadeandalucia.es\/ceipalcaldeleonrios\/files\/2022\/11\/thumbnail_image0-300x225.jpg 300w, https:\/\/blogsaverroes.juntadeandalucia.es\/ceipalcaldeleonrios\/files\/2022\/11\/thumbnail_image0-1024x768.jpg 1024w, https:\/\/blogsaverroes.juntadeandalucia.es\/ceipalcaldeleonrios\/files\/2022\/11\/thumbnail_image0-768x576.jpg 768w\" sizes=\"(max-width: 411px) 100vw, 411px\" \/><\/a><a href=\"https:\/\/blogsaverroes.juntadeandalucia.es\/ceipalcaldeleonrios\/files\/2022\/11\/thumbnail_image1.jpg\"><img loading=\"lazy\" decoding=\"async\" class=\"wp-image-2991 aligncenter\" src=\"https:\/\/blogsaverroes.juntadeandalucia.es\/ceipalcaldeleonrios\/files\/2022\/11\/thumbnail_image1.jpg\" alt=\"\" width=\"400\" height=\"300\" srcset=\"https:\/\/blogsaverroes.juntadeandalucia.es\/ceipalcaldeleonrios\/files\/2022\/11\/thumbnail_image1.jpg 1280w, https:\/\/blogsaverroes.juntadeandalucia.es\/ceipalcaldeleonrios\/files\/2022\/11\/thumbnail_image1-300x225.jpg 300w, https:\/\/blogsaverroes.juntadeandalucia.es\/ceipalcaldeleonrios\/files\/2022\/11\/thumbnail_image1-1024x768.jpg 1024w, https:\/\/blogsaverroes.juntadeandalucia.es\/ceipalcaldeleonrios\/files\/2022\/11\/thumbnail_image1-768x576.jpg 768w\" sizes=\"(max-width: 400px) 100vw, 400px\" \/><\/a><\/p>\n<p>&nbsp;<\/p>\n<p>&nbsp;<\/p>\n","protected":false},"excerpt":{"rendered":"<p>&nbsp; La BIBLIOTECA del cole CEIP ALCALDE LE\u00d3N R\u00cdOS se actualiz\u00f3 en el curso 2021\/22 con la ayuda de todo el profesorado del centro. Se organiz\u00f3 por ciclo y niveles, para ayudar a que&#46;&#46;&#46;<\/p>\n","protected":false},"author":1,"featured_media":0,"parent":113,"menu_order":0,"comment_status":"closed","ping_status":"open","template":"","meta":{"ngg_post_thumbnail":0,"footnotes":"","_mc_calendar":[]},"aioseo_notices":[],"_links":{"self":[{"href":"https:\/\/blogsaverroes.juntadeandalucia.es\/ceipalcaldeleonrios\/wp-json\/wp\/v2\/pages\/330"}],"collection":[{"href":"https:\/\/blogsaverroes.juntadeandalucia.es\/ceipalcaldeleonrios\/wp-json\/wp\/v2\/pages"}],"about":[{"href":"https:\/\/blogsaverroes.juntadeandalucia.es\/ceipalcaldeleonrios\/wp-json\/wp\/v2\/types\/page"}],"author":[{"embeddable":true,"href":"https:\/\/blogsaverroes.juntadeandalucia.es\/ceipalcaldeleonrios\/wp-json\/wp\/v2\/users\/1"}],"replies":[{"embeddable":true,"href":"https:\/\/blogsaverroes.juntadeandalucia.es\/ceipalcaldeleonrios\/wp-json\/wp\/v2\/comments?post=330"}],"version-history":[{"count":14,"href":"https:\/\/blogsaverroes.juntadeandalucia.es\/ceipalcaldeleonrios\/wp-json\/wp\/v2\/pages\/330\/revisions"}],"predecessor-version":[{"id":5307,"href":"https:\/\/blogsaverroes.juntadeandalucia.es\/ceipalcaldeleonrios\/wp-json\/wp\/v2\/pages\/330\/revisions\/5307"}],"up":[{"embeddable":true,"href":"https:\/\/blogsaverroes.juntadeandalucia.es\/ceipalcaldeleonrios\/wp-json\/wp\/v2\/pages\/113"}],"wp:attachment":[{"href":"https:\/\/blogsaverroes.juntadeandalucia.es\/ceipalcaldeleonrios\/wp-json\/wp\/v2\/media?parent=330"}],"curies":[{"name":"wp","href":"https:\/\/api.w.org\/{rel}","templated":true}]}}