{"id":42,"date":"2015-03-13T08:40:47","date_gmt":"2015-03-13T08:40:47","guid":{"rendered":"http:\/\/blogsaverroes.juntadeandalucia.es\/pre\/ceip\/?page_id=42"},"modified":"2025-09-16T11:34:33","modified_gmt":"2025-09-16T11:34:33","slug":"equipo-directivo","status":"publish","type":"page","link":"https:\/\/blogsaverroes.juntadeandalucia.es\/ceipalcaldeleonrios\/equipo-directivo\/","title":{"rendered":"Equipo directivo 2025\/26"},"content":{"rendered":"<p style=\"text-align: center\"><em><strong><span style=\"color: #333399\">DATOS DEL EQUIPO DIRECTIVO CURSO 2025\/26<\/span><\/strong><\/em><\/p>\n<p><em><strong>Direcci\u00f3n: Marta M\u00e1rquez Alonso<\/strong><\/em><\/p>\n<p><span style=\"font-weight: 400\">Correo: mmaralo274@g.educaand.es<a href=\"https:\/\/blogsaverroes.juntadeandalucia.es\/ceipalcaldeleonrios\/files\/2025\/09\/Equipo.jpg\"><img loading=\"lazy\" decoding=\"async\" class=\"wp-image-5310 alignright\" src=\"https:\/\/blogsaverroes.juntadeandalucia.es\/ceipalcaldeleonrios\/files\/2025\/09\/Equipo.jpg\" alt=\"\" width=\"354\" height=\"472\" srcset=\"https:\/\/blogsaverroes.juntadeandalucia.es\/ceipalcaldeleonrios\/files\/2025\/09\/Equipo.jpg 1200w, https:\/\/blogsaverroes.juntadeandalucia.es\/ceipalcaldeleonrios\/files\/2025\/09\/Equipo-225x300.jpg 225w, https:\/\/blogsaverroes.juntadeandalucia.es\/ceipalcaldeleonrios\/files\/2025\/09\/Equipo-768x1024.jpg 768w, https:\/\/blogsaverroes.juntadeandalucia.es\/ceipalcaldeleonrios\/files\/2025\/09\/Equipo-1152x1536.jpg 1152w, https:\/\/blogsaverroes.juntadeandalucia.es\/ceipalcaldeleonrios\/files\/2025\/09\/Equipo-1536x2048.jpg 1536w\" sizes=\"(max-width: 354px) 100vw, 354px\" \/><\/a><\/span><\/p>\n<p><em><strong>Jefatura de estudios: Jos\u00e9 Manuel Jim\u00e9nez Carri\u00f3n<\/strong><\/em><\/p>\n<p>Correo: jjimcar666@g.educaand.es<\/p>\n<p><em><b>Secretar\u00eda: Juan Monjo Araujo<\/b><\/em><\/p>\n<p>Correo: jmonara384@g.educaand.es<\/p>\n<p>&nbsp;<\/p>\n<p>&nbsp;<\/p>\n","protected":false},"excerpt":{"rendered":"<p>DATOS DEL EQUIPO DIRECTIVO CURSO 2025\/26 Direcci\u00f3n: Marta M\u00e1rquez Alonso Correo: mmaralo274@g.educaand.es Jefatura de estudios: Jos\u00e9 Manuel Jim\u00e9nez Carri\u00f3n Correo: jjimcar666@g.educaand.es Secretar\u00eda: Juan Monjo Araujo Correo: jmonara384@g.educaand.es &nbsp; &nbsp;<\/p>\n","protected":false},"author":1,"featured_media":0,"parent":0,"menu_order":0,"comment_status":"closed","ping_status":"open","template":"","meta":{"ngg_post_thumbnail":0,"footnotes":"","_mc_calendar":[]},"aioseo_notices":[],"_links":{"self":[{"href":"https:\/\/blogsaverroes.juntadeandalucia.es\/ceipalcaldeleonrios\/wp-json\/wp\/v2\/pages\/42"}],"collection":[{"href":"https:\/\/blogsaverroes.juntadeandalucia.es\/ceipalcaldeleonrios\/wp-json\/wp\/v2\/pages"}],"about":[{"href":"https:\/\/blogsaverroes.juntadeandalucia.es\/ceipalcaldeleonrios\/wp-json\/wp\/v2\/types\/page"}],"author":[{"embeddable":true,"href":"https:\/\/blogsaverroes.juntadeandalucia.es\/ceipalcaldeleonrios\/wp-json\/wp\/v2\/users\/1"}],"replies":[{"embeddable":true,"href":"https:\/\/blogsaverroes.juntadeandalucia.es\/ceipalcaldeleonrios\/wp-json\/wp\/v2\/comments?post=42"}],"version-history":[{"count":16,"href":"https:\/\/blogsaverroes.juntadeandalucia.es\/ceipalcaldeleonrios\/wp-json\/wp\/v2\/pages\/42\/revisions"}],"predecessor-version":[{"id":5311,"href":"https:\/\/blogsaverroes.juntadeandalucia.es\/ceipalcaldeleonrios\/wp-json\/wp\/v2\/pages\/42\/revisions\/5311"}],"wp:attachment":[{"href":"https:\/\/blogsaverroes.juntadeandalucia.es\/ceipalcaldeleonrios\/wp-json\/wp\/v2\/media?parent=42"}],"curies":[{"name":"wp","href":"https:\/\/api.w.org\/{rel}","templated":true}]}}