{"id":436,"date":"2015-03-20T07:08:17","date_gmt":"2015-03-20T07:08:17","guid":{"rendered":"http:\/\/blogsaverroes.juntadeandalucia.es\/pre\/ceip\/?page_id=436"},"modified":"2022-11-04T12:23:31","modified_gmt":"2022-11-04T12:23:31","slug":"ed-primaria-3o-ciclo","status":"publish","type":"page","link":"https:\/\/blogsaverroes.juntadeandalucia.es\/ceipalcaldeleonrios\/ed-primaria-3o-ciclo\/","title":{"rendered":"Ed. Primaria. 3\u00ba ciclo"},"content":{"rendered":"<p>En el Primer ciclo de Educaci\u00f3n Primaria del CEIP ALCALDE LE\u00d3N R\u00cdOS, este nuevo curso acad\u00e9mico 2022\/23 disponemos de:<\/p>\n<ul>\n<li>3 l\u00edneas en el nivel de quinto.<\/li>\n<li>4 l\u00edneas en el nivel de sexto.<\/li>\n<\/ul>\n<p>&nbsp;<\/p>\n","protected":false},"excerpt":{"rendered":"<p>En el Primer ciclo de Educaci\u00f3n Primaria del CEIP ALCALDE LE\u00d3N R\u00cdOS, este nuevo curso acad\u00e9mico 2022\/23 disponemos de: 3 l\u00edneas en el nivel de quinto. 4 l\u00edneas en el nivel de sexto. &nbsp;<\/p>\n","protected":false},"author":1,"featured_media":0,"parent":0,"menu_order":0,"comment_status":"closed","ping_status":"open","template":"page-sc.php","meta":{"ngg_post_thumbnail":0,"footnotes":"","_mc_calendar":[]},"aioseo_notices":[],"_links":{"self":[{"href":"https:\/\/blogsaverroes.juntadeandalucia.es\/ceipalcaldeleonrios\/wp-json\/wp\/v2\/pages\/436"}],"collection":[{"href":"https:\/\/blogsaverroes.juntadeandalucia.es\/ceipalcaldeleonrios\/wp-json\/wp\/v2\/pages"}],"about":[{"href":"https:\/\/blogsaverroes.juntadeandalucia.es\/ceipalcaldeleonrios\/wp-json\/wp\/v2\/types\/page"}],"author":[{"embeddable":true,"href":"https:\/\/blogsaverroes.juntadeandalucia.es\/ceipalcaldeleonrios\/wp-json\/wp\/v2\/users\/1"}],"replies":[{"embeddable":true,"href":"https:\/\/blogsaverroes.juntadeandalucia.es\/ceipalcaldeleonrios\/wp-json\/wp\/v2\/comments?post=436"}],"version-history":[{"count":6,"href":"https:\/\/blogsaverroes.juntadeandalucia.es\/ceipalcaldeleonrios\/wp-json\/wp\/v2\/pages\/436\/revisions"}],"predecessor-version":[{"id":2988,"href":"https:\/\/blogsaverroes.juntadeandalucia.es\/ceipalcaldeleonrios\/wp-json\/wp\/v2\/pages\/436\/revisions\/2988"}],"wp:attachment":[{"href":"https:\/\/blogsaverroes.juntadeandalucia.es\/ceipalcaldeleonrios\/wp-json\/wp\/v2\/media?parent=436"}],"curies":[{"name":"wp","href":"https:\/\/api.w.org\/{rel}","templated":true}]}}